{"id":22669,"date":"2023-04-20T13:57:00","date_gmt":"2023-04-20T11:57:00","guid":{"rendered":"https:\/\/wateryou.eu\/product\/filter-hose-extra-strong-20-mm-filterpumpenschlauch-pro-meter\/"},"modified":"2025-07-07T15:14:52","modified_gmt":"2025-07-07T13:14:52","slug":"filter-hose-extra-strong-20-mm-filterpumpenschlauch-pro-meter","status":"publish","type":"product","link":"https:\/\/wateryou.eu\/de\/produkt\/filter-hose-extra-strong-20-mm-filterpumpenschlauch-pro-meter\/","title":{"rendered":"Filter Hose extra strong 20 mm &#8211; Filterpumpenschlauch pro Meter"},"content":{"rendered":"<p>Unser ungewellter Filterschlauch ist die perfekte L\u00f6sung f\u00fcr jede Filter-\/Pumpenkombination. Erh\u00e4ltlich in f\u00fcnf verschiedenen Durchmessern \u2013 20, 25, 32, 40 und 50 mm \u2013 gibt es f\u00fcr jeden Bedarf einen Schlauch. Der Filterschlauch besteht aus langlebigem PVC-Material, ist UV-best\u00e4ndig und resistent gegen Schimmel. Mit einer langen Lebensdauer von \u00fcber 10 Jahren ist es die perfekte L\u00f6sung f\u00fcr alle Ihre Wasserfilteranforderungen. Der Schlauch ist au\u00dferdem frei von Chemikalien und somit unbedenklich f\u00fcr Ihre Gesundheit. Dank der verst\u00e4rkten W\u00e4nde ist der Schlauch auch gegen hohen Druck best\u00e4ndig. Entscheiden Sie sich noch heute f\u00fcr unseren ungewellten Filterschlauch und profitieren Sie von einer zuverl\u00e4ssigen, sicheren und umweltfreundlichen L\u00f6sung.<\/p>\n","protected":false},"excerpt":{"rendered":"<p><strong>Achtung! Die Produktmenge entspricht der Meterzahl. Eine einzelne Rolle ist bis zu 50 Meter lang. Wenn Sie beispielsweise 9 Meter ben\u00f6tigen, w\u00e4hlen Sie eine Menge von 9 und legen Sie das Produkt in den Warenkorb! Preis gilt pro Meter und wird auf Ma\u00df zugeschnitten.    <\/strong><\/p>\n","protected":false},"featured_media":22250,"comment_status":"closed","ping_status":"closed","template":"","meta":{"_acf_changed":false,"_seopress_robots_primary_cat":"none","_seopress_titles_title":"","_seopress_titles_desc":"Unser ungewellter Filterschlauch ist ideal f\u00fcr jede Filter-\/Pumpenkombination. Erh\u00e4ltlich in f\u00fcnf Durchmessern \u2013 20, 25, 32, 40 und 50 mm \u2013 um all Ihren Anforderungen gerecht zu werden. Hergestellt aus strapazierf\u00e4higem PVC, UV-best\u00e4ndig und schimmelresistent, mit einer Lebensdauer von \u00fcber 10 Jahren. Frei von Chemikalien und sicher f\u00fcr Ihre Gesundheit. Verst\u00e4rkte W\u00e4nde f\u00fcr hohen Druck. Entscheiden Sie sich noch heute f\u00fcr unseren Filterschlauch und profitieren Sie von einer zuverl\u00e4ssigen, sicheren und umweltfreundlichen L\u00f6sung.     ","_seopress_robots_index":""},"product_brand":[],"product_cat":[1137,1120],"product_tag":[1541],"class_list":{"0":"post-22669","1":"product","2":"type-product","3":"status-publish","4":"has-post-thumbnail","6":"product_cat-filter-materialien","7":"product_cat-nicht-kategorisiert","8":"product_tag-pro-meter","9":"product_shipping_class-nl-standard-de","10":"pa_diameter-20-mm-de","11":"pa_geschikt-voor-pro-meter","12":"yith_product_brand-vt-de-2","13":"entry","14":"has-media","16":"first","17":"instock","18":"taxable","19":"shipping-taxable","20":"purchasable","21":"product-type-simple","22":"col","23":"span_1_of_4","24":"wvn-content-left","25":"wvn-thumbs-layout-vertical","26":"wvn-btn-normal","27":"wvn-tabs-layout-vertical"},"acf":[],"_links":{"self":[{"href":"https:\/\/wateryou.eu\/de\/wp-json\/wp\/v2\/product\/22669","targetHints":{"allow":["GET"]}}],"collection":[{"href":"https:\/\/wateryou.eu\/de\/wp-json\/wp\/v2\/product"}],"about":[{"href":"https:\/\/wateryou.eu\/de\/wp-json\/wp\/v2\/types\/product"}],"replies":[{"embeddable":true,"href":"https:\/\/wateryou.eu\/de\/wp-json\/wp\/v2\/comments?post=22669"}],"wp:featuredmedia":[{"embeddable":true,"href":"https:\/\/wateryou.eu\/de\/wp-json\/wp\/v2\/media\/22250"}],"wp:attachment":[{"href":"https:\/\/wateryou.eu\/de\/wp-json\/wp\/v2\/media?parent=22669"}],"wp:term":[{"taxonomy":"product_brand","embeddable":true,"href":"https:\/\/wateryou.eu\/de\/wp-json\/wp\/v2\/product_brand?post=22669"},{"taxonomy":"product_cat","embeddable":true,"href":"https:\/\/wateryou.eu\/de\/wp-json\/wp\/v2\/product_cat?post=22669"},{"taxonomy":"product_tag","embeddable":true,"href":"https:\/\/wateryou.eu\/de\/wp-json\/wp\/v2\/product_tag?post=22669"}],"curies":[{"name":"wp","href":"https:\/\/api.w.org\/{rel}","templated":true}]}}