{"id":22668,"date":"2023-04-20T13:56:51","date_gmt":"2023-04-20T11:56:51","guid":{"rendered":"https:\/\/wateryou.eu\/product\/growth-balls-pflanzennahrungsdunger\/"},"modified":"2026-04-05T18:22:46","modified_gmt":"2026-04-05T16:22:46","slug":"growth-balls-pflanzennahrungsdunger","status":"publish","type":"product","link":"https:\/\/wateryou.eu\/de\/produkt\/growth-balls-pflanzennahrungsdunger\/","title":{"rendered":"Growth Balls &#8211; Pflanzennahrungsd\u00fcnger"},"content":{"rendered":"<p>Velda Wachstumszwiebeln eignen sich perfekt zur lokalen D\u00fcngung von Seerosen und Sumpfpflanzen. Dieses Paket enth\u00e4lt 50 Wachstumszwiebeln, die N\u00e4hrstoffe, Spurenelemente und Mineralien direkt an die Pflanzenwurzeln abgeben und so f\u00fcr ein gesundes und \u00fcppiges Wachstum sorgen. Mit diesem Paket k\u00f6nnen Sie 0,5 m2 Erdoberfl\u00e4che oder 2 Pflanzk\u00f6rbe d\u00fcngen. Je nach Wachstum der Pflanzen k\u00f6nnen Sie von M\u00e4rz bis August alle 6-8 Wochen d\u00fcngen. Mit den Velda Growth Bulbs versorgen Sie Ihre Pflanzen optimal mit den richtigen N\u00e4hrstoffen, Spurenelementen und Mineralien, damit sie gesund und kr\u00e4ftig wachsen.    <\/p>\n","protected":false},"excerpt":{"rendered":"<p>zur lokalen D\u00fcngung von Teichpflanzen<\/p>\n","protected":false},"featured_media":21617,"comment_status":"closed","ping_status":"closed","template":"","meta":{"_acf_changed":false,"_seopress_robots_primary_cat":"none","_seopress_titles_title":"","_seopress_titles_desc":"","_seopress_robots_index":""},"product_brand":[],"product_cat":[1228],"product_tag":[1261],"class_list":{"0":"post-22668","1":"product","2":"type-product","3":"status-publish","4":"has-post-thumbnail","6":"product_cat-pflanzenernahrung","7":"product_tag-5-m-de","8":"product_shipping_class-nl-standard-de","9":"pa_formaat-185-g-de","10":"pa_geschikt-voor-fur-05-m","11":"yith_product_brand-velda-de","12":"entry","13":"has-media","15":"first","16":"instock","17":"taxable","18":"shipping-taxable","19":"purchasable","20":"product-type-simple","21":"col","22":"span_1_of_4","23":"wvn-content-left","24":"wvn-thumbs-layout-vertical","25":"wvn-btn-normal","26":"wvn-tabs-layout-vertical"},"acf":[],"_links":{"self":[{"href":"https:\/\/wateryou.eu\/de\/wp-json\/wp\/v2\/product\/22668","targetHints":{"allow":["GET"]}}],"collection":[{"href":"https:\/\/wateryou.eu\/de\/wp-json\/wp\/v2\/product"}],"about":[{"href":"https:\/\/wateryou.eu\/de\/wp-json\/wp\/v2\/types\/product"}],"replies":[{"embeddable":true,"href":"https:\/\/wateryou.eu\/de\/wp-json\/wp\/v2\/comments?post=22668"}],"wp:featuredmedia":[{"embeddable":true,"href":"https:\/\/wateryou.eu\/de\/wp-json\/wp\/v2\/media\/21617"}],"wp:attachment":[{"href":"https:\/\/wateryou.eu\/de\/wp-json\/wp\/v2\/media?parent=22668"}],"wp:term":[{"taxonomy":"product_brand","embeddable":true,"href":"https:\/\/wateryou.eu\/de\/wp-json\/wp\/v2\/product_brand?post=22668"},{"taxonomy":"product_cat","embeddable":true,"href":"https:\/\/wateryou.eu\/de\/wp-json\/wp\/v2\/product_cat?post=22668"},{"taxonomy":"product_tag","embeddable":true,"href":"https:\/\/wateryou.eu\/de\/wp-json\/wp\/v2\/product_tag?post=22668"}],"curies":[{"name":"wp","href":"https:\/\/api.w.org\/{rel}","templated":true}]}}