{"id":22667,"date":"2023-04-20T13:57:07","date_gmt":"2023-04-20T11:57:07","guid":{"rendered":"https:\/\/wateryou.eu\/product\/filter-hose-32-mm-filterpumpenschlauch-pro-meter\/"},"modified":"2025-07-07T15:04:52","modified_gmt":"2025-07-07T13:04:52","slug":"filter-hose-32-mm-filterpumpenschlauch-pro-meter","status":"publish","type":"product","link":"https:\/\/wateryou.eu\/de\/produkt\/filter-hose-32-mm-filterpumpenschlauch-pro-meter\/","title":{"rendered":"Filter Hose 32 mm &#8211; Filterpumpenschlauch pro Meter"},"content":{"rendered":"<p>Dieser starke, universelle schwarze Filterschlauch ist die perfekte L\u00f6sung f\u00fcr alle Filter- und Pumpenkombinationen. Der Filterschlauch besteht aus hochwertigem Kunststoff und ist in 5 verschiedenen Durchmessern erh\u00e4ltlich: 20, 25, 32, 40 und 50 mm. Dar\u00fcber hinaus l\u00e4sst sich der Filterschlauch mit handels\u00fcblichem PVC-Kleber leicht k\u00fcrzen oder verl\u00e4ngern. Dieser Filterschlauch ist best\u00e4ndig gegen zahlreiche Chemikalien, wie beispielsweise Chlor und Salz. Es ist best\u00e4ndig gegen hohen Druck, hohe Temperaturen und UV-Strahlung. Dieser Filterschlauch ist ideal f\u00fcr alle Arten von Filtern und Pumpen und bietet eine zuverl\u00e4ssige L\u00f6sung f\u00fcr ein breites Spektrum an Wasseraufbereitungsanforderungen.     <\/p>\n","protected":false},"excerpt":{"rendered":"<p><strong>Achtung! Die Produktmenge entspricht der Meterzahl. Eine einzelne Rolle ist bis zu 50 Meter lang. Wenn Sie beispielsweise 9 Meter ben\u00f6tigen, w\u00e4hlen Sie eine Menge von 9 und legen Sie das Produkt in den Warenkorb! Preis gilt pro Meter und wird auf Ma\u00df zugeschnitten.    <\/strong><\/p>\n","protected":false},"featured_media":22255,"comment_status":"closed","ping_status":"closed","template":"","meta":{"_acf_changed":false,"_seopress_robots_primary_cat":"none","_seopress_titles_title":"","_seopress_titles_desc":"Unser starker universeller schwarzer Filterschlauch bietet die perfekte L\u00f6sung f\u00fcr alle Filter- und Pumpenkombinationen. Aus hochwertigem Kunststoff gefertigt und in verschiedenen Durchmessern erh\u00e4ltlich. Mit handels\u00fcblichem PVC-Kleber leicht zu schneiden oder zu verl\u00e4ngern. Best\u00e4ndig gegen Chemikalien, Druck, Temperatur und UV-Strahlung. Ideal f\u00fcr verschiedene Wasseraufbereitungsanforderungen.    ","_seopress_robots_index":""},"product_brand":[],"product_cat":[1137],"product_tag":[1541],"class_list":{"0":"post-22667","1":"product","2":"type-product","3":"status-publish","4":"has-post-thumbnail","6":"product_cat-filter-materialien","7":"product_tag-pro-meter","8":"product_shipping_class-nl-standard-de","9":"pa_diameter-32-mm-de","10":"pa_geschikt-voor-pro-meter","11":"yith_product_brand-vt-de-2","12":"entry","13":"has-media","15":"first","16":"instock","17":"taxable","18":"shipping-taxable","19":"purchasable","20":"product-type-simple","21":"col","22":"span_1_of_4","23":"wvn-content-left","24":"wvn-thumbs-layout-vertical","25":"wvn-btn-normal","26":"wvn-tabs-layout-vertical"},"acf":[],"_links":{"self":[{"href":"https:\/\/wateryou.eu\/de\/wp-json\/wp\/v2\/product\/22667","targetHints":{"allow":["GET"]}}],"collection":[{"href":"https:\/\/wateryou.eu\/de\/wp-json\/wp\/v2\/product"}],"about":[{"href":"https:\/\/wateryou.eu\/de\/wp-json\/wp\/v2\/types\/product"}],"replies":[{"embeddable":true,"href":"https:\/\/wateryou.eu\/de\/wp-json\/wp\/v2\/comments?post=22667"}],"wp:featuredmedia":[{"embeddable":true,"href":"https:\/\/wateryou.eu\/de\/wp-json\/wp\/v2\/media\/22255"}],"wp:attachment":[{"href":"https:\/\/wateryou.eu\/de\/wp-json\/wp\/v2\/media?parent=22667"}],"wp:term":[{"taxonomy":"product_brand","embeddable":true,"href":"https:\/\/wateryou.eu\/de\/wp-json\/wp\/v2\/product_brand?post=22667"},{"taxonomy":"product_cat","embeddable":true,"href":"https:\/\/wateryou.eu\/de\/wp-json\/wp\/v2\/product_cat?post=22667"},{"taxonomy":"product_tag","embeddable":true,"href":"https:\/\/wateryou.eu\/de\/wp-json\/wp\/v2\/product_tag?post=22667"}],"curies":[{"name":"wp","href":"https:\/\/api.w.org\/{rel}","templated":true}]}}