{"id":22666,"date":"2023-09-07T16:04:57","date_gmt":"2023-09-07T14:04:57","guid":{"rendered":"https:\/\/wateryou.eu\/product\/vt-teichpflegeset-basic-klein\/"},"modified":"2023-09-07T16:04:57","modified_gmt":"2023-09-07T14:04:57","slug":"vt-teichpflegeset-basic-klein","status":"publish","type":"product","link":"https:\/\/wateryou.eu\/de\/produkt\/vt-teichpflegeset-basic-klein\/","title":{"rendered":"VT &#8211; Teichpflegeset Basic klein"},"content":{"rendered":"<p>Teichpflegeset Basic bestehend aus:<\/p>\n<ul>\n<li>VT Pond Net Daphnia 25 cm<\/li>\n<li>VT Teichschere 1,26 m<\/li>\n<li>VT Teichzange 1,26 m<\/li>\n<\/ul>\n<p>Nat\u00fcrliche Sch\u00f6nheit und Ruhe treffen auf m\u00fchelose Pflege mit unserem \u201eTeichpflegeset Basic Small\u201c. Dieses praktische Set kombiniert drei unserer hochwertigen VT-Teichwerkzeuge, um Ihren Teich problemlos in Topzustand zu halten. Egal, ob Sie ein erfahrener Teichliebhaber sind oder einfach die beruhigende Pr\u00e4senz eines Teichs in Ihrem Garten genie\u00dfen, dieses Set ist Ihr ultimativer Begleiter.  <\/p>\n<div class=\"flex flex-grow flex-col gap-3 max-w-full\">\n<div class=\"min-h-[20px] flex flex-col items-start gap-3 overflow-x-auto whitespace-pre-wrap break-words\">\n<div class=\"markdown prose w-full break-words dark:prose-invert light\">\n<p><strong>1. VT pond net daphnia<\/strong><\/p>\n<p>De VT Pond Net Daphnia 25 cm mit Teleskopgriff eignen sich perfekt zum Fangen kleinerer Fischarten und zum Entfernen unerw\u00fcnschter Wasserpflanzen. Durch die feinen Maschen k\u00f6nnen Sie Ihre gefangenen Fische oder Pflanzen vor dem Freilassen leicht untersuchen und die robuste Konstruktion sorgt daf\u00fcr, dass dieses Netz Saison f\u00fcr Saison h\u00e4lt. <\/p>\n<p><strong>2. VT Teichschere <\/strong><\/p>\n<p>F\u00fcr die pr\u00e4zise Pflege Ihres Teiches ist die VT Teichschere 1,26 m ein Muss. Mit seinem Stahlschaft und dem leichten Kunststoffgriff k\u00f6nnen Sie \u00fcberh\u00e4ngende Pflanzen problemlos stutzen und den Teichboden sauber halten. <\/p>\n<p><strong>3.VT Teichzange<\/strong><\/p>\n<p>Und wenn Sie eine gr\u00fcndlichere Reinigung ben\u00f6tigen, kommt Ihnen die 1,26 m lange VT-Teichzange zu Hilfe. Dieses robuste Werkzeug mit Edelstahlgriff und hochwertiger Kunststoffschaufel und -kelle eignet sich perfekt zum Entfernen von Bl\u00e4ttern, abgestorbenen Pflanzenteilen und anderen Verunreinigungen, damit Ihr Teich immer gl\u00e4nzt. <\/p>\n<p>Entscheiden Sie sich f\u00fcr Komfort, Nachhaltigkeit und Teichspa\u00df mit dem \u201eTeichpflegeset Basic Small\u201c. Mit diesem Set wird die Teichpflege zu einer angenehmen Aufgabe, sodass Sie mehr Zeit damit verbringen k\u00f6nnen, Ihren Teich zu genie\u00dfen. Bestellen Sie noch heute und erwecken Sie Ihren Teich zum Leben!  <\/p>\n<\/div>\n<\/div>\n<\/div>\n","protected":false},"excerpt":{"rendered":"<p>Teichpflegeset Basic bestehend aus: VT Pond Net Daphnia 25 cm VT Teichschere 1,26 m VT Teichzange 1,26 m Nat\u00fcrliche Sch\u00f6nheit und Ruhe treffen auf m\u00fchelose Pflege mit unserem \u201eTeichpflegeset Basic Small\u201c. Dieses praktische Set kombiniert drei unserer hochwertigen VT-Teichwerkzeuge, um Ihren Teich problemlos in Topzustand zu halten. Egal, ob Sie ein erfahrener Teichliebhaber sind oder [&hellip;]<\/p>\n","protected":false},"featured_media":21997,"comment_status":"closed","ping_status":"closed","template":"","meta":{"_acf_changed":false,"_seopress_robots_primary_cat":"none","_seopress_titles_title":"","_seopress_titles_desc":"Erleben Sie m\u00fchelose Teichpflege mit unserem \u201eTeichpflegeset Basic Klein\u201c. Dieses Set enth\u00e4lt drei hochwertige VT-Teichwerkzeuge, mit denen Sie Ihren Teich problemlos in Topform halten. Das VT Pond Net Daphnia 25cm eignet sich perfekt zum Fangen kleinerer Fischarten und zum Entfernen von Wasserpflanzen. Mit der 1,26 m langen VT-Teichschere bleiben \u00fcberh\u00e4ngende Pflanzen unter Kontrolle, w\u00e4hrend sich die 1,26 m lange VT-Teichzange ideal f\u00fcr eine gr\u00fcndlichere Reinigung von Bl\u00e4ttern und anderem Schmutz eignet. Entscheiden Sie sich mit diesem Set f\u00fcr Komfort, Langlebigkeit und Teichspa\u00df, damit Sie mehr Zeit mit der Freude an Ihrem Teich verbringen k\u00f6nnen. Bestellen Sie noch heute und erwecken Sie Ihren Teich zum Leben!     ","_seopress_robots_index":""},"product_brand":[],"product_cat":[1148],"product_tag":[],"class_list":{"0":"post-22666","1":"product","2":"type-product","3":"status-publish","4":"has-post-thumbnail","6":"product_cat-wartung","7":"yith_product_brand-vt-de-2","8":"entry","9":"has-media","11":"first","12":"instock","13":"taxable","14":"shipping-taxable","15":"purchasable","16":"product-type-simple","17":"col","18":"span_1_of_4","19":"wvn-content-left","20":"wvn-thumbs-layout-vertical","21":"wvn-btn-normal","22":"wvn-tabs-layout-vertical"},"acf":[],"_links":{"self":[{"href":"https:\/\/wateryou.eu\/de\/wp-json\/wp\/v2\/product\/22666","targetHints":{"allow":["GET"]}}],"collection":[{"href":"https:\/\/wateryou.eu\/de\/wp-json\/wp\/v2\/product"}],"about":[{"href":"https:\/\/wateryou.eu\/de\/wp-json\/wp\/v2\/types\/product"}],"replies":[{"embeddable":true,"href":"https:\/\/wateryou.eu\/de\/wp-json\/wp\/v2\/comments?post=22666"}],"wp:featuredmedia":[{"embeddable":true,"href":"https:\/\/wateryou.eu\/de\/wp-json\/wp\/v2\/media\/21997"}],"wp:attachment":[{"href":"https:\/\/wateryou.eu\/de\/wp-json\/wp\/v2\/media?parent=22666"}],"wp:term":[{"taxonomy":"product_brand","embeddable":true,"href":"https:\/\/wateryou.eu\/de\/wp-json\/wp\/v2\/product_brand?post=22666"},{"taxonomy":"product_cat","embeddable":true,"href":"https:\/\/wateryou.eu\/de\/wp-json\/wp\/v2\/product_cat?post=22666"},{"taxonomy":"product_tag","embeddable":true,"href":"https:\/\/wateryou.eu\/de\/wp-json\/wp\/v2\/product_tag?post=22666"}],"curies":[{"name":"wp","href":"https:\/\/api.w.org\/{rel}","templated":true}]}}