{"id":22656,"date":"2023-04-20T13:57:07","date_gmt":"2023-04-20T11:57:07","guid":{"rendered":"https:\/\/wateryou.eu\/product\/vivelda-3-colour-pellet-fischfutter\/"},"modified":"2023-04-20T13:57:07","modified_gmt":"2023-04-20T11:57:07","slug":"vivelda-3-colour-pellet-fischfutter","status":"publish","type":"product","link":"https:\/\/wateryou.eu\/de\/produkt\/vivelda-3-colour-pellet-fischfutter\/","title":{"rendered":"Vivelda 3-Colour Pellet &#8211; Fischfutter"},"content":{"rendered":"<p>3-Colour Pellets ist ein leicht verdauliches Pelletfutter, das speziell f\u00fcr Teichfische wie Goldfische, Schleierschw\u00e4nze und junge Koi entwickelt wurde. Bei Wassertemperaturen ab 10\u00b0C k\u00f6nnen Sie das Futter mehrmals t\u00e4glich in einer Menge f\u00fcttern, die innerhalb von 5 Minuten gefressen wird. <\/p>\n<p>3-Farben-Pellets sind in 330 ml erh\u00e4ltlich und bestehen aus Weizenkleie, Maismehl, gesch\u00e4ltem\/ger\u00f6stetem Sojamehl, Weizenkeimen und Spirulina. Dar\u00fcber hinaus enth\u00e4lt es N\u00e4hrstoffe wie Vitamin A, C, D3, E, Eisen, Jod, Kupfer, Mangan und Zink. <\/p>\n<p>Verbindung:<br \/>\n? Rohprotein: 33%<br \/>\n? Rohfett: 2,6 %<br \/>\n? Rohfaser: 2%<br \/>\n? Rohasche: 3 %<br \/>\n? Phosphor: 0,55 %<br \/>\n? Kalzium: 0,65 %<br \/>\n? Eisen: 125 mg\/kg<br \/>\n? Jod: 2,5 mg\/kg<br \/>\n? Kupfer: 10 mg\/kg<br \/>\n? Mangan: 15 mg\/kg<br \/>\n? Zink: 50 mg\/kg           <\/p>\n<p>Erg\u00e4nzungen:<br \/>\n? Vitamin A: 12.000 IE\/kg<br \/>\n? Vitamin C: 85 mg\/kg<br \/>\n? Vitamin E: 100 mg\/kg<br \/>\n? Vitamin D3: 1500 IE\/kg    <\/p>\n<p>3-Farbpellets versorgen junge Koi, Goldfische und Schleierschw\u00e4nze mit den N\u00e4hrstoffen, die sie brauchen, um gesund und aktiv zu bleiben. Dieses leicht verdauliche Granulatfutter ist eine optimale Erg\u00e4nzung zur Tiernahrung Ihrer Teichfische. <\/p>\n","protected":false},"excerpt":{"rendered":"<p>Fischfutter f\u00fcr junge Koi, Goldfische und Schleierschw\u00e4nze<\/p>\n","protected":false},"featured_media":21475,"comment_status":"closed","ping_status":"closed","template":"","meta":{"_acf_changed":false,"_seopress_robots_primary_cat":"none","_seopress_titles_title":"","_seopress_titles_desc":"Entdecken Sie 3-Farbpellets, die speziell f\u00fcr Teichfische wie Goldfische, Schleierschw\u00e4nze und junge Koi entwickelt wurden. F\u00fcttern Sie bei Wassertemperaturen ab 10\u00b0C, erh\u00e4ltlich in 330 ml. Hergestellt aus hochwertigen Zutaten wie Weizenkleie, Maismehl und Spirulina, angereichert mit wichtigen N\u00e4hrstoffen wie Vitamin A, C, D3 und E, Eisen, Jod, Kupfer, Mangan und Zink. Mit einer optimalen Zusammensetzung von 33 % Rohprotein und 2,6 % Rohfett f\u00f6rdert dieses leicht verdauliche Pelletfutter die Gesundheit und Aktivit\u00e4t Ihrer Teichfische. F\u00fcttern Sie Ihre Fische mit 3-Farbpellets f\u00fcr einen lebendigen Teich!    ","_seopress_robots_index":""},"product_brand":[],"product_cat":[1126],"product_tag":[],"class_list":{"0":"post-22656","1":"product","2":"type-product","3":"status-publish","4":"has-post-thumbnail","6":"product_cat-fischfutter","7":"product_shipping_class-nl-standard-de","8":"pa_formaat-330-ml-de","9":"yith_product_brand-velda-de","10":"entry","11":"has-media","13":"first","14":"instock","15":"taxable","16":"shipping-taxable","17":"purchasable","18":"product-type-simple","19":"col","20":"span_1_of_4","21":"wvn-content-left","22":"wvn-thumbs-layout-vertical","23":"wvn-btn-normal","24":"wvn-tabs-layout-vertical"},"acf":[],"_links":{"self":[{"href":"https:\/\/wateryou.eu\/de\/wp-json\/wp\/v2\/product\/22656","targetHints":{"allow":["GET"]}}],"collection":[{"href":"https:\/\/wateryou.eu\/de\/wp-json\/wp\/v2\/product"}],"about":[{"href":"https:\/\/wateryou.eu\/de\/wp-json\/wp\/v2\/types\/product"}],"replies":[{"embeddable":true,"href":"https:\/\/wateryou.eu\/de\/wp-json\/wp\/v2\/comments?post=22656"}],"wp:featuredmedia":[{"embeddable":true,"href":"https:\/\/wateryou.eu\/de\/wp-json\/wp\/v2\/media\/21475"}],"wp:attachment":[{"href":"https:\/\/wateryou.eu\/de\/wp-json\/wp\/v2\/media?parent=22656"}],"wp:term":[{"taxonomy":"product_brand","embeddable":true,"href":"https:\/\/wateryou.eu\/de\/wp-json\/wp\/v2\/product_brand?post=22656"},{"taxonomy":"product_cat","embeddable":true,"href":"https:\/\/wateryou.eu\/de\/wp-json\/wp\/v2\/product_cat?post=22656"},{"taxonomy":"product_tag","embeddable":true,"href":"https:\/\/wateryou.eu\/de\/wp-json\/wp\/v2\/product_tag?post=22656"}],"curies":[{"name":"wp","href":"https:\/\/api.w.org\/{rel}","templated":true}]}}