{"id":22655,"date":"2023-04-20T13:57:15","date_gmt":"2023-04-20T11:57:15","guid":{"rendered":"https:\/\/wateryou.eu\/product\/filter-hose-extra-strong-25-mm-filterpumpenschlauch-pro-meter\/"},"modified":"2025-07-07T15:00:21","modified_gmt":"2025-07-07T13:00:21","slug":"filter-hose-extra-strong-25-mm-filterpumpenschlauch-pro-meter","status":"publish","type":"product","link":"https:\/\/wateryou.eu\/de\/produkt\/filter-hose-extra-strong-25-mm-filterpumpenschlauch-pro-meter\/","title":{"rendered":"Filter Hose extra strong 25 mm &#8211; Filterpumpenschlauch pro Meter"},"content":{"rendered":"<p>Unser ungewellter Filterschlauch ist das perfekte Zubeh\u00f6r zur Verbesserung Ihres Filters oder Ihrer Pumpe. Mit 5 verschiedenen Durchmessern, von 20mm bis 50mm, bieten wir f\u00fcr jede Kombination die passende Gr\u00f6\u00dfe. Dieser Filterschlauch besteht aus strapazierf\u00e4higem PVC-Material und ist chemikalienbest\u00e4ndig, sodass Ihr Filter oder Ihre Pumpe jahrelang h\u00e4lt. Der Filterschlauch ist mit einer verst\u00e4rkten Au\u00dfenschicht versehen, die f\u00fcr eine l\u00e4ngere Lebensdauer und bessere Druckbest\u00e4ndigkeit sorgt. Der Schlauch l\u00e4sst sich au\u00dferdem leicht installieren und austauschen. Dar\u00fcber hinaus ist es leicht zu reinigen und zu pflegen. Kurz gesagt: Unser ungewellter Filterschlauch ist die perfekte Wahl f\u00fcr Ihren Filter oder Ihre Pumpe!      <\/p>\n","protected":false},"excerpt":{"rendered":"<p><strong>ACHTUNG! Die Produktmenge entspricht der Meterzahl. Eine einzelne Rolle ist bis zu 50 Meter lang. Wenn Sie beispielsweise 9 Meter ben\u00f6tigen, w\u00e4hlen Sie eine Menge von 9 und legen Sie das Produkt in den Warenkorb! Preis gilt pro Meter und wird auf Ma\u00df zugeschnitten.    <\/strong><\/p>\n","protected":false},"featured_media":22252,"comment_status":"closed","ping_status":"closed","template":"","meta":{"_acf_changed":false,"_seopress_robots_primary_cat":"none","_seopress_titles_title":"","_seopress_titles_desc":"Verbessern Sie Ihren Filter oder Ihre Pumpe mit unserem ungewellten Filterschlauch, erh\u00e4ltlich in 5 verschiedenen Durchmessern von 20 mm bis 50 mm. Aus strapazierf\u00e4higem PVC, chemikalienbest\u00e4ndig f\u00fcr eine lange Lebensdauer. Einfach zu installieren, zu reinigen und zu warten. Die ideale Wahl f\u00fcr Ihren Filter oder Ihre Pumpe.   ","_seopress_robots_index":""},"product_brand":[],"product_cat":[1137,1120],"product_tag":[1541],"class_list":{"0":"post-22655","1":"product","2":"type-product","3":"status-publish","4":"has-post-thumbnail","6":"product_cat-filter-materialien","7":"product_cat-nicht-kategorisiert","8":"product_tag-pro-meter","9":"product_shipping_class-nl-standard-de","10":"pa_diameter-25-mm-de","11":"pa_geschikt-voor-pro-meter","12":"yith_product_brand-vt-de-2","13":"entry","14":"has-media","16":"first","17":"instock","18":"taxable","19":"shipping-taxable","20":"purchasable","21":"product-type-simple","22":"col","23":"span_1_of_4","24":"wvn-content-left","25":"wvn-thumbs-layout-vertical","26":"wvn-btn-normal","27":"wvn-tabs-layout-vertical"},"acf":[],"_links":{"self":[{"href":"https:\/\/wateryou.eu\/de\/wp-json\/wp\/v2\/product\/22655","targetHints":{"allow":["GET"]}}],"collection":[{"href":"https:\/\/wateryou.eu\/de\/wp-json\/wp\/v2\/product"}],"about":[{"href":"https:\/\/wateryou.eu\/de\/wp-json\/wp\/v2\/types\/product"}],"replies":[{"embeddable":true,"href":"https:\/\/wateryou.eu\/de\/wp-json\/wp\/v2\/comments?post=22655"}],"wp:featuredmedia":[{"embeddable":true,"href":"https:\/\/wateryou.eu\/de\/wp-json\/wp\/v2\/media\/22252"}],"wp:attachment":[{"href":"https:\/\/wateryou.eu\/de\/wp-json\/wp\/v2\/media?parent=22655"}],"wp:term":[{"taxonomy":"product_brand","embeddable":true,"href":"https:\/\/wateryou.eu\/de\/wp-json\/wp\/v2\/product_brand?post=22655"},{"taxonomy":"product_cat","embeddable":true,"href":"https:\/\/wateryou.eu\/de\/wp-json\/wp\/v2\/product_cat?post=22655"},{"taxonomy":"product_tag","embeddable":true,"href":"https:\/\/wateryou.eu\/de\/wp-json\/wp\/v2\/product_tag?post=22655"}],"curies":[{"name":"wp","href":"https:\/\/api.w.org\/{rel}","templated":true}]}}