{"id":22653,"date":"2023-04-20T13:57:24","date_gmt":"2023-04-20T11:57:24","guid":{"rendered":"https:\/\/wateryou.eu\/product\/filter-hose-25-mm-filterpumpenschlauch-pro-meter\/"},"modified":"2025-07-07T15:01:50","modified_gmt":"2025-07-07T13:01:50","slug":"filter-hose-25-mm-filterpumpenschlauch-pro-meter","status":"publish","type":"product","link":"https:\/\/wateryou.eu\/de\/produkt\/filter-hose-25-mm-filterpumpenschlauch-pro-meter\/","title":{"rendered":"Filter Hose 25 mm &#8211; Filterpumpenschlauch pro Meter"},"content":{"rendered":"<p>Unser robuster, universeller, schwarzer Filterschlauch ist f\u00fcr die perfekte Verbindung zwischen Filter und Pumpe konzipiert. Mit den verschiedenen verf\u00fcgbaren Durchmessern von 20, 25, 32, 40 und 50 mm finden Sie den idealen Filterschlauch f\u00fcr Ihren speziellen Filter und Ihre Pumpe. Dieser Filterschlauch ist aus hochwertigem Kunststoff gefertigt und daher robust, langlebig und best\u00e4ndig gegen UV-Strahlung. Der Schlauch verf\u00fcgt \u00fcber eine hohe Druck- und Druckfestigkeit, wodurch Ihr Filter und Ihre Pumpe optimal vor Besch\u00e4digungen gesch\u00fctzt sind. Dieser Filterschlauch ist zudem best\u00e4ndig gegen sch\u00e4dliche Chemikalien und l\u00e4sst sich einfach installieren.<\/p>\n","protected":false},"excerpt":{"rendered":"<p><strong>Achtung! Die Produktmenge entspricht der Meterzahl. Eine einzelne Rolle ist bis zu 50 Meter lang. Wenn Sie beispielsweise 9 Meter ben\u00f6tigen, w\u00e4hlen Sie eine Menge von 9 und legen Sie das Produkt in den Warenkorb! Preis gilt pro Meter und wird auf Ma\u00df zugeschnitten.    <\/strong><\/p>\n","protected":false},"featured_media":22253,"comment_status":"closed","ping_status":"closed","template":"","meta":{"_acf_changed":false,"_seopress_robots_primary_cat":"none","_seopress_titles_title":"","_seopress_titles_desc":"Entdecken Sie unsere hochwertigen schwarzen Filterschl\u00e4uche in verschiedenen Durchmessern f\u00fcr den perfekten Anschluss an Ihren Filter und Ihre Pumpe. Aus langlebigem Kunststoff, UV-best\u00e4ndig und druckfest f\u00fcr optimalen Schutz. Chemikalienbest\u00e4ndig und einfach zu installieren. Entscheiden Sie sich f\u00fcr Qualit\u00e4t und sch\u00fctzen Sie Ihren Filter und Ihre Pumpe noch heute!   ","_seopress_robots_index":""},"product_brand":[],"product_cat":[1137,1120],"product_tag":[1541],"class_list":{"0":"post-22653","1":"product","2":"type-product","3":"status-publish","4":"has-post-thumbnail","6":"product_cat-filter-materialien","7":"product_cat-nicht-kategorisiert","8":"product_tag-pro-meter","9":"product_shipping_class-nl-standard-de","10":"pa_diameter-25-mm-de","11":"pa_geschikt-voor-pro-meter","12":"yith_product_brand-vt-de-2","13":"entry","14":"has-media","16":"first","17":"instock","18":"taxable","19":"shipping-taxable","20":"purchasable","21":"product-type-simple","22":"col","23":"span_1_of_4","24":"wvn-content-left","25":"wvn-thumbs-layout-vertical","26":"wvn-btn-normal","27":"wvn-tabs-layout-vertical"},"acf":[],"_links":{"self":[{"href":"https:\/\/wateryou.eu\/de\/wp-json\/wp\/v2\/product\/22653","targetHints":{"allow":["GET"]}}],"collection":[{"href":"https:\/\/wateryou.eu\/de\/wp-json\/wp\/v2\/product"}],"about":[{"href":"https:\/\/wateryou.eu\/de\/wp-json\/wp\/v2\/types\/product"}],"replies":[{"embeddable":true,"href":"https:\/\/wateryou.eu\/de\/wp-json\/wp\/v2\/comments?post=22653"}],"wp:featuredmedia":[{"embeddable":true,"href":"https:\/\/wateryou.eu\/de\/wp-json\/wp\/v2\/media\/22253"}],"wp:attachment":[{"href":"https:\/\/wateryou.eu\/de\/wp-json\/wp\/v2\/media?parent=22653"}],"wp:term":[{"taxonomy":"product_brand","embeddable":true,"href":"https:\/\/wateryou.eu\/de\/wp-json\/wp\/v2\/product_brand?post=22653"},{"taxonomy":"product_cat","embeddable":true,"href":"https:\/\/wateryou.eu\/de\/wp-json\/wp\/v2\/product_cat?post=22653"},{"taxonomy":"product_tag","embeddable":true,"href":"https:\/\/wateryou.eu\/de\/wp-json\/wp\/v2\/product_tag?post=22653"}],"curies":[{"name":"wp","href":"https:\/\/api.w.org\/{rel}","templated":true}]}}