{"id":22647,"date":"2023-04-20T13:57:29","date_gmt":"2023-04-20T11:57:29","guid":{"rendered":"https:\/\/wateryou.eu\/product\/air-stone-vt-ausstromerstein\/"},"modified":"2023-04-20T13:57:29","modified_gmt":"2023-04-20T11:57:29","slug":"air-stone-vt-ausstromerstein","status":"publish","type":"product","link":"https:\/\/wateryou.eu\/de\/produkt\/air-stone-vt-ausstromerstein\/","title":{"rendered":"Air Stone VT &#8211; Ausstr\u00f6merstein"},"content":{"rendered":"<p>Unsere Ausstr\u00f6mersteine \u200b\u200beignen sich optimal zum Verteilen von Luftblasen im Teichwasser. Sie bestehen aus strapazierf\u00e4higem Material und sind in vielen verschiedenen Formen und Gr\u00f6\u00dfen erh\u00e4ltlich. Alle unsere Luftsteine \u200b\u200bsind mit 4, 6 oder 8 mm Schlauchanschl\u00fcssen ausgestattet und lassen sich somit problemlos an eine neben dem Teich aufgestellte Luftpumpe anschlie\u00dfen. Sie sind eine gro\u00dfartige M\u00f6glichkeit, das Wasser in Ihrem Teich sauber und gesund zu halten. Dar\u00fcber hinaus sorgen sie f\u00fcr eine optimale Verteilung der Luftblasen und sorgen so f\u00fcr eine sauerstoffreiche Versorgung Ihres Teichs.    <\/p>\n","protected":false},"excerpt":{"rendered":"<p>gro\u00dfer Ausstr\u00f6merstein f\u00fcr die perfekte Teichbel\u00fcftung<\/p>\n","protected":false},"featured_media":22241,"comment_status":"closed","ping_status":"closed","template":"","meta":{"_acf_changed":false,"_seopress_robots_primary_cat":"none","_seopress_titles_title":"","_seopress_titles_desc":"Um Luftblasen effizient im Teichwasser zu verteilen, sind unsere Ausstr\u00f6mersteine \u200b\u200bdie ideale Wahl. Sie bestehen aus strapazierf\u00e4higem Material und sind in verschiedenen Formen und Gr\u00f6\u00dfen erh\u00e4ltlich, sodass sie f\u00fcr jeden Teich geeignet sind. Mit Schlauchanschl\u00fcssen von 4, 6 oder 8 mm k\u00f6nnen sie problemlos an eine Luftpumpe an Ihrem Teich angeschlossen werden. Diese Luftsteine \u200b\u200bsind f\u00fcr die Aufrechterhaltung einer sauberen und gesunden Teichumgebung durch Optimierung des Sauerstoffgehalts unerl\u00e4sslich. Verlassen Sie sich auf unsere Ausstr\u00f6mersteine \u200b\u200bf\u00fcr eine kontinuierliche und optimale Verteilung der Luftblasen und halten Sie Ihren Teich lebendig und vital.    ","_seopress_robots_index":""},"product_brand":[],"product_cat":[1231],"product_tag":[1258],"class_list":{"0":"post-22647","1":"product","2":"type-product","3":"status-publish","4":"has-post-thumbnail","6":"product_cat-beluftung","7":"product_tag-4-mm-de","8":"product_shipping_class-nl-standard-de","9":"pa_formaat-32-x-39-mm-de","10":"pa_formaat-40-x-40-mm-de","11":"pa_formaat-42-x-36-mm-de","12":"pa_formaat-50-x-100-mm-de","13":"pa_formaat-50-x-50-mm-de","14":"pa_geschikt-voor-4-mm-de","15":"pa_geschikt-voor-6-mm-de","16":"yith_product_brand-vt-de-2","17":"entry","18":"has-media","20":"first","21":"instock","22":"taxable","23":"shipping-taxable","24":"purchasable","25":"product-type-variable","26":"col","27":"span_1_of_4","28":"wvn-content-left","29":"wvn-thumbs-layout-vertical","30":"wvn-btn-normal","31":"wvn-tabs-layout-vertical","32":"has-no-thumbnails"},"acf":[],"_links":{"self":[{"href":"https:\/\/wateryou.eu\/de\/wp-json\/wp\/v2\/product\/22647","targetHints":{"allow":["GET"]}}],"collection":[{"href":"https:\/\/wateryou.eu\/de\/wp-json\/wp\/v2\/product"}],"about":[{"href":"https:\/\/wateryou.eu\/de\/wp-json\/wp\/v2\/types\/product"}],"replies":[{"embeddable":true,"href":"https:\/\/wateryou.eu\/de\/wp-json\/wp\/v2\/comments?post=22647"}],"wp:featuredmedia":[{"embeddable":true,"href":"https:\/\/wateryou.eu\/de\/wp-json\/wp\/v2\/media\/22241"}],"wp:attachment":[{"href":"https:\/\/wateryou.eu\/de\/wp-json\/wp\/v2\/media?parent=22647"}],"wp:term":[{"taxonomy":"product_brand","embeddable":true,"href":"https:\/\/wateryou.eu\/de\/wp-json\/wp\/v2\/product_brand?post=22647"},{"taxonomy":"product_cat","embeddable":true,"href":"https:\/\/wateryou.eu\/de\/wp-json\/wp\/v2\/product_cat?post=22647"},{"taxonomy":"product_tag","embeddable":true,"href":"https:\/\/wateryou.eu\/de\/wp-json\/wp\/v2\/product_tag?post=22647"}],"curies":[{"name":"wp","href":"https:\/\/api.w.org\/{rel}","templated":true}]}}