{"id":22646,"date":"2023-04-20T13:57:24","date_gmt":"2023-04-20T11:57:24","guid":{"rendered":"https:\/\/wateryou.eu\/product\/vivelda-flake-food-fischfutter\/"},"modified":"2026-03-08T08:10:52","modified_gmt":"2026-03-08T07:10:52","slug":"vivelda-flake-food-fischfutter","status":"publish","type":"product","link":"https:\/\/wateryou.eu\/de\/produkt\/vivelda-flake-food-fischfutter\/","title":{"rendered":"Vivelda Flake Food &#8211; Fischfutter"},"content":{"rendered":"<p>Flockenfutter ist ein leicht verdauliches Futter f\u00fcr Teichfische wie Goldfische, Schleierschw\u00e4nze und junge Koi. Dieses Futter ist speziell f\u00fcr Wassertemperaturen ab 10\u00b0C konzipiert. Das Futter ist in einer 330 ml Packung erh\u00e4ltlich.  <\/p>\n<p>Die Zusammensetzung von Flockenfutter enth\u00e4lt Weizenkleie, gesch\u00e4ltes\/getoastetes Sojamehl, Weizen, Mais, Fisch\u00f6l, Weizengluten, Gefl\u00fcgelmehl, Fischmehl, Luzerneproteinkonzentrat, Maisgluten, Weizenkeime, Pfeffer und Spirulina.<\/p>\n<p>Die N\u00e4hrwerte von Flockenfutter lauten wie folgt: Rohprotein 17 %, Rohfett 3,0 %, Rohfaser 2,7 %, Rohasche 3,7 %, Phosphor 0,6 %, Calcium 0,3 %, Eisen 71 mg\/kg, Jod 4,8 mg\/kg, Kupfer 4,8 mg\/kg, Mangan 19 mg\/kg und Zink 76 mg\/kg.<\/p>\n<p>Dar\u00fcber hinaus enth\u00e4lt Flockenfutter Vitamin A (11.400 IE\/kg), Vitamin C (180 mg\/kg), Vitamin E (100 mg\/kg) und Vitamin D3 (792 IE\/kg). Flockenfutter ist ein Futter, das Teichfische gerne fressen und daher eine gute Wahl f\u00fcr Aquarienbesitzer ist. <\/p>\n","protected":false},"excerpt":{"rendered":"<p>Fischfutter f\u00fcr junge Koi, Goldfische und Schleierschw\u00e4nze<\/p>\n","protected":false},"featured_media":21509,"comment_status":"closed","ping_status":"closed","template":"","meta":{"_acf_changed":false,"_seopress_robots_primary_cat":"none","_seopress_titles_title":"","_seopress_titles_desc":"Entdecken Sie Flockenfutter, ein leicht verdauliches Futter speziell f\u00fcr Teichfische wie Goldfische, Schleierschw\u00e4nze und junge Koi, geeignet f\u00fcr Wassertemperaturen ab 10\u00b0C. Erh\u00e4ltlich in einer praktischen 330-ml-Packung, mit einer ausgewogenen Zusammensetzung hochwertiger Zutaten, darunter Weizenkleie, Fisch\u00f6l und Spirulina. Mit einem N\u00e4hrwert von 17 % Rohprotein und 3,0 % Rohfett, angereichert mit den Vitaminen A, C, D3 und E f\u00fcr eine optimale Gesundheit Ihrer Fische. Ein Favorit unter Teichbewohnern und eine ausgezeichnete Wahl f\u00fcr Aquarianer, die das Beste f\u00fcr ihre Fische wollen.   ","_seopress_robots_index":""},"product_brand":[],"product_cat":[1126],"product_tag":[],"class_list":{"0":"post-22646","1":"product","2":"type-product","3":"status-publish","4":"has-post-thumbnail","6":"product_cat-fischfutter","7":"product_shipping_class-nl-standard-de","8":"pa_formaat-330-ml-de","9":"yith_product_brand-velda-de","10":"entry","11":"has-media","13":"first","14":"instock","15":"taxable","16":"shipping-taxable","17":"purchasable","18":"product-type-simple","19":"col","20":"span_1_of_4","21":"wvn-content-left","22":"wvn-thumbs-layout-vertical","23":"wvn-btn-normal","24":"wvn-tabs-layout-vertical"},"acf":[],"_links":{"self":[{"href":"https:\/\/wateryou.eu\/de\/wp-json\/wp\/v2\/product\/22646","targetHints":{"allow":["GET"]}}],"collection":[{"href":"https:\/\/wateryou.eu\/de\/wp-json\/wp\/v2\/product"}],"about":[{"href":"https:\/\/wateryou.eu\/de\/wp-json\/wp\/v2\/types\/product"}],"replies":[{"embeddable":true,"href":"https:\/\/wateryou.eu\/de\/wp-json\/wp\/v2\/comments?post=22646"}],"wp:featuredmedia":[{"embeddable":true,"href":"https:\/\/wateryou.eu\/de\/wp-json\/wp\/v2\/media\/21509"}],"wp:attachment":[{"href":"https:\/\/wateryou.eu\/de\/wp-json\/wp\/v2\/media?parent=22646"}],"wp:term":[{"taxonomy":"product_brand","embeddable":true,"href":"https:\/\/wateryou.eu\/de\/wp-json\/wp\/v2\/product_brand?post=22646"},{"taxonomy":"product_cat","embeddable":true,"href":"https:\/\/wateryou.eu\/de\/wp-json\/wp\/v2\/product_cat?post=22646"},{"taxonomy":"product_tag","embeddable":true,"href":"https:\/\/wateryou.eu\/de\/wp-json\/wp\/v2\/product_tag?post=22646"}],"curies":[{"name":"wp","href":"https:\/\/api.w.org\/{rel}","templated":true}]}}