{"id":22636,"date":"2023-04-20T13:57:42","date_gmt":"2023-04-20T11:57:42","guid":{"rendered":"https:\/\/wateryou.eu\/product\/plant-basket-plastic-pflanzenkorb\/"},"modified":"2026-04-06T21:53:03","modified_gmt":"2026-04-06T19:53:03","slug":"plant-basket-plastic-pflanzenkorb","status":"publish","type":"product","link":"https:\/\/wateryou.eu\/de\/produkt\/plant-basket-plastic-pflanzenkorb\/","title":{"rendered":"Plant Basket Plastic &#8211; Pflanzenkorb"},"content":{"rendered":"<p>Unsere Pflanzk\u00f6rbe aus Kunststoff f\u00fcr Teichpflanzen eignen sich optimal zum Anzuchten und Umpflanzen von Seerosen, Sumpfpflanzen und Sauerstoffpflanzen. Die K\u00f6rbe bestehen aus hochwertigem Kunststoff und werden mit einer speziellen Teicherde geliefert, die das Wachstum der Pflanzen f\u00f6rdert. Durch die gro\u00dfz\u00fcgigen Abmessungen wird ein Ersticken der Wurzeln verhindert. Zus\u00e4tzlich wird eine Schicht Teichkies mitgeliefert, die ein Ausschwemmen verhindert. Platzieren Sie die K\u00f6rbe im Teich und achten Sie dabei auf die richtige Tiefe f\u00fcr ein optimales Ergebnis. Unsere Pflanzk\u00f6rbe eignen sich optimal zum Vermehren und Umpflanzen von Teichpflanzen und tragen zu einer ansprechenden Optik des Teiches bei.     <\/p>\n","protected":false},"excerpt":{"rendered":"<p>zum Eintopfen aller Arten von Teichpflanzen<\/p>\n","protected":false},"featured_media":23857,"comment_status":"closed","ping_status":"closed","template":"","meta":{"_acf_changed":false,"_seopress_robots_primary_cat":"none","_seopress_titles_title":"","_seopress_titles_desc":"Unsere Teichpflanzen-Pflanzk\u00f6rbe aus Kunststoff bieten die ideale L\u00f6sung f\u00fcr die Anzucht und das Umpflanzen von Seerosen, Sumpfpflanzen und Sauerstoffpflanzen. Hergestellt aus hochwertigem Kunststoff und inklusive spezieller Teicherde f\u00f6rdern sie das gesunde Wachstum Ihrer Pflanzen. Durch die gro\u00dfz\u00fcgige Bema\u00dfung wird ein Ersticken der Wurzeln verhindert, der mitgelieferte Teichkies verhindert ein Ausschwemmen. Platzieren Sie die K\u00f6rbe f\u00fcr optimale Ergebnisse in der richtigen Tiefe in Ihrem Teich. Diese Pflanzk\u00f6rbe eignen sich perfekt zur Pflege, Vermehrung und Umpflanzung Ihrer Teichpflanzen und verleihen Ihrem Teich ein sch\u00f6nes Aussehen.    ","_seopress_robots_index":""},"product_brand":[],"product_cat":[1227],"product_tag":[],"class_list":{"0":"post-22636","1":"product","2":"type-product","3":"status-publish","4":"has-post-thumbnail","6":"product_cat-pflanzenkorbe","7":"product_shipping_class-nl-standard-de","8":"pa_diameter-o-13-cm-de","9":"pa_formaat-11-x-11-cm-de","10":"pa_formaat-19-x-19-cm-de","11":"pa_formaat-23-x-23-cm-de","12":"pa_formaat-28-x-28-cm-de","13":"pa_formaat-35-x-35-cm-de","14":"pa_formaat-o-13-cm-de","15":"pa_formaat-o-22-cm-de","16":"pa_formaat-oval","17":"yith_product_brand-velda-de","18":"entry","19":"has-media","21":"first","22":"instock","23":"taxable","24":"shipping-taxable","25":"purchasable","26":"product-type-variable","27":"has-default-attributes","28":"col","29":"span_1_of_4","30":"wvn-content-left","31":"wvn-thumbs-layout-vertical","32":"wvn-btn-normal","33":"wvn-tabs-layout-vertical","34":"has-no-thumbnails"},"acf":[],"_links":{"self":[{"href":"https:\/\/wateryou.eu\/de\/wp-json\/wp\/v2\/product\/22636","targetHints":{"allow":["GET"]}}],"collection":[{"href":"https:\/\/wateryou.eu\/de\/wp-json\/wp\/v2\/product"}],"about":[{"href":"https:\/\/wateryou.eu\/de\/wp-json\/wp\/v2\/types\/product"}],"replies":[{"embeddable":true,"href":"https:\/\/wateryou.eu\/de\/wp-json\/wp\/v2\/comments?post=22636"}],"wp:featuredmedia":[{"embeddable":true,"href":"https:\/\/wateryou.eu\/de\/wp-json\/wp\/v2\/media\/23857"}],"wp:attachment":[{"href":"https:\/\/wateryou.eu\/de\/wp-json\/wp\/v2\/media?parent=22636"}],"wp:term":[{"taxonomy":"product_brand","embeddable":true,"href":"https:\/\/wateryou.eu\/de\/wp-json\/wp\/v2\/product_brand?post=22636"},{"taxonomy":"product_cat","embeddable":true,"href":"https:\/\/wateryou.eu\/de\/wp-json\/wp\/v2\/product_cat?post=22636"},{"taxonomy":"product_tag","embeddable":true,"href":"https:\/\/wateryou.eu\/de\/wp-json\/wp\/v2\/product_tag?post=22636"}],"curies":[{"name":"wp","href":"https:\/\/api.w.org\/{rel}","templated":true}]}}