{"id":22633,"date":"2023-04-20T13:57:42","date_gmt":"2023-04-20T11:57:42","guid":{"rendered":"https:\/\/wateryou.eu\/product\/cloth-liner-tuch-einlegen\/"},"modified":"2026-05-06T21:37:36","modified_gmt":"2026-05-06T19:37:36","slug":"cloth-liner-tuch-einlegen","status":"publish","type":"product","link":"https:\/\/wateryou.eu\/de\/produkt\/cloth-liner-tuch-einlegen\/","title":{"rendered":"Cloth Liner &#8211; Tuch einlegen"},"content":{"rendered":"<p>Die Velda Inlay Cloths sind die perfekte L\u00f6sung zum Aussp\u00fclen von Erde und verhindern, dass die Wurzeln von Wasserpflanzen zu stark wachsen. Sie bestehen aus strapazierf\u00e4higem Material und haben eine lange Lebensdauer. Dank der hohen Wasserdurchl\u00e4ssigkeit und den verschiedenen Gr\u00f6\u00dfen passend zu den Pflanzk\u00f6rben ist garantiert auch f\u00fcr Sie die passende Gr\u00f6\u00dfe dabei.  <\/p>\n<ul>\n<li>Aus strapazierf\u00e4higem Material f\u00fcr eine lange Lebensdauer.<\/li>\n<li>Verhindert das Wegschwemmen von Erde und die Ausbreitung von Wasserpflanzenwurzeln.<\/li>\n<li>Hohe Wasserdurchl\u00e4ssigkeit.<\/li>\n<li>Passend f\u00fcr Pflanzk\u00f6rbe.<\/li>\n<li>Verschiedene Gr\u00f6\u00dfen erh\u00e4ltlich: 45 x 45 cm, 60 x 60 cm und 90 x 90 cm.<\/li>\n<\/ul>\n<p><strong>Produkt<\/strong> <strong>Verpackung<\/strong> <strong>Passend f\u00fcr Pflanzk\u00f6rbe von<\/strong><\/p>\n<p><strong>Cloth Liner 45&#215;45 cm<\/strong>: 11&#215;11, 13&#215;10, 22&#215;12, 19&#215;19 cm<\/p>\n<p><strong>Cloth Liner 60&#215;60 cm<\/strong>: 23&#215;23, 28&#215;28, 35&#215;35 cm<\/p>\n<p><strong>Cloth Liner 90&#215;90 cm<\/strong>: 35&#215;35, 45&#215;20, 40&#215;30, 40&#215;40 cm<\/p>\n","protected":false},"excerpt":{"rendered":"<p>Einlegetuch f\u00fcr grobmaschige Pflanzk\u00f6rbe<\/p>\n","protected":false},"featured_media":22236,"comment_status":"closed","ping_status":"closed","template":"","meta":{"_acf_changed":false,"_seopress_robots_primary_cat":"none","_seopress_titles_title":"Verhindern Sie Wurzelwachstum mit Velda-Pflanzkorbeinlagen","_seopress_titles_desc":"Die Velda-Einleget\u00fccher sind die perfekte L\u00f6sung, um das Ausschwemmen von Erde und das Wuchern der Wurzeln von Wasserpflanzen zu verhindern. Sie bestehen aus strapazierf\u00e4higem Material und bieten eine lange Lebensdauer und hohe Wasserdurchl\u00e4ssigkeit. Da es verschiedene Gr\u00f6\u00dfen gibt, passend zu den Pflanzk\u00f6rben, ist garantiert auch f\u00fcr Sie die richtige Gr\u00f6\u00dfe dabei. W\u00e4hlen Sie aus Gr\u00f6\u00dfen wie 45 x 45 cm, 60 x 60 cm und 90 x 90 cm, verpackt in verschiedenen Gr\u00f6\u00dfen von 11 x 11 bis 40 x 40 cm. Halten Sie Ihre Wasserpflanzen gesund und Ihren Teich klar mit diesen praktischen Einleget\u00fcchern von Velda.    ","_seopress_robots_index":""},"product_brand":[],"product_cat":[1227],"product_tag":[],"class_list":{"0":"post-22633","1":"product","2":"type-product","3":"status-publish","4":"has-post-thumbnail","6":"product_cat-pflanzenkorbe","7":"product_shipping_class-nl-standard-de","8":"pa_formaat-45-x-45-cm-de","9":"pa_formaat-60-x-60-cm-de","10":"pa_formaat-90-x-90-cm-de","11":"pa_geschikt-voor-100-stuks-in-display-de","12":"yith_product_brand-velda-de","13":"entry","14":"has-media","16":"first","17":"instock","18":"taxable","19":"shipping-taxable","20":"purchasable","21":"product-type-variable","22":"has-default-attributes","23":"col","24":"span_1_of_4","25":"wvn-content-left","26":"wvn-thumbs-layout-vertical","27":"wvn-btn-normal","28":"wvn-tabs-layout-vertical"},"acf":[],"_links":{"self":[{"href":"https:\/\/wateryou.eu\/de\/wp-json\/wp\/v2\/product\/22633","targetHints":{"allow":["GET"]}}],"collection":[{"href":"https:\/\/wateryou.eu\/de\/wp-json\/wp\/v2\/product"}],"about":[{"href":"https:\/\/wateryou.eu\/de\/wp-json\/wp\/v2\/types\/product"}],"replies":[{"embeddable":true,"href":"https:\/\/wateryou.eu\/de\/wp-json\/wp\/v2\/comments?post=22633"}],"wp:featuredmedia":[{"embeddable":true,"href":"https:\/\/wateryou.eu\/de\/wp-json\/wp\/v2\/media\/22236"}],"wp:attachment":[{"href":"https:\/\/wateryou.eu\/de\/wp-json\/wp\/v2\/media?parent=22633"}],"wp:term":[{"taxonomy":"product_brand","embeddable":true,"href":"https:\/\/wateryou.eu\/de\/wp-json\/wp\/v2\/product_brand?post=22633"},{"taxonomy":"product_cat","embeddable":true,"href":"https:\/\/wateryou.eu\/de\/wp-json\/wp\/v2\/product_cat?post=22633"},{"taxonomy":"product_tag","embeddable":true,"href":"https:\/\/wateryou.eu\/de\/wp-json\/wp\/v2\/product_tag?post=22633"}],"curies":[{"name":"wp","href":"https:\/\/api.w.org\/{rel}","templated":true}]}}