{"id":22627,"date":"2023-04-20T13:57:42","date_gmt":"2023-04-20T11:57:42","guid":{"rendered":"https:\/\/wateryou.eu\/product\/plant-basket-pflanzenkorb\/"},"modified":"2026-04-08T12:47:07","modified_gmt":"2026-04-08T10:47:07","slug":"plant-basket-pflanzenkorb","status":"publish","type":"product","link":"https:\/\/wateryou.eu\/de\/produkt\/plant-basket-pflanzenkorb\/","title":{"rendered":"Plant Basket &#8211; Pflanzenkorb"},"content":{"rendered":"<p>Die Pflanzenk\u00f6rbe von Velda sind die ideale L\u00f6sung zum Platzieren von Wasserpflanzen in Ihrem Teich. Hergestellt aus einem flexiblen, feinmaschigen und langlebigen Material bieten die Pflanzk\u00f6rbe Ihren Wasserpflanzen einen stabilen Stand und verf\u00fcgen \u00fcber eine hohe Wasserdurchl\u00e4ssigkeit. W\u00e4hlen Sie f\u00fcr jede Teichpflanze einen gro\u00dfen Pflanzkorb aus und f\u00fcllen Sie diesen mit Teicherde. Anschlie\u00dfend k\u00f6nnen Sie den Wurzelballen hineinsetzen. Befeuchten Sie die Erde gr\u00fcndlich und dr\u00fccken Sie sie fest an. Um optimales Wachstum zu gew\u00e4hrleisten, empfehlen wir, den Teichboden mit einer Schicht Deckkies oder Teichsubstrat abzudecken und Wachstumskugeln hinzuzuf\u00fcgen. Zusammensetzung: Feinmaschiges und sehr strapazierf\u00e4higes Material. N\u00e4hrwert: Keiner. Zus\u00e4tze: Teicherde, Abdeckkies, Teichsubstrat und Wachstumskugeln.       <\/p>\n","protected":false},"excerpt":{"rendered":"<p>Pflanzkorb f\u00fcr Teichpflanzen<\/p>\n","protected":false},"featured_media":22240,"comment_status":"closed","ping_status":"closed","template":"","meta":{"_acf_changed":false,"_seopress_robots_primary_cat":"none","_seopress_titles_title":"Velda's Plant Baskets: Stabile und langlebige K\u00f6rbe f\u00fcr Teichpflanzen","_seopress_titles_desc":"Verhindern Sie mit den feinmaschigen Pflanzenk\u00f6rben von Velda, dass sich die Wurzeln von Wasserpflanzen ausbreiten. Entdecken Sie, wie Sie jeder Teichpflanze einen ger\u00e4umigen Korb f\u00fcr \u00fcppiges Wachstum geben. ","_seopress_robots_index":""},"product_brand":[],"product_cat":[1227],"product_tag":[],"class_list":{"0":"post-22627","1":"product","2":"type-product","3":"status-publish","4":"has-post-thumbnail","6":"product_cat-pflanzenkorbe","7":"product_shipping_class-nl-standard-de","8":"pa_formaat-18-x-18-x-18-cm-de","9":"pa_formaat-25-x-25-x-20-cm-de","10":"pa_formaat-30-x-30-x-25-cm-de","11":"pa_formaat-o-15-x-15-cm-de","12":"pa_formaat-o-25-x-20-cm-de","13":"pa_geschikt-voor-50-stuks-in-display-de","14":"yith_product_brand-velda-de","15":"entry","16":"has-media","18":"first","19":"instock","20":"taxable","21":"shipping-taxable","22":"purchasable","23":"product-type-variable","24":"has-default-attributes","25":"col","26":"span_1_of_4","27":"wvn-content-left","28":"wvn-thumbs-layout-vertical","29":"wvn-btn-normal","30":"wvn-tabs-layout-vertical"},"acf":[],"_links":{"self":[{"href":"https:\/\/wateryou.eu\/de\/wp-json\/wp\/v2\/product\/22627","targetHints":{"allow":["GET"]}}],"collection":[{"href":"https:\/\/wateryou.eu\/de\/wp-json\/wp\/v2\/product"}],"about":[{"href":"https:\/\/wateryou.eu\/de\/wp-json\/wp\/v2\/types\/product"}],"replies":[{"embeddable":true,"href":"https:\/\/wateryou.eu\/de\/wp-json\/wp\/v2\/comments?post=22627"}],"wp:featuredmedia":[{"embeddable":true,"href":"https:\/\/wateryou.eu\/de\/wp-json\/wp\/v2\/media\/22240"}],"wp:attachment":[{"href":"https:\/\/wateryou.eu\/de\/wp-json\/wp\/v2\/media?parent=22627"}],"wp:term":[{"taxonomy":"product_brand","embeddable":true,"href":"https:\/\/wateryou.eu\/de\/wp-json\/wp\/v2\/product_brand?post=22627"},{"taxonomy":"product_cat","embeddable":true,"href":"https:\/\/wateryou.eu\/de\/wp-json\/wp\/v2\/product_cat?post=22627"},{"taxonomy":"product_tag","embeddable":true,"href":"https:\/\/wateryou.eu\/de\/wp-json\/wp\/v2\/product_tag?post=22627"}],"curies":[{"name":"wp","href":"https:\/\/api.w.org\/{rel}","templated":true}]}}