{"id":22620,"date":"2023-09-07T16:19:36","date_gmt":"2023-09-07T14:19:36","guid":{"rendered":"https:\/\/wateryou.eu\/product\/vt-teichpflegeset-basic\/"},"modified":"2023-09-07T16:19:36","modified_gmt":"2023-09-07T14:19:36","slug":"vt-teichpflegeset-basic","status":"publish","type":"product","link":"https:\/\/wateryou.eu\/de\/produkt\/vt-teichpflegeset-basic\/","title":{"rendered":"VT &#8211; Teichpflegeset Basic"},"content":{"rendered":"<p>Teichpflegeset Basic bestehend aus:<\/p>\n<ul>\n<li>VT Cover Net (in verschiedenen Gr\u00f6\u00dfen)<\/li>\n<li>VT Pond Net Daphnia 25 cm<\/li>\n<li>VT Teichschere 1,26 m<\/li>\n<li>VT Teichzange 1,26 m<\/li>\n<\/ul>\n<div class=\"flex flex-grow flex-col gap-3 max-w-full\">\n<div class=\"min-h-[20px] flex flex-col items-start gap-3 overflow-x-auto whitespace-pre-wrap break-words\">\n<div class=\"markdown prose w-full break-words dark:prose-invert light\">\n<p>Nat\u00fcrliche Sch\u00f6nheit trifft auf nahtlose Pflege mit unserem Wartungskit. Dieses umfassende Set ist daf\u00fcr konzipiert, Ihren Teich in Topform zu halten, insbesondere w\u00e4hrend der anspruchsvollen Herbstmonate. Egal, ob Sie ein erfahrener Teichliebhaber sind oder einfach die Ruhe eines Teichs in Ihrem Garten genie\u00dfen, dieses Set ist Ihr ultimativer Verb\u00fcndeter, um Ihren Teich frei von Herbstlaub, \u00c4sten und ungebetenen G\u00e4sten zu halten.  <\/p>\n<p>Dieses Set beinhaltet:<\/p>\n<p><strong>1. VT pond net Daphnia (25 cm):<\/strong><\/p>\n<ul>\n<li>Vielseitig und anpassungsf\u00e4hig durch Teleskopgriff.<\/li>\n<li>Hergestellt aus hochwertigen, langlebigen Materialien.<\/li>\n<li>Ideal zum Fangen kleiner Fische und Wasserpflanzen.<\/li>\n<\/ul>\n<p>&nbsp;<\/p>\n<p><strong>2. VT Teichschere (1,26 m):<\/strong><\/p>\n<ul>\n<li>Ausgestattet mit einem stabilen Stahlschaft und einem leichten Kunststoffgriff.<\/li>\n<li>Perfekt f\u00fcr die pr\u00e4zise Teichpflege, das Beschneiden \u00fcberh\u00e4ngender Pflanzen und das Sauberhalten des Teichbodens.<\/li>\n<\/ul>\n<p>&nbsp;<\/p>\n<p><strong>3. VT Teichzange (1,26 m):<\/strong><\/p>\n<ul>\n<li>Verf\u00fcgt \u00fcber einen stabilen Griff aus Edelstahl sowie Schaufel und Spaten aus hochwertigem Kunststoff.<\/li>\n<li>Entfernen Sie m\u00fchelos Bl\u00e4tter, abgestorbenes Pflanzenmaterial und andere Ablagerungen aus Ihrem Teich.<\/li>\n<\/ul>\n<p>&nbsp;<\/p>\n<p><strong>4. Cover net:<\/strong><\/p>\n<ul>\n<li>Eine unverzichtbare Erg\u00e4nzung f\u00fcr die Herbstsaison.<\/li>\n<li>F\u00e4ngt effektiv Bl\u00e4tter und \u00c4ste und h\u00e4lt ungebetene G\u00e4ste wie Reiher fern.<\/li>\n<li>Hergestellt aus strapazierf\u00e4higem, feinmaschigem Material f\u00fcr den dauerhaften Gebrauch.<\/li>\n<li>Enth\u00e4lt Erdn\u00e4gel f\u00fcr eine einfache Installation.<\/li>\n<li>Erh\u00e4ltlich in verschiedenen Gr\u00f6\u00dfen f\u00fcr Teiche bis zu 60 m\u00b2.<\/li>\n<li>Nahezu unsichtbar auf der Wasseroberfl\u00e4che, sodass Sie Ihr Wasserspiel weiterhin ungest\u00f6rt genie\u00dfen k\u00f6nnen.<\/li>\n<\/ul>\n<p>&nbsp;<\/p>\n<p>Mit diesem Pflegeset sind Sie ger\u00fcstet, um die Gesundheit und Sch\u00f6nheit Ihres Teiches das ganze Jahr \u00fcber zu erhalten. Verabschieden Sie sich von den herbstlichen Herausforderungen durch Bl\u00e4tter und Zweige und genie\u00dfen Sie weiterhin die Ruhe Ihres Wasserparadieses. Bestellen Sie Ihr Set noch heute und freuen Sie sich das ganze Jahr \u00fcber \u00fcber m\u00fchelose Teichpflege!  <\/p>\n<\/div>\n<\/div>\n<\/div>\n","protected":false},"excerpt":{"rendered":"<p>Teichpflegeset Basic bestehend aus: VT Cover Net (in verschiedenen Gr\u00f6\u00dfen) VT Pond Net Daphnia 25 cm VT Teichschere 1,26 m VT Teichzange 1,26 m Nat\u00fcrliche Sch\u00f6nheit trifft auf nahtlose Pflege mit unserem Wartungskit. Dieses umfassende Set ist daf\u00fcr konzipiert, Ihren Teich in Topform zu halten, insbesondere w\u00e4hrend der anspruchsvollen Herbstmonate. Egal, ob Sie ein erfahrener [&hellip;]<\/p>\n","protected":false},"featured_media":23891,"comment_status":"closed","ping_status":"closed","template":"","meta":{"_acf_changed":false,"_seopress_robots_primary_cat":"none","_seopress_titles_title":"VT - Teichpflegeset Basic - Wateryou","_seopress_titles_desc":"Umfassendes Set, um Ihren Teich in Topform zu halten; VT Cover Net (div formaten), VT Kescher Daphnia 25cm, VT Teichscheren und Zangen 1,26m.","_seopress_robots_index":""},"product_brand":[],"product_cat":[1148],"product_tag":[],"class_list":{"0":"post-22620","1":"product","2":"type-product","3":"status-publish","4":"has-post-thumbnail","6":"product_cat-wartung","7":"pa_formaat-2-x-3-m-de","8":"pa_formaat-6-x-3-m-de","9":"pa_formaat-6-x-5-m-de","10":"yith_product_brand-vt-de-2","11":"entry","12":"has-media","14":"first","15":"instock","16":"taxable","17":"shipping-taxable","18":"purchasable","19":"product-type-variable","20":"has-default-attributes","21":"col","22":"span_1_of_4","23":"wvn-content-left","24":"wvn-thumbs-layout-vertical","25":"wvn-btn-normal","26":"wvn-tabs-layout-vertical"},"acf":[],"_links":{"self":[{"href":"https:\/\/wateryou.eu\/de\/wp-json\/wp\/v2\/product\/22620","targetHints":{"allow":["GET"]}}],"collection":[{"href":"https:\/\/wateryou.eu\/de\/wp-json\/wp\/v2\/product"}],"about":[{"href":"https:\/\/wateryou.eu\/de\/wp-json\/wp\/v2\/types\/product"}],"replies":[{"embeddable":true,"href":"https:\/\/wateryou.eu\/de\/wp-json\/wp\/v2\/comments?post=22620"}],"wp:featuredmedia":[{"embeddable":true,"href":"https:\/\/wateryou.eu\/de\/wp-json\/wp\/v2\/media\/23891"}],"wp:attachment":[{"href":"https:\/\/wateryou.eu\/de\/wp-json\/wp\/v2\/media?parent=22620"}],"wp:term":[{"taxonomy":"product_brand","embeddable":true,"href":"https:\/\/wateryou.eu\/de\/wp-json\/wp\/v2\/product_brand?post=22620"},{"taxonomy":"product_cat","embeddable":true,"href":"https:\/\/wateryou.eu\/de\/wp-json\/wp\/v2\/product_cat?post=22620"},{"taxonomy":"product_tag","embeddable":true,"href":"https:\/\/wateryou.eu\/de\/wp-json\/wp\/v2\/product_tag?post=22620"}],"curies":[{"name":"wp","href":"https:\/\/api.w.org\/{rel}","templated":true}]}}