{"id":22616,"date":"2023-09-07T16:25:45","date_gmt":"2023-09-07T14:25:45","guid":{"rendered":"https:\/\/wateryou.eu\/product\/velda-teichpflegeset-premium\/"},"modified":"2023-09-07T16:25:45","modified_gmt":"2023-09-07T14:25:45","slug":"velda-teichpflegeset-premium","status":"publish","type":"product","link":"https:\/\/wateryou.eu\/de\/produkt\/velda-teichpflegeset-premium\/","title":{"rendered":"Velda &#8211; Teichpflegeset premium"},"content":{"rendered":"<p>Vijver Teichpflegeset premium, bestehend aus:<\/p>\n<ul>\n<li>Cover Net (in verschiedenen Gr\u00f6\u00dfen)<\/li>\n<li>Pond Net Daphnia Square 35 cm<\/li>\n<li>Duo Pond Tool<\/li>\n<\/ul>\n<p><strong>Vijver Teichpflegeset premium<\/strong><\/p>\n<p>Bereiten Sie Ihren Teich auf die bezaubernde Herbstzeit vor und bewahren Sie seine Sch\u00f6nheit mit unserem Teichpflegeset Premium. Dieses sorgf\u00e4ltig zusammengestellte Paket von Velda-Produkten ist Ihr ultimatives Werkzeug zur Pflege Ihres Teichs im Herbst. <\/p>\n<p>Dieses Set beinhaltet:<\/p>\n<p><strong>1. Velda cover net:<\/strong> Dieses feinmaschige, strapazierf\u00e4hige Netz bietet Schutz vor herabfallenden Bl\u00e4ttern und \u00c4sten. Es h\u00e4lt Ihre Teichoberfl\u00e4che frei von unerw\u00fcnschten Partikeln und schreckt Eindringlinge ab, w\u00e4hrend es praktisch unsichtbar auf dem Wasser liegt. <\/p>\n<p><strong>2. Pond net daphnia:<\/strong> Mit einem Teleskopstiel, der sich auf bis zu 180 cm ausziehen l\u00e4sst, erleichtert dieses Kescher das Entfernen von Schmutz und Bl\u00e4ttern aus Ihrem Teich. Der robuste Rahmen und die gr\u00fcnen Linien garantieren Haltbarkeit und Sichtbarkeit unter Wasser. <\/p>\n<p><strong>3. Velda duo pond tool:<\/strong> Dieses Multifunktionswerkzeug vereint Teichschere und Zange in einem und verf\u00fcgt \u00fcber praktische Greifelemente zum Entfernen von Pflanzenteilen. Aus korrosionsbest\u00e4ndigem Material gefertigt und mit einer beeindruckenden Reichweite ist er ein zuverl\u00e4ssiger Begleiter f\u00fcr Ihre Teichpflege. <\/p>\n<p>Mit dem Teichpflegeset Premium bereiten Sie Ihren Teich getrost auf den Herbst vor. Halten Sie Ihren Teich sauber und klar und genie\u00dfen Sie gleichzeitig die bezaubernde Herbstumgebung. Bestellen Sie jetzt dieses Set und gestalten Sie Ihre Teichpflege im Herbst m\u00fchelos und effektiv.  <\/p>\n<p><em>Optimieren Sie Ihre herbstliche Teichpflege mit dem Premium-Set \u2013 die perfekte Kombination aus Effizienz und Komfort, damit Ihr Teich zu jeder Jahreszeit gl\u00e4nzt.<\/em><\/p>\n","protected":false},"excerpt":{"rendered":"<p>Vijver Teichpflegeset premium, bestehend aus: Cover Net (in verschiedenen Gr\u00f6\u00dfen) Pond Net Daphnia Square 35 cm Duo Pond Tool Vijver Teichpflegeset premium Bereiten Sie Ihren Teich auf die bezaubernde Herbstzeit vor und bewahren Sie seine Sch\u00f6nheit mit unserem Teichpflegeset Premium. Dieses sorgf\u00e4ltig zusammengestellte Paket von Velda-Produkten ist Ihr ultimatives Werkzeug zur Pflege Ihres Teichs im [&hellip;]<\/p>\n","protected":false},"featured_media":23893,"comment_status":"closed","ping_status":"closed","template":"","meta":{"_acf_changed":false,"_seopress_robots_primary_cat":"none","_seopress_titles_title":"","_seopress_titles_desc":"Bereiten Sie Ihren Teich mit dem Teichpflegeset Autumn Premium von Velda auf die bezaubernde Herbstsaison vor. Dieses sorgf\u00e4ltig zusammengestellte Paket bietet alles, was Sie zur herbstlichen Teichpflege ben\u00f6tigen. Das Set beinhaltet ein strapazierf\u00e4higes Velda-Abdecknetz zum Schutz vor herabfallenden Bl\u00e4ttern und \u00c4sten, ein Teichnetz f\u00fcr Daphnien zum einfachen Entfernen von Schmutz und Bl\u00e4ttern sowie das vielseitige Velda Duo-Teichwerkzeug f\u00fcr eine pr\u00e4zise Pflege. Bereiten Sie Ihren Teich mit diesem Premium-Set auf den Herbst vor und freuen Sie sich \u00fcber eine leuchtende und bezaubernde Teichlandschaft. Bestellen Sie jetzt und gestalten Sie Ihre Teichpflege im Herbst m\u00fchelos und effektiv.    ","_seopress_robots_index":""},"product_brand":[],"product_cat":[1183,1148],"product_tag":[],"class_list":{"0":"post-22616","1":"product","2":"type-product","3":"status-publish","4":"has-post-thumbnail","6":"product_cat-setzkescher","7":"product_cat-wartung","8":"pa_formaat-2-x-3-m-de","9":"pa_formaat-4-x-3-m-de","10":"pa_formaat-6-x-5-m-de","11":"yith_product_brand-velda-de","12":"entry","13":"has-media","15":"first","16":"instock","17":"taxable","18":"shipping-taxable","19":"purchasable","20":"product-type-variable","21":"has-default-attributes","22":"col","23":"span_1_of_4","24":"wvn-content-left","25":"wvn-thumbs-layout-vertical","26":"wvn-btn-normal","27":"wvn-tabs-layout-vertical"},"acf":[],"_links":{"self":[{"href":"https:\/\/wateryou.eu\/de\/wp-json\/wp\/v2\/product\/22616","targetHints":{"allow":["GET"]}}],"collection":[{"href":"https:\/\/wateryou.eu\/de\/wp-json\/wp\/v2\/product"}],"about":[{"href":"https:\/\/wateryou.eu\/de\/wp-json\/wp\/v2\/types\/product"}],"replies":[{"embeddable":true,"href":"https:\/\/wateryou.eu\/de\/wp-json\/wp\/v2\/comments?post=22616"}],"wp:featuredmedia":[{"embeddable":true,"href":"https:\/\/wateryou.eu\/de\/wp-json\/wp\/v2\/media\/23893"}],"wp:attachment":[{"href":"https:\/\/wateryou.eu\/de\/wp-json\/wp\/v2\/media?parent=22616"}],"wp:term":[{"taxonomy":"product_brand","embeddable":true,"href":"https:\/\/wateryou.eu\/de\/wp-json\/wp\/v2\/product_brand?post=22616"},{"taxonomy":"product_cat","embeddable":true,"href":"https:\/\/wateryou.eu\/de\/wp-json\/wp\/v2\/product_cat?post=22616"},{"taxonomy":"product_tag","embeddable":true,"href":"https:\/\/wateryou.eu\/de\/wp-json\/wp\/v2\/product_tag?post=22616"}],"curies":[{"name":"wp","href":"https:\/\/api.w.org\/{rel}","templated":true}]}}