{"id":22613,"date":"2023-09-07T16:58:53","date_gmt":"2023-09-07T14:58:53","guid":{"rendered":"https:\/\/wateryou.eu\/product\/velda-wasserversorgungsset\/"},"modified":"2023-09-07T16:58:53","modified_gmt":"2023-09-07T14:58:53","slug":"velda-wasserversorgungsset","status":"publish","type":"product","link":"https:\/\/wateryou.eu\/de\/produkt\/velda-wasserversorgungsset\/","title":{"rendered":"Velda Wasserversorgungsset"},"content":{"rendered":"<p>Das Velda Wasserversorgungsset bestehend aus:<\/p>\n<ul>\n<li>Bacterial (bei den 10.000 ltr. Paket enth\u00e4lt 2 Packungen Bakterien)<\/li>\n<li>GH Plus (500-ml-Packung f\u00fcr 5.000 l und 1.000 ml f\u00fcr 10.000 l. Paket)<\/li>\n<li>KH Plus (500-ml-Packung f\u00fcr 5.000 l und 1.000 ml f\u00fcr 10.000 l. Paket)<\/li>\n<li>Aqua Test Strips 6 in 1<\/li>\n<\/ul>\n<p>Erh\u00e4ltlich f\u00fcr kleine (bis 5000 Liter Wasser) und gro\u00dfe Teiche (bis 10.000 Liter Wasser).<\/p>\n<p><strong>Optimieren Sie das Teichklima mit dem Wasserversorgungsset<\/strong><\/p>\n<p>Bringen Sie mit unserem Wasserressourcen-Set auch im Herbst Leben in Ihren Teich. Dieses Set soll das Wohlbefinden Ihres Teichs gew\u00e4hrleisten und eine stabile Umgebung schaffen, in der Wasserpflanzen gedeihen und Fische gesund bleiben k\u00f6nnen. Unser Set enth\u00e4lt vier essentielle Produkte f\u00fcr die Teichpflege im Herbst:  <\/p>\n<p><strong>1. Bacterial &#8211; Das Geheimnis eines gesunden Teiches:<\/strong><\/p>\n<ul>\n<li>Enth\u00e4lt Milliarden aktiver nitrifizierender Bakterienkulturen.<\/li>\n<li>Stellt das biologische Gleichgewicht wieder her und beschleunigt es.<\/li>\n<li>Unterst\u00fctzt gesundes Pflanzenwachstum und das Wohlbefinden der Fische.<\/li>\n<li>F\u00fcr klares Teichwasser sind nur vier Gaben pro Jahr erforderlich.<\/li>\n<\/ul>\n<p><strong>2. GH Plus -optimale H\u00e4rte f\u00fcr das Pflanzenwachstum:<\/strong><\/p>\n<ul>\n<li>Erh\u00f6ht die Gesamth\u00e4rte des Teichwassers.<\/li>\n<li>Enth\u00e4lt Calcium- und Magnesiumsulfate f\u00fcr Stabilit\u00e4t.<\/li>\n<li>Hilft Wasserpflanzen zu gedeihen.<\/li>\n<li>H\u00e4lt eine empfohlene H\u00e4rte von 8\u201312 \u00b0DH aufrecht.<\/li>\n<\/ul>\n<p><strong>3. KH Plus &#8211; halten die Karbonath\u00e4rte im Gleichgewicht:<\/strong><\/p>\n<ul>\n<li>Erh\u00f6ht die Karbonath\u00e4rte (KH-Wert).<\/li>\n<li>Voorkomt verzuring en pH-daling.<\/li>\n<li>Enth\u00e4lt Calciumcarbonat und Magnesiumcarbonat f\u00fcr optimales Wachstum von Sauerstoffpflanzen.<\/li>\n<\/ul>\n<p><strong>4. Aqua test strips &#8211; intelligente Wasserwertmessung:<\/strong><\/p>\n<ul>\n<li>Messen Sie einfach und zuverl\u00e4ssig die 6 wichtigsten Wasserwerte.<\/li>\n<li>Schnelle Ergebnisse in nur 2 Sekunden.<\/li>\n<li>\u00dcberpr\u00fcfen Sie S\u00e4uregehalt, Gesamth\u00e4rte, Karbonath\u00e4rte, Nitrit, Nitrat und Chlor.<\/li>\n<li>Halten Sie das Wasser in Ihrem Aquarium oder Teich in Topzustand.<\/li>\n<\/ul>\n<p>Mit unserem Wasserversorgungs-Set k\u00f6nnen Sie beruhigt in den Herbst blicken, denn Sie wissen, dass Ihr Teich in optimalem Zustand ist. Genie\u00dfen Sie weiterhin die Sch\u00f6nheit Ihres Teichs, auch wenn die Bl\u00e4tter zu fallen beginnen. Bestellen Sie noch heute und geben Sie Ihrem Teich die Pflege, die er verdient!  <\/p>\n","protected":false},"excerpt":{"rendered":"<p>Das Velda Wasserversorgungsset bestehend aus: Bacterial (bei den 10.000 ltr. Paket enth\u00e4lt 2 Packungen Bakterien) GH Plus (500-ml-Packung f\u00fcr 5.000 l und 1.000 ml f\u00fcr 10.000 l. Paket) KH Plus (500-ml-Packung f\u00fcr 5.000 l und 1.000 ml f\u00fcr 10.000 l. Paket) Aqua Test Strips 6 in 1 Erh\u00e4ltlich f\u00fcr kleine (bis 5000 Liter Wasser) und [&hellip;]<\/p>\n","protected":false},"featured_media":23703,"comment_status":"closed","ping_status":"closed","template":"","meta":{"_acf_changed":false,"_seopress_robots_primary_cat":"none","_seopress_titles_title":"","_seopress_titles_desc":"Optimieren Sie die Teichumgebung im Herbst mit dem Velda Water Resources Set. Dieses Set ist f\u00fcr kleine und gro\u00dfe Teiche erh\u00e4ltlich und enth\u00e4lt wichtige Produkte zur Aufrechterhaltung einer gesunden und stabilen Teichumgebung. Das Set beinhaltet: Bacterial f\u00fcr ein gesundes biologisches Gleichgewicht, GH Plus f\u00fcr optimales Pflanzenwachstum, KH Plus f\u00fcr den Karbonath\u00e4rte-Ausgleich und Aqua Test Strips 6-in-1 zur genauen Wasserwertmessung. Bereiten Sie Ihren Teich herbstlich vor: Mit nur vier Gaben pro Jahr f\u00fcr klares Wasser. Mit diesem Set k\u00f6nnen Sie dem Herbst gelassen entgegensehen und weiterhin Freude an Ihrem Teich haben. Bestellen Sie noch heute und geben Sie Ihrem Teich die Pflege, die er verdient!     ","_seopress_robots_index":""},"product_brand":[],"product_cat":[1242,1243,1245,1148,1241,1197],"product_tag":[],"class_list":{"0":"post-22613","1":"product","2":"type-product","3":"status-publish","4":"has-post-thumbnail","6":"product_cat-bakterienkulturen","7":"product_cat-gh-plus-de","8":"product_cat-grunes-wasser","9":"product_cat-wartung","10":"product_cat-wasserverbesserung","11":"product_cat-watertesten-de","12":"pa_geschikt-voor-fur-10-000-liter-wasser","13":"pa_geschikt-voor-fuer-5000-liter-wasser","14":"yith_product_brand-velda-de","15":"entry","16":"has-media","18":"first","19":"instock","20":"taxable","21":"shipping-taxable","22":"purchasable","23":"product-type-variable","24":"has-default-attributes","25":"col","26":"span_1_of_4","27":"wvn-content-left","28":"wvn-thumbs-layout-vertical","29":"wvn-btn-normal","30":"wvn-tabs-layout-vertical"},"acf":[],"_links":{"self":[{"href":"https:\/\/wateryou.eu\/de\/wp-json\/wp\/v2\/product\/22613","targetHints":{"allow":["GET"]}}],"collection":[{"href":"https:\/\/wateryou.eu\/de\/wp-json\/wp\/v2\/product"}],"about":[{"href":"https:\/\/wateryou.eu\/de\/wp-json\/wp\/v2\/types\/product"}],"replies":[{"embeddable":true,"href":"https:\/\/wateryou.eu\/de\/wp-json\/wp\/v2\/comments?post=22613"}],"wp:featuredmedia":[{"embeddable":true,"href":"https:\/\/wateryou.eu\/de\/wp-json\/wp\/v2\/media\/23703"}],"wp:attachment":[{"href":"https:\/\/wateryou.eu\/de\/wp-json\/wp\/v2\/media?parent=22613"}],"wp:term":[{"taxonomy":"product_brand","embeddable":true,"href":"https:\/\/wateryou.eu\/de\/wp-json\/wp\/v2\/product_brand?post=22613"},{"taxonomy":"product_cat","embeddable":true,"href":"https:\/\/wateryou.eu\/de\/wp-json\/wp\/v2\/product_cat?post=22613"},{"taxonomy":"product_tag","embeddable":true,"href":"https:\/\/wateryou.eu\/de\/wp-json\/wp\/v2\/product_tag?post=22613"}],"curies":[{"name":"wp","href":"https:\/\/api.w.org\/{rel}","templated":true}]}}