{"id":22610,"date":"2025-02-11T10:49:08","date_gmt":"2025-02-11T08:49:08","guid":{"rendered":"https:\/\/wateryou.eu\/product\/orbis-mini-pond-miniteich-mit-wasserfall\/"},"modified":"2026-04-24T18:36:23","modified_gmt":"2026-04-24T16:36:23","slug":"orbis-mini-pond-miniteich-mit-wasserfall","status":"publish","type":"product","link":"https:\/\/wateryou.eu\/de\/produkt\/orbis-mini-pond-miniteich-mit-wasserfall\/","title":{"rendered":"Orbis Mini-Pond &#8211; Miniteich mit Wasserfall"},"content":{"rendered":"<div class=\"media-body\">\n<div class=\"text-content\">\n<p><strong data-start=\"256\" data-end=\"316\">Gestalten Sie Ihr eigenes Wasserparadies mit dem ORBIS Mini-Teich<\/strong><br data-start=\"316\" data-end=\"319\">Nicht jeder hat Platz f\u00fcr einen gro\u00dfen Teich, doch mit dem stilvollen <strong data-start=\"392\" data-end=\"413\">ORBIS Mini-Teich<\/strong> holen Sie sich die Ruhe und den Charme des Wassers trotzdem in Ihren Garten. Dieser kompakte Teich passt perfekt auf Ihre <strong data-start=\"507\" data-end=\"517\">Terrasse<\/strong>, Ihren <strong data-start=\"519\" data-end=\"529\" data-is-only-node=\"\">Balkon<\/strong>, in Ihren <strong data-start=\"531\" data-end=\"540\">Wintergarten <\/strong>oder in einen kleinen <strong data-start=\"557\" data-end=\"568\">Garten<\/strong>. Das sanfte Pl\u00e4tschern des Wassers wirkt entspannend, w\u00e4hrend der Mini-Teich Ihrem Au\u00dfenbereich sofort mehr<strong data-start=\"663\" data-end=\"697\"> Lebendigkeit und Artenvielfalt<\/strong> verleiht. Dank seines modernen Designs und der nat\u00fcrlichen Materialien f\u00fcgt sich der ORBIS m\u00fchelos in jeden Garten- und Einrichtungsstil ein \u2013 von rustikal bis modern und minimalistisch. So genie\u00dfen Sie \u00fcberall ein einzigartiges <strong data-start=\"931\" data-end=\"948\">Wassererlebnis.<\/strong>    <\/p>\n<ul>\n<li>&#8211; Nat\u00fcrliches Aussehen und Gef\u00fchl<\/li>\n<li>&#8211; Recyceltes Material<\/li>\n<li>&#8211; Langlebig und stark<\/li>\n<\/ul>\n<p>&nbsp;<\/p>\n<p><strong data-start=\"114\" data-end=\"171\">Sehen Sie, wie Sie den ORBIS Mini-Teich auspacken und aufbauen.<\/strong><br data-start=\"171\" data-end=\"174\">In diesem Video sehen Sie Schritt f\u00fcr Schritt, was sich im <strong data-start=\"235\" data-end=\"256\">ORBIS Mini-Teich-Karton<\/strong> befindet und wie Sie ihn ganz einfach aufbauen. Vom Auspacken bis zum Einsetzen des Innenbeckens, der Pumpe und des Mini-Wasserfalls \u2013 alles wird erkl\u00e4rt. Wir zeigen Ihnen au\u00dferdem, wie Sie den ORBIS mit <strong data-start=\"455\" data-end=\"471\">Wasserpflanzen<\/strong>, <strong data-start=\"473\" data-end=\"487\" data-is-only-node=\"\">Bodenkies <\/strong>und Dekorationen versch\u00f6nern k\u00f6nnen, damit Sie sofort ein wunderbares <strong data-start=\"550\" data-end=\"567\">Wassererlebnis <\/strong>auf Ihrer <strong data-start=\"574\" data-end=\"584\">Terrasse<\/strong>, Ihrem Balkon oder in Ihrem <strong data-start=\"606\" data-end=\"614\">Garten <\/strong>genie\u00dfen k\u00f6nnen.  <\/p>\n<p><iframe title=\"ORBIS Miniteich Montage und Design - Wateryou.eu\" src=\"https:\/\/www.youtube.com\/embed\/FCHeubpWvQo\" width=\"600\" height=\"450\" frameborder=\"0\" allowfullscreen=\"allowfullscreen\"><\/iframe><\/p>\n<ul>\n<li><span class=\"article-property-value\">&#8211; Miniteich mit Wasserfallpumpe und Pflanzkorb<\/span><\/li>\n<li><span class=\"article-property-value\">&#8211; Kunststoff-Au\u00dfenkorb mit wasserdichtem Innenbeh\u00e4lter<\/span><\/li>\n<li><span class=\"article-property-value\">&#8211; Beigefarbener Terrassenteich aus Korbgeflecht passt zu allen Gartenm\u00f6belstilen<\/span><\/li>\n<li><span class=\"article-property-value\">&#8211; Einfach zu bedienen, einfach zu installieren und wartungsfrei<\/span><\/li>\n<li><span class=\"article-property-value\">&#8211; Kleine vijver voor tuin, terras, veranda, patio, serre, binnentuin en balkon<\/span><\/li>\n<\/ul>\n<p>&nbsp;<\/p>\n<p><em>Dieses Set enth\u00e4lt:<\/em><\/p>\n<ul>\n<li><em>&#8211; Weidenkorb f\u00fcr den Au\u00dfenbereich<\/em><\/li>\n<li><em>&#8211; Wasserdichter Innenbeh\u00e4lter (65 Liter)<\/em><\/li>\n<li><em>&#8211; 36 Volt Pumpe inkl. Netzteil (1000 l\/h)<\/em><\/li>\n<li><em>&#8211; Holzsockel in X-Form<\/em><\/li>\n<li><em>&#8211; Wasserfall mit Filtermaterial (Aktivkohle)<\/em><\/li>\n<li><em>&#8211; H\u00e4ngender Pflanzenkorb (9&#215;9 cm) f\u00fcr die Wand<\/em><\/li>\n<\/ul>\n<p>F\u00fcgen Sie selbst ein Substrat zum Bepflanzen hinzu, wie zum<a style=\"text-decoration: underline; font-weight: bold;\" href=\"https:\/\/wateryou.eu\/de\/produkt\/mini-pond-substrate-2\/\"> Beispiel Mini-Teichsubstrat;<\/a> wir haben auch <a style=\"text-decoration: underline; font-weight: bold;\" href=\"https:\/\/wateryou.eu\/de\/produkt\/plant-basket-plastic-pflanzenkorb\/\">Pflanzk\u00f6rbe <\/a>in verschiedenen Gr\u00f6\u00dfen in unserem Gesch\u00e4ft erh\u00e4ltlich.<\/p>\n<p>&nbsp;<\/p>\n<div id='gallery-1' class='gallery galleryid-22610 gallery-columns-2 gallery-size-large'><figure class='gallery-item'>\n\t\t\t<div class='gallery-icon landscape'>\n\t\t\t\t<a href='https:\/\/wateryou.eu\/wp-content\/uploads\/2025\/02\/ORBIS-6-Gemiddeld.webp'><img decoding=\"async\" width=\"768\" height=\"768\" src=\"https:\/\/wateryou.eu\/wp-content\/uploads\/2025\/02\/ORBIS-6-Gemiddeld.webp\" class=\"attachment-large size-large\" alt=\"\" srcset=\"https:\/\/wateryou.eu\/wp-content\/uploads\/2025\/02\/ORBIS-6-Gemiddeld.webp 768w, https:\/\/wateryou.eu\/wp-content\/uploads\/2025\/02\/ORBIS-6-Gemiddeld-300x300.webp 300w, https:\/\/wateryou.eu\/wp-content\/uploads\/2025\/02\/ORBIS-6-Gemiddeld-150x150.webp 150w, https:\/\/wateryou.eu\/wp-content\/uploads\/2025\/02\/ORBIS-6-Gemiddeld-40x40.webp 40w, https:\/\/wateryou.eu\/wp-content\/uploads\/2025\/02\/ORBIS-6-Gemiddeld-20x20.webp 20w, https:\/\/wateryou.eu\/wp-content\/uploads\/2025\/02\/ORBIS-6-Gemiddeld-600x600.webp 600w, https:\/\/wateryou.eu\/wp-content\/uploads\/2025\/02\/ORBIS-6-Gemiddeld-100x100.webp 100w\" sizes=\"(max-width: 768px) 100vw, 768px\" \/><\/a>\n\t\t\t<\/div><\/figure><figure class='gallery-item'>\n\t\t\t<div class='gallery-icon landscape'>\n\t\t\t\t<a href='https:\/\/wateryou.eu\/wp-content\/uploads\/2025\/02\/ORBIS-5-Gemiddeld.webp'><img decoding=\"async\" width=\"768\" height=\"768\" src=\"https:\/\/wateryou.eu\/wp-content\/uploads\/2025\/02\/ORBIS-5-Gemiddeld.webp\" class=\"attachment-large size-large\" alt=\"\" srcset=\"https:\/\/wateryou.eu\/wp-content\/uploads\/2025\/02\/ORBIS-5-Gemiddeld.webp 768w, https:\/\/wateryou.eu\/wp-content\/uploads\/2025\/02\/ORBIS-5-Gemiddeld-300x300.webp 300w, https:\/\/wateryou.eu\/wp-content\/uploads\/2025\/02\/ORBIS-5-Gemiddeld-150x150.webp 150w, https:\/\/wateryou.eu\/wp-content\/uploads\/2025\/02\/ORBIS-5-Gemiddeld-40x40.webp 40w, https:\/\/wateryou.eu\/wp-content\/uploads\/2025\/02\/ORBIS-5-Gemiddeld-20x20.webp 20w, https:\/\/wateryou.eu\/wp-content\/uploads\/2025\/02\/ORBIS-5-Gemiddeld-600x600.webp 600w, https:\/\/wateryou.eu\/wp-content\/uploads\/2025\/02\/ORBIS-5-Gemiddeld-100x100.webp 100w\" sizes=\"(max-width: 768px) 100vw, 768px\" \/><\/a>\n\t\t\t<\/div><\/figure>\n\t\t<\/div>\n\n<\/div>\n<\/div>\n","protected":false},"excerpt":{"rendered":"<p><span class=\"article-property-value\">Velda Orbis Mini-Teich im Korb, naturbeige oder anthrazitfarbenes Weidengeflecht, runder Terrassenteich mit Wasserfall.<\/span><\/p>\n","protected":false},"featured_media":24437,"comment_status":"closed","ping_status":"closed","template":"","meta":{"_acf_changed":false,"_seopress_robots_primary_cat":"none","_seopress_titles_title":"%%post_title%% %%sep%% %%sitetitle%%","_seopress_titles_desc":"Miniteich mit Wasserfallpumpe und Pflanzkorb. Nicht jeder hat die M\u00f6glichkeit, einen Teich anzulegen, doch mit dem Orbis Miniteich sind Wassererlebnisse \u00fcberall m\u00f6glich. Ein kleiner K\u00fcbel mit pl\u00e4tscherndem Wasser bringt mehr Lebendigkeit und Artenvielfalt auf Ihre Terrasse, Ihren Balkon, Ihren Wintergarten oder Ihren Garten. Das au\u00dfergew\u00f6hnliche Design des Orbis passt zu allen Garten- und Einrichtungsstilen.   ","_seopress_robots_index":""},"product_brand":[],"product_cat":[1220],"product_tag":[1547],"class_list":{"0":"post-22610","1":"product","2":"type-product","3":"status-publish","4":"has-post-thumbnail","6":"product_cat-mini-teiche","7":"product_tag-orbis","8":"product_shipping_class-nl-standard-de","9":"yith_product_brand-velda-de","10":"entry","11":"has-media","13":"first","14":"instock","15":"sale","16":"taxable","17":"shipping-taxable","18":"purchasable","19":"product-type-variable","20":"has-default-attributes","21":"col","22":"span_1_of_4","23":"wvn-content-left","24":"wvn-thumbs-layout-vertical","25":"wvn-btn-normal","26":"wvn-tabs-layout-vertical"},"acf":[],"_links":{"self":[{"href":"https:\/\/wateryou.eu\/de\/wp-json\/wp\/v2\/product\/22610","targetHints":{"allow":["GET"]}}],"collection":[{"href":"https:\/\/wateryou.eu\/de\/wp-json\/wp\/v2\/product"}],"about":[{"href":"https:\/\/wateryou.eu\/de\/wp-json\/wp\/v2\/types\/product"}],"replies":[{"embeddable":true,"href":"https:\/\/wateryou.eu\/de\/wp-json\/wp\/v2\/comments?post=22610"}],"wp:featuredmedia":[{"embeddable":true,"href":"https:\/\/wateryou.eu\/de\/wp-json\/wp\/v2\/media\/24437"}],"wp:attachment":[{"href":"https:\/\/wateryou.eu\/de\/wp-json\/wp\/v2\/media?parent=22610"}],"wp:term":[{"taxonomy":"product_brand","embeddable":true,"href":"https:\/\/wateryou.eu\/de\/wp-json\/wp\/v2\/product_brand?post=22610"},{"taxonomy":"product_cat","embeddable":true,"href":"https:\/\/wateryou.eu\/de\/wp-json\/wp\/v2\/product_cat?post=22610"},{"taxonomy":"product_tag","embeddable":true,"href":"https:\/\/wateryou.eu\/de\/wp-json\/wp\/v2\/product_tag?post=22610"}],"curies":[{"name":"wp","href":"https:\/\/api.w.org\/{rel}","templated":true}]}}