{"id":22606,"date":"2024-02-06T10:48:20","date_gmt":"2024-02-06T08:48:20","guid":{"rendered":"https:\/\/wateryou.eu\/product\/fischfutter-nature-fish-food\/"},"modified":"2024-02-06T10:48:20","modified_gmt":"2024-02-06T08:48:20","slug":"fischfutter-nature-fish-food","status":"publish","type":"product","link":"https:\/\/wateryou.eu\/de\/produkt\/fischfutter-nature-fish-food\/","title":{"rendered":"Fischfutter &#8211; Nature Fish Food"},"content":{"rendered":"<div class=\"media-body\">\n<div class=\"text-content\">\n<p><strong>Nature Fish Food<\/strong> besteht aus 100 % <strong>gefriergetrockneten Wasserinsekten<\/strong> und Fliegen f\u00fcr Teichfische. In der freien Natur sind Fische st\u00e4ndig auf der Suche nach dieser nat\u00fcrlichen Nahrung. Auch im Gartenteich ist Nature Fish Food eine gute Erg\u00e4nzung und Abwechslung zum Hauptfutter. Naturfutter enth\u00e4lt viel Eiwei\u00df, Kalzium und Mineralstoffe, die den Stoffwechsel und den Skelettaufbau der Fische f\u00f6rdern.   <\/p>\n<p>Dieses Fischfutter ist f\u00fcr alle Teichfische geeignet, insbesondere: Goldorfe, Goldelritze, Rosettenfisch, Sonnenbarsch, Grundel.<\/p>\n<p>Das schwimmende Naturfutter wird bei Wassertemperaturen \u00fcber 12 \u00b0C verf\u00fcttert. F\u00fcttern Sie mehrmals t\u00e4glich eine Futtermenge, die innerhalb von 5 Minuten gefressen werden kann. Die Zusammensetzung mit nat\u00fcrlichen Inhaltsstoffen h\u00e4lt das Wasser l\u00e4nger sauber und den Teich gesund.  <\/p>\n<p>Velda bietet eine gro\u00dfe Auswahl an Qualit\u00e4tsfutter, basierend auf jahrelanger Erfahrung im Bereich der Fischpflege. Alle Fischfutter von Velda sind frei von genetischen Ver\u00e4nderungen (GVO-frei). <\/p>\n<p><em>Calcium <span class=\"article-property-value\">2,4<\/span> %<br \/>\n<\/em><em>Rohfaser <span class=\"article-property-value\">1,5<\/span> %<br \/>\nRohasche <span class=\"article-property-value\">23,6<\/span> %<br \/>\nRohfett <span class=\"article-property-value\">6,3<\/span> %<br \/>\nFosfor <span class=\"article-property-value\">1<\/span> %<br \/>\nNatrium <span class=\"article-property-value\">0,4<\/span> %<br \/>\nRohprotein <span class=\"article-property-value\">48<\/span> %<\/em><\/p>\n<\/div>\n<\/div>\n","protected":false},"excerpt":{"rendered":"<p><span class=\"article-property-value\">nat\u00fcrliches Fischfutter aus getrockneten Insekten<\/span><\/p>\n","protected":false},"featured_media":22271,"comment_status":"closed","ping_status":"closed","template":"","meta":{"_acf_changed":false,"_seopress_robots_primary_cat":"none","_seopress_titles_title":"Fischfutter - Nature Fish Food - Wateryou","_seopress_titles_desc":"Nature Fish Food,nat\u00fcrliche Futteroption f\u00fcr Teichfische. Besteht aus gefriergetrockneten Wasserinsekten und Fliegen. Perfekte Erg\u00e4nzung zum Hauptfutter, reich an Proteinen, Kalzium\/Mineralien, die den Stoffwechsel und den Skelettaufbau f\u00f6rdern.  ","_seopress_robots_index":""},"product_brand":[],"product_cat":[1126],"product_tag":[],"class_list":{"0":"post-22606","1":"product","2":"type-product","3":"status-publish","4":"has-post-thumbnail","6":"product_cat-fischfutter","7":"product_shipping_class-nl-standard-de","8":"yith_product_brand-velda-de","9":"entry","10":"has-media","12":"first","13":"instock","14":"taxable","15":"shipping-taxable","16":"purchasable","17":"product-type-variable","18":"has-default-attributes","19":"col","20":"span_1_of_4","21":"wvn-content-left","22":"wvn-thumbs-layout-vertical","23":"wvn-btn-normal","24":"wvn-tabs-layout-vertical"},"acf":[],"_links":{"self":[{"href":"https:\/\/wateryou.eu\/de\/wp-json\/wp\/v2\/product\/22606","targetHints":{"allow":["GET"]}}],"collection":[{"href":"https:\/\/wateryou.eu\/de\/wp-json\/wp\/v2\/product"}],"about":[{"href":"https:\/\/wateryou.eu\/de\/wp-json\/wp\/v2\/types\/product"}],"replies":[{"embeddable":true,"href":"https:\/\/wateryou.eu\/de\/wp-json\/wp\/v2\/comments?post=22606"}],"wp:featuredmedia":[{"embeddable":true,"href":"https:\/\/wateryou.eu\/de\/wp-json\/wp\/v2\/media\/22271"}],"wp:attachment":[{"href":"https:\/\/wateryou.eu\/de\/wp-json\/wp\/v2\/media?parent=22606"}],"wp:term":[{"taxonomy":"product_brand","embeddable":true,"href":"https:\/\/wateryou.eu\/de\/wp-json\/wp\/v2\/product_brand?post=22606"},{"taxonomy":"product_cat","embeddable":true,"href":"https:\/\/wateryou.eu\/de\/wp-json\/wp\/v2\/product_cat?post=22606"},{"taxonomy":"product_tag","embeddable":true,"href":"https:\/\/wateryou.eu\/de\/wp-json\/wp\/v2\/product_tag?post=22606"}],"curies":[{"name":"wp","href":"https:\/\/api.w.org\/{rel}","templated":true}]}}