{"id":22602,"date":"2024-02-06T11:00:40","date_gmt":"2024-02-06T09:00:40","guid":{"rendered":"https:\/\/wateryou.eu\/product\/fischfutter-rondett-fish-food\/"},"modified":"2024-02-06T11:00:40","modified_gmt":"2024-02-06T09:00:40","slug":"fischfutter-rondett-fish-food","status":"publish","type":"product","link":"https:\/\/wateryou.eu\/de\/produkt\/fischfutter-rondett-fish-food\/","title":{"rendered":"Fischfutter &#8211; Rondett Fish Food"},"content":{"rendered":"<div class=\"media-body\">\n<div class=\"text-content\">\n<p><strong>Rondett Fish Food<\/strong> sorgt f\u00fcr ausgezeichnetes Wachstum und gute Kondition der Fische. Neben ausreichend <strong>Proteine \u200b\u200bund Mineralien,<\/strong> Dieses 2-farbige Powerfood enth\u00e4lt Spirulina, roten Reis und Rote Bete. F\u00fcttern Sie Ihre Fische mit Rondett Fischfutter f\u00fcr sichtbar gesunde und lebendige Fische in Ihrem Teich.  <\/p>\n<p>Dieses Fischfutter ist f\u00fcr alle Teichfische geeignet, insbesondere: Goldfische, Koi-Karpfen, Aland, Oranda, Sarasa, Shubunkin.<\/p>\n<p>Die F\u00fctterung des 3 mm gro\u00dfen Schwimmgranulats erfolgt bei Wassertemperaturen \u00fcber 12 \u00b0C. F\u00fcttern Sie mehrmals t\u00e4glich eine Futtermenge, die innerhalb von 5 Minuten gefressen werden kann. Die Zusammensetzung mit nat\u00fcrlichen Inhaltsstoffen h\u00e4lt das Wasser l\u00e4nger sauber und den Teich gesund.  <\/p>\n<p>Velda bietet eine gro\u00dfe Auswahl an Qualit\u00e4tsfutter, basierend auf jahrelanger Erfahrung im Bereich der Fischpflege. Alle Fischfutter von Velda sind frei von genetischen Ver\u00e4nderungen (GVO-frei). <\/p>\n<p><em>Calcium <span class=\"article-property-value\">1,1<\/span> %<br \/>\nRohfaser <span class=\"article-property-value\">3,1<\/span> %<br \/>\nRohasche <span class=\"article-property-value\">9,1<\/span> %<br \/>\nRohfett <span class=\"article-property-value\">5<\/span> %<br \/>\nFosfor <span class=\"article-property-value\">1,2<\/span> %<br \/>\nNatrium <span class=\"article-property-value\">0,1<\/span> %<br \/>\nRohprotein <span class=\"article-property-value\">31<\/span> %<\/em><\/p>\n<\/div>\n<\/div>\n","protected":false},"excerpt":{"rendered":"<div class=\"media-body\">\n<div class=\"text-content\">\n<p>Hochwertiges Granulatfutter f\u00fcr alle Teichfische<\/p>\n<\/div>\n<\/div>\n","protected":false},"featured_media":22272,"comment_status":"closed","ping_status":"closed","template":"","meta":{"_acf_changed":false,"_seopress_robots_primary_cat":"none","_seopress_titles_title":"Fischfutter - Rondett Fish Food - Wateryou","_seopress_titles_desc":"Rondett Fischfutter f\u00fcr ausgezeichnetes Wachstum und optimale Kondition von Teichfischen. Angereichert mit Spirulina, rotem Reis und Roter Bete bietet dieses Futter eine ausgewogene Mischung f\u00fcr sichtbar gesunde und muntere Fische. ","_seopress_robots_index":""},"product_brand":[],"product_cat":[1126],"product_tag":[],"class_list":{"0":"post-22602","1":"product","2":"type-product","3":"status-publish","4":"has-post-thumbnail","6":"product_cat-fischfutter","7":"product_shipping_class-nl-standard-de","8":"yith_product_brand-velda-de","9":"entry","10":"has-media","12":"first","13":"instock","14":"taxable","15":"shipping-taxable","16":"purchasable","17":"product-type-variable","18":"has-default-attributes","19":"col","20":"span_1_of_4","21":"wvn-content-left","22":"wvn-thumbs-layout-vertical","23":"wvn-btn-normal","24":"wvn-tabs-layout-vertical"},"acf":[],"_links":{"self":[{"href":"https:\/\/wateryou.eu\/de\/wp-json\/wp\/v2\/product\/22602","targetHints":{"allow":["GET"]}}],"collection":[{"href":"https:\/\/wateryou.eu\/de\/wp-json\/wp\/v2\/product"}],"about":[{"href":"https:\/\/wateryou.eu\/de\/wp-json\/wp\/v2\/types\/product"}],"replies":[{"embeddable":true,"href":"https:\/\/wateryou.eu\/de\/wp-json\/wp\/v2\/comments?post=22602"}],"wp:featuredmedia":[{"embeddable":true,"href":"https:\/\/wateryou.eu\/de\/wp-json\/wp\/v2\/media\/22272"}],"wp:attachment":[{"href":"https:\/\/wateryou.eu\/de\/wp-json\/wp\/v2\/media?parent=22602"}],"wp:term":[{"taxonomy":"product_brand","embeddable":true,"href":"https:\/\/wateryou.eu\/de\/wp-json\/wp\/v2\/product_brand?post=22602"},{"taxonomy":"product_cat","embeddable":true,"href":"https:\/\/wateryou.eu\/de\/wp-json\/wp\/v2\/product_cat?post=22602"},{"taxonomy":"product_tag","embeddable":true,"href":"https:\/\/wateryou.eu\/de\/wp-json\/wp\/v2\/product_tag?post=22602"}],"curies":[{"name":"wp","href":"https:\/\/api.w.org\/{rel}","templated":true}]}}