{"id":22598,"date":"2024-02-06T11:16:57","date_gmt":"2024-02-06T09:16:57","guid":{"rendered":"https:\/\/wateryou.eu\/product\/fischfutter-3-colour-pellet-food\/"},"modified":"2026-05-02T17:25:44","modified_gmt":"2026-05-02T15:25:44","slug":"fischfutter-3-colour-pellet-food","status":"publish","type":"product","link":"https:\/\/wateryou.eu\/de\/produkt\/fischfutter-3-colour-pellet-food\/","title":{"rendered":"Fischfutter &#8211; 3-Colour Pellet Food"},"content":{"rendered":"<div class=\"media-body\">\n<div class=\"text-content\">\n<p><strong>3-Colour Pellet Food<\/strong> sorgt f\u00fcr intensive Farben und hervorragendes Wachstum der Fische. Dieser 3-Farben-Mix enth\u00e4lt neben einer ordentlichen Portion Baustoffe<strong> Spirulina, Kurkuma und roten Reis<\/strong>. F\u00fcttern Sie Ihre Fische mit 3-Farben-Pelletfutter f\u00fcr sichtbar gesunde und farbenfrohe Fische in Ihrem Teich.  <\/p>\n<p>Dieses Fischfutter ist f\u00fcr alle Teichfische geeignet, insbesondere: Goldfische, Kometenschweif, Sarasa, Shubunkin.<\/p>\n<p>Die F\u00fctterung des 3 mm gro\u00dfen Schwimmgranulats erfolgt bei Wassertemperaturen \u00fcber 12 \u00b0C. F\u00fcttern Sie mehrmals t\u00e4glich eine Futtermenge, die innerhalb von 5 Minuten gefressen werden kann. Die Zusammensetzung mit nat\u00fcrlichen Inhaltsstoffen h\u00e4lt das Wasser l\u00e4nger sauber und den Teich gesund.  <\/p>\n<p>Velda bietet eine gro\u00dfe Auswahl an Qualit\u00e4tsfutter, basierend auf jahrelanger Erfahrung im Bereich der Fischpflege. Alle Fischfutter von Velda sind frei von genetischen Ver\u00e4nderungen (GVO-frei). <\/p>\n<p><em>Calcium<span class=\"article-property-value\"> 1,1<\/span> %<br \/>\nRohfaser <span class=\"article-property-value\">3,1<\/span> %<br \/>\nRohasche <span class=\"article-property-value\">9,1<\/span> %<br \/>\nRohfett <span class=\"article-property-value\">5<\/span> %<br \/>\nFosfor <span class=\"article-property-value\">1,2<\/span> %<br \/>\nNatrium <span class=\"article-property-value\">0,1<\/span> %<br \/>\nRohprotein <span class=\"article-property-value\">31<\/span> %<\/em><\/p>\n<\/div>\n<\/div>\n","protected":false},"excerpt":{"rendered":"<p><span class=\"article-property-value\">3-Farbenfutter f\u00fcr intensive Farben bei allen Fischen<\/span><\/p>\n","protected":false},"featured_media":22273,"comment_status":"closed","ping_status":"closed","template":"","meta":{"_acf_changed":false,"_seopress_robots_primary_cat":"none","_seopress_titles_title":"Visvoer - 3-Colour Pellet Food - Wateryou","_seopress_titles_desc":"3-Farben-Pelletfutter f\u00fcr intensive Farben und optimales Wachstum von Teichfischen. Angereichert mit Spirulina, Kurkuma und rotem Reis, ausgewogene Mischung f\u00fcr sichtbar gesunde und farbenfrohe Fische. ","_seopress_robots_index":""},"product_brand":[],"product_cat":[1126],"product_tag":[1257],"class_list":{"0":"post-22598","1":"product","2":"type-product","3":"status-publish","4":"has-post-thumbnail","6":"product_cat-fischfutter","7":"product_tag-3-colour-pellets-de","8":"product_shipping_class-nl-standard-de","9":"yith_product_brand-velda-de","10":"entry","11":"has-media","13":"first","14":"instock","15":"taxable","16":"shipping-taxable","17":"purchasable","18":"product-type-variable","19":"has-default-attributes","20":"col","21":"span_1_of_4","22":"wvn-content-left","23":"wvn-thumbs-layout-vertical","24":"wvn-btn-normal","25":"wvn-tabs-layout-vertical"},"acf":[],"_links":{"self":[{"href":"https:\/\/wateryou.eu\/de\/wp-json\/wp\/v2\/product\/22598","targetHints":{"allow":["GET"]}}],"collection":[{"href":"https:\/\/wateryou.eu\/de\/wp-json\/wp\/v2\/product"}],"about":[{"href":"https:\/\/wateryou.eu\/de\/wp-json\/wp\/v2\/types\/product"}],"replies":[{"embeddable":true,"href":"https:\/\/wateryou.eu\/de\/wp-json\/wp\/v2\/comments?post=22598"}],"wp:featuredmedia":[{"embeddable":true,"href":"https:\/\/wateryou.eu\/de\/wp-json\/wp\/v2\/media\/22273"}],"wp:attachment":[{"href":"https:\/\/wateryou.eu\/de\/wp-json\/wp\/v2\/media?parent=22598"}],"wp:term":[{"taxonomy":"product_brand","embeddable":true,"href":"https:\/\/wateryou.eu\/de\/wp-json\/wp\/v2\/product_brand?post=22598"},{"taxonomy":"product_cat","embeddable":true,"href":"https:\/\/wateryou.eu\/de\/wp-json\/wp\/v2\/product_cat?post=22598"},{"taxonomy":"product_tag","embeddable":true,"href":"https:\/\/wateryou.eu\/de\/wp-json\/wp\/v2\/product_tag?post=22598"}],"curies":[{"name":"wp","href":"https:\/\/api.w.org\/{rel}","templated":true}]}}