{"id":22595,"date":"2024-02-06T11:33:56","date_gmt":"2024-02-06T09:33:56","guid":{"rendered":"https:\/\/wateryou.eu\/product\/fischfutter-winter-fish-food\/"},"modified":"2025-12-09T10:01:51","modified_gmt":"2025-12-09T09:01:51","slug":"fischfutter-winter-fish-food","status":"publish","type":"product","link":"https:\/\/wateryou.eu\/de\/produkt\/fischfutter-winter-fish-food\/","title":{"rendered":"Fischfutter &#8211; Winter Fish Food"},"content":{"rendered":"<div class=\"media-body\">\n<div class=\"text-content\">\n<p><strong>Winter Fish Food<\/strong> hilft den Fischen im Teich, richtig zu \u00fcberwintern. Fische sind wechselwarme Tiere und verbringen den Winter am Teichgrund. Unter 10 \u00b0C nimmt die Aktivit\u00e4t deutlich ab und damit auch der Energiebedarf. Auch die Nahrungsaufnahme verlangsamt sich und die Fische sind kaum noch zu sehen. Winterfischfutter ist optimal an diese Bedingungen in der K\u00e4lteperiode angepasst.    <\/p>\n<p>Dieses Fischfutter ist f\u00fcr alle Teichfische geeignet, insbesondere: Goldfische, Kometenschweif, Sarasa, Shubunkin.<\/p>\n<p>Das sinkende Granulat von 3 mm wird bei Wassertemperaturen zwischen 5\u00b0 und 10\u00b0C verf\u00fcttert. F\u00fcttern Sie nur einige Male pro Woche eine Futtermenge, die innerhalb von 5 Minuten gefressen wird. Die Zusammensetzung mit nat\u00fcrlichen Inhaltsstoffen h\u00e4lt das Wasser l\u00e4nger sauber und den Teich gesund.  <\/p>\n<p>Velda bietet eine gro\u00dfe Auswahl an Qualit\u00e4tsfutter, basierend auf jahrelanger Erfahrung im Bereich der Fischpflege. Alle Fischfutter von Velda sind frei von genetischen Ver\u00e4nderungen (GVO-frei). <\/p>\n<p><em>Calcium <span class=\"article-property-value\">0,9<\/span> %<br \/>\nRohfaser <span class=\"article-property-value\">1,6<\/span> %<br \/>\nRohasche <span class=\"article-property-value\">7,4<\/span> %<br \/>\nRohfett <span class=\"article-property-value\">9<\/span> %<br \/>\nFosfor <span class=\"article-property-value\">1,08<\/span> %<br \/>\nNatrium <span class=\"article-property-value\">0,1<\/span> %<br \/>\nRohprotein <span class=\"article-property-value\">30<\/span> %<\/em><\/p>\n<\/div>\n<\/div>\n","protected":false},"excerpt":{"rendered":"<div class=\"media-body\">\n<div class=\"text-content\">\n<p>Sinkendes Winterfutter mit niedrigem Energiewert<\/p>\n<\/div>\n<\/div>\n","protected":false},"featured_media":22275,"comment_status":"closed","ping_status":"closed","template":"","meta":{"_acf_changed":false,"_seopress_robots_primary_cat":"none","_seopress_titles_title":"Fischfutter - Winter Fish Food - Wateryou","_seopress_titles_desc":"Entdecken Sie Winter Fish Food, das speziell entwickelt wurde, um Teichfische in kalten Perioden zu unterst\u00fctzen. Abgestimmt auf die geringere Aktivit\u00e4t und Nahrungsaufnahme der Fische bei Wassertemperaturen unter 10 \u00b0C bietet dieses Futter eine ausgewogene Ern\u00e4hrung f\u00fcr eine gute \u00dcberwinterung. ","_seopress_robots_index":""},"product_brand":[],"product_cat":[1126],"product_tag":[],"class_list":{"0":"post-22595","1":"product","2":"type-product","3":"status-publish","4":"has-post-thumbnail","6":"product_cat-fischfutter","7":"product_shipping_class-nl-standard-de","8":"yith_product_brand-velda-de","9":"entry","10":"has-media","12":"first","13":"instock","14":"taxable","15":"shipping-taxable","16":"purchasable","17":"product-type-variable","18":"has-default-attributes","19":"col","20":"span_1_of_4","21":"wvn-content-left","22":"wvn-thumbs-layout-vertical","23":"wvn-btn-normal","24":"wvn-tabs-layout-vertical"},"acf":[],"_links":{"self":[{"href":"https:\/\/wateryou.eu\/de\/wp-json\/wp\/v2\/product\/22595","targetHints":{"allow":["GET"]}}],"collection":[{"href":"https:\/\/wateryou.eu\/de\/wp-json\/wp\/v2\/product"}],"about":[{"href":"https:\/\/wateryou.eu\/de\/wp-json\/wp\/v2\/types\/product"}],"replies":[{"embeddable":true,"href":"https:\/\/wateryou.eu\/de\/wp-json\/wp\/v2\/comments?post=22595"}],"wp:featuredmedia":[{"embeddable":true,"href":"https:\/\/wateryou.eu\/de\/wp-json\/wp\/v2\/media\/22275"}],"wp:attachment":[{"href":"https:\/\/wateryou.eu\/de\/wp-json\/wp\/v2\/media?parent=22595"}],"wp:term":[{"taxonomy":"product_brand","embeddable":true,"href":"https:\/\/wateryou.eu\/de\/wp-json\/wp\/v2\/product_brand?post=22595"},{"taxonomy":"product_cat","embeddable":true,"href":"https:\/\/wateryou.eu\/de\/wp-json\/wp\/v2\/product_cat?post=22595"},{"taxonomy":"product_tag","embeddable":true,"href":"https:\/\/wateryou.eu\/de\/wp-json\/wp\/v2\/product_tag?post=22595"}],"curies":[{"name":"wp","href":"https:\/\/api.w.org\/{rel}","templated":true}]}}