{"id":22589,"date":"2024-02-06T11:49:10","date_gmt":"2024-02-06T09:49:10","guid":{"rendered":"https:\/\/wateryou.eu\/product\/fischfutter-gold-flakes-fish-food\/"},"modified":"2024-02-06T11:49:10","modified_gmt":"2024-02-06T09:49:10","slug":"fischfutter-gold-flakes-fish-food","status":"publish","type":"product","link":"https:\/\/wateryou.eu\/de\/produkt\/fischfutter-gold-flakes-fish-food\/","title":{"rendered":"Fischfutter &#8211; Gold Flakes Fish Food"},"content":{"rendered":"<div class=\"media-body\">\n<div class=\"text-content\">\n<p><strong>Gold Flakes Fischfutter<\/strong> ist eine abwechslungsreiche Mischung aus Flockenfutter und leicht verdaulichen Sticks. Die F\u00fctterung junger Fische mit dieser Flockenmischung ist der erste Schritt zu gro\u00dfen, gesunden Teichfischen. Das Flockenfutter verteilt sich leicht auf der Wasseroberfl\u00e4che und schwimmt gut. Auch kleine oder scheue Fische bekommen die M\u00f6glichkeit, ausreichend zu fressen.   <\/p>\n<p>Dieses Fischfutter ist f\u00fcr alle Teichfische geeignet, insbesondere: Goldorfe, Silberkarpfen, Mona Lisa, Algenfresser, Grundel.<\/p>\n<p>Das schwimmende Flockenfutter wird bei Wassertemperaturen \u00fcber 10 \u00b0C verf\u00fcttert. F\u00fcttern Sie mehrmals t\u00e4glich eine Futtermenge, die innerhalb von 5 Minuten gefressen werden kann. Die Zusammensetzung mit nat\u00fcrlichen Inhaltsstoffen h\u00e4lt das Wasser l\u00e4nger sauber und den Teich gesund.  <\/p>\n<p>Velda bietet eine gro\u00dfe Auswahl an Qualit\u00e4tsfutter, basierend auf jahrelanger Erfahrung im Bereich der Fischpflege. Alle Fischfutter von Velda sind frei von genetischen Ver\u00e4nderungen (GVO-frei). <\/p>\n<\/div>\n<\/div>\n","protected":false},"excerpt":{"rendered":"<p><span class=\"article-property-value\">Flockenfutter f\u00fcr kleine und junge Fische<\/span><\/p>\n","protected":false},"featured_media":22278,"comment_status":"closed","ping_status":"closed","template":"","meta":{"_acf_changed":false,"_seopress_robots_primary_cat":"none","_seopress_titles_title":"Fischfutter - Gold Flakes Fish Food - Wateryou","_seopress_titles_desc":"Gold Flakes Fish Food, eine vielseitige Mischung aus Flockenfutter und leicht verdaulichen Sticks, ideal f\u00fcr die Entwicklung junger Fische zu gesunden Teichbewohnern. Das schwimmende Flockenfutter verteilt sich leicht und schwimmt gut, sodass auch kleine oder scheue Fische ausreichend davon fressen k\u00f6nnen. ","_seopress_robots_index":""},"product_brand":[],"product_cat":[1126],"product_tag":[],"class_list":{"0":"post-22589","1":"product","2":"type-product","3":"status-publish","4":"has-post-thumbnail","6":"product_cat-fischfutter","7":"product_shipping_class-nl-standard-de","8":"yith_product_brand-velda-de","9":"entry","10":"has-media","12":"first","13":"instock","14":"taxable","15":"shipping-taxable","16":"purchasable","17":"product-type-variable","18":"has-default-attributes","19":"col","20":"span_1_of_4","21":"wvn-content-left","22":"wvn-thumbs-layout-vertical","23":"wvn-btn-normal","24":"wvn-tabs-layout-vertical"},"acf":[],"_links":{"self":[{"href":"https:\/\/wateryou.eu\/de\/wp-json\/wp\/v2\/product\/22589","targetHints":{"allow":["GET"]}}],"collection":[{"href":"https:\/\/wateryou.eu\/de\/wp-json\/wp\/v2\/product"}],"about":[{"href":"https:\/\/wateryou.eu\/de\/wp-json\/wp\/v2\/types\/product"}],"replies":[{"embeddable":true,"href":"https:\/\/wateryou.eu\/de\/wp-json\/wp\/v2\/comments?post=22589"}],"wp:featuredmedia":[{"embeddable":true,"href":"https:\/\/wateryou.eu\/de\/wp-json\/wp\/v2\/media\/22278"}],"wp:attachment":[{"href":"https:\/\/wateryou.eu\/de\/wp-json\/wp\/v2\/media?parent=22589"}],"wp:term":[{"taxonomy":"product_brand","embeddable":true,"href":"https:\/\/wateryou.eu\/de\/wp-json\/wp\/v2\/product_brand?post=22589"},{"taxonomy":"product_cat","embeddable":true,"href":"https:\/\/wateryou.eu\/de\/wp-json\/wp\/v2\/product_cat?post=22589"},{"taxonomy":"product_tag","embeddable":true,"href":"https:\/\/wateryou.eu\/de\/wp-json\/wp\/v2\/product_tag?post=22589"}],"curies":[{"name":"wp","href":"https:\/\/api.w.org\/{rel}","templated":true}]}}