{"id":22584,"date":"2025-02-18T13:24:40","date_gmt":"2025-02-18T11:24:40","guid":{"rendered":"https:\/\/wateryou.eu\/product\/stone-waterfall-set-2\/"},"modified":"2025-02-18T13:24:40","modified_gmt":"2025-02-18T11:24:40","slug":"stone-waterfall-set-2","status":"publish","type":"product","link":"https:\/\/wateryou.eu\/de\/produkt\/stone-waterfall-set-2\/","title":{"rendered":"Stone Waterfall Set"},"content":{"rendered":"<p>2 Wasserfallelemente komplett mit Pumpe und Schlauch. Gartenbesitzer, die es etwas luxuri\u00f6ser m\u00f6gen, werden mit den Cascade-Bachelementen ihre Freude haben. Damit k\u00f6nnen Sie Ihren eigenen Wasserfall gestalten und sich den ultimativen Wunsch nach flie\u00dfendem Wasser im Garten erf\u00fcllen. Diese Elemente sind einfach zu installieren und bieten ein einzigartiges visuelles Erlebnis. Genie\u00dfen Sie den Anblick und das Gef\u00fchl von flie\u00dfendem Wasser in Ihrem Garten und erleben Sie etwas Einzigartiges. Mit den Cascade Bachlaufelementen verwandeln Sie Ihren Garten in ein wahres Paradies.     <\/p>\n<p>Dieses Wasserfall-Set l\u00e4sst sich zudem mit weiteren <a href=\"https:\/\/wateryou.eu\/de\/produkt\/velda-stone-waterfall-medium-50-cm-cascade-part-2\/\"><span style=\"color: #3366ff;\"><strong>Wasserfall-Elementen erweitern.<\/strong><\/span><\/a><\/p>\n","protected":false},"excerpt":{"rendered":"<p><span class=\"article-property-value\">2 Wasserfallelemente komplett mit Pumpe und Schlauch<\/span><\/p>\n","protected":false},"featured_media":22336,"comment_status":"closed","ping_status":"closed","template":"","meta":{"_acf_changed":false,"_seopress_robots_primary_cat":"none","_seopress_titles_title":"","_seopress_titles_desc":"","_seopress_robots_index":""},"product_brand":[],"product_cat":[1151,1149],"product_tag":[],"class_list":{"0":"post-22584","1":"product","2":"type-product","3":"status-publish","4":"has-post-thumbnail","6":"product_cat-dekoration-und-beleuchtung","7":"product_cat-erleben-sie","8":"product_shipping_class-nl-standard-de","9":"yith_product_brand-velda-de","10":"entry","11":"has-media","13":"first","14":"instock","15":"sale","16":"taxable","17":"shipping-taxable","18":"purchasable","19":"product-type-simple","20":"col","21":"span_1_of_4","22":"wvn-content-left","23":"wvn-thumbs-layout-vertical","24":"wvn-btn-normal","25":"wvn-tabs-layout-vertical"},"acf":[],"_links":{"self":[{"href":"https:\/\/wateryou.eu\/de\/wp-json\/wp\/v2\/product\/22584","targetHints":{"allow":["GET"]}}],"collection":[{"href":"https:\/\/wateryou.eu\/de\/wp-json\/wp\/v2\/product"}],"about":[{"href":"https:\/\/wateryou.eu\/de\/wp-json\/wp\/v2\/types\/product"}],"replies":[{"embeddable":true,"href":"https:\/\/wateryou.eu\/de\/wp-json\/wp\/v2\/comments?post=22584"}],"wp:featuredmedia":[{"embeddable":true,"href":"https:\/\/wateryou.eu\/de\/wp-json\/wp\/v2\/media\/22336"}],"wp:attachment":[{"href":"https:\/\/wateryou.eu\/de\/wp-json\/wp\/v2\/media?parent=22584"}],"wp:term":[{"taxonomy":"product_brand","embeddable":true,"href":"https:\/\/wateryou.eu\/de\/wp-json\/wp\/v2\/product_brand?post=22584"},{"taxonomy":"product_cat","embeddable":true,"href":"https:\/\/wateryou.eu\/de\/wp-json\/wp\/v2\/product_cat?post=22584"},{"taxonomy":"product_tag","embeddable":true,"href":"https:\/\/wateryou.eu\/de\/wp-json\/wp\/v2\/product_tag?post=22584"}],"curies":[{"name":"wp","href":"https:\/\/api.w.org\/{rel}","templated":true}]}}