{"id":22578,"date":"2025-02-18T14:56:28","date_gmt":"2025-02-18T12:56:28","guid":{"rendered":"https:\/\/wateryou.eu\/product\/basic-cover-net-teichnetz\/"},"modified":"2025-05-26T13:42:19","modified_gmt":"2025-05-26T11:42:19","slug":"basic-cover-net-teichnetz","status":"publish","type":"product","link":"https:\/\/wateryou.eu\/de\/produkt\/basic-cover-net-teichnetz\/","title":{"rendered":"Basic cover net &#8211; Teichnetz"},"content":{"rendered":"<p><span class=\"article-property-value\">Unser Abdecknetz ist das ideale Hilfsmittel zum Entfernen von Laub und \u00c4sten aus Ihrem Teich. Unsere Netze sind feinmaschig, stabil und werden inklusive Erdn\u00e4geln geliefert. Mit dem Abdecknetz fangen Sie nicht nur das bunte Herbstlaub auf dem Teich auf, sondern verhindern auch, dass Reiher Ihre wertvollen Fische aus dem Teich holen. Unser Abdecknetz ist die perfekte L\u00f6sung, um die Wasserqualit\u00e4t Ihres Teiches zu erhalten und gleichzeitig eine sch\u00f6ne Atmosph\u00e4re zu schaffen. Mit unserem Abdecknetz k\u00f6nnen Sie sicher sein, dass Ihr Teich sauber und sicher bleibt.    <\/span><\/p>\n","protected":false},"excerpt":{"rendered":"<p><span class=\"article-property-value\">Abdecknetz mit 6 Erdn\u00e4geln, in praktischer Aufbewahrungstasche<\/span><\/p>\n","protected":false},"featured_media":22329,"comment_status":"closed","ping_status":"closed","template":"","meta":{"_acf_changed":false,"_seopress_robots_primary_cat":"none","_seopress_titles_title":"","_seopress_titles_desc":"","_seopress_robots_index":""},"product_brand":[],"product_cat":[1237,1165],"product_tag":[],"class_list":{"0":"post-22578","1":"product","2":"type-product","3":"status-publish","4":"has-post-thumbnail","6":"product_cat-fischpflege","7":"product_cat-schutz","8":"yith_product_brand-velda-de","9":"entry","10":"has-media","12":"first","13":"instock","14":"taxable","15":"shipping-taxable","16":"purchasable","17":"product-type-variable","18":"has-default-attributes","19":"col","20":"span_1_of_4","21":"wvn-content-left","22":"wvn-thumbs-layout-vertical","23":"wvn-btn-normal","24":"wvn-tabs-layout-vertical","25":"has-no-thumbnails"},"acf":[],"_links":{"self":[{"href":"https:\/\/wateryou.eu\/de\/wp-json\/wp\/v2\/product\/22578","targetHints":{"allow":["GET"]}}],"collection":[{"href":"https:\/\/wateryou.eu\/de\/wp-json\/wp\/v2\/product"}],"about":[{"href":"https:\/\/wateryou.eu\/de\/wp-json\/wp\/v2\/types\/product"}],"replies":[{"embeddable":true,"href":"https:\/\/wateryou.eu\/de\/wp-json\/wp\/v2\/comments?post=22578"}],"wp:featuredmedia":[{"embeddable":true,"href":"https:\/\/wateryou.eu\/de\/wp-json\/wp\/v2\/media\/22329"}],"wp:attachment":[{"href":"https:\/\/wateryou.eu\/de\/wp-json\/wp\/v2\/media?parent=22578"}],"wp:term":[{"taxonomy":"product_brand","embeddable":true,"href":"https:\/\/wateryou.eu\/de\/wp-json\/wp\/v2\/product_brand?post=22578"},{"taxonomy":"product_cat","embeddable":true,"href":"https:\/\/wateryou.eu\/de\/wp-json\/wp\/v2\/product_cat?post=22578"},{"taxonomy":"product_tag","embeddable":true,"href":"https:\/\/wateryou.eu\/de\/wp-json\/wp\/v2\/product_tag?post=22578"}],"curies":[{"name":"wp","href":"https:\/\/api.w.org\/{rel}","templated":true}]}}