{"id":22528,"date":"2023-04-20T13:49:45","date_gmt":"2023-04-20T11:49:45","guid":{"rendered":"https:\/\/wateryou.eu\/product\/fischkescher-fischschaufelnetz\/"},"modified":"2026-05-10T15:29:37","modified_gmt":"2026-05-10T13:29:37","slug":"fischkescher-fischschaufelnetz","status":"publish","type":"product","link":"https:\/\/wateryou.eu\/de\/produkt\/fischkescher-fischschaufelnetz\/","title":{"rendered":"Fischkescher &#8211; Fischschaufelnetz"},"content":{"rendered":"<p>Unsere Aluminiumnetze und -vorbauten sind ultraleicht und robust. Ideal f\u00fcr Angler, die eine leichte Option suchen, ohne Kompromisse bei der Festigkeit einzugehen. Der Teleskopstiel hat eine L\u00e4nge von 115 cm bis 305 cm, so dass Sie Ihr Netz leicht transportieren und aufbewahren k\u00f6nnen. Unsere Netze sind in drei Gr\u00f6\u00dfen erh\u00e4ltlich: 60 cm, 80 cm und 100 cm. Das Netz und der Griff sind zwei getrennte Teile, so dass sie leicht zu transportieren sind. Aluminium ist robust, langlebig und korrosionsbest\u00e4ndig und damit die ideale Wahl f\u00fcr diese Netze und Stiele von VT.     <\/p>\n","protected":false},"excerpt":{"rendered":"<p>gro\u00dfer Kescher f\u00fcr Teiche, mit Teleskopstiel<\/p>\n","protected":false},"featured_media":21829,"comment_status":"closed","ping_status":"closed","template":"","meta":{"_acf_changed":false,"_seopress_robots_primary_cat":"none","_seopress_titles_title":"","_seopress_titles_desc":"","_seopress_robots_index":""},"product_brand":[],"product_cat":[1183,1143,1148],"product_tag":[1194,1195],"class_list":{"0":"post-22528","1":"product","2":"type-product","3":"status-publish","4":"has-post-thumbnail","6":"product_cat-setzkescher","7":"product_cat-teile-und-wartung","8":"product_cat-wartung","9":"product_tag-fischschaufelnetz","10":"product_tag-koi-kescher","11":"product_shipping_class-nl-standard-de","12":"pa_diameter-o-60-cm-de","13":"pa_formaat-o-100-cm-de","14":"pa_formaat-o-60-cm-de","15":"pa_formaat-o-80-cm-de","16":"yith_product_brand-vt-de-2","17":"entry","18":"has-media","20":"first","21":"instock","22":"sale","23":"taxable","24":"shipping-taxable","25":"purchasable","26":"product-type-variable","27":"has-default-attributes","28":"col","29":"span_1_of_4","30":"wvn-content-left","31":"wvn-thumbs-layout-vertical","32":"wvn-btn-normal","33":"wvn-tabs-layout-vertical","34":"has-no-thumbnails"},"acf":[],"_links":{"self":[{"href":"https:\/\/wateryou.eu\/de\/wp-json\/wp\/v2\/product\/22528","targetHints":{"allow":["GET"]}}],"collection":[{"href":"https:\/\/wateryou.eu\/de\/wp-json\/wp\/v2\/product"}],"about":[{"href":"https:\/\/wateryou.eu\/de\/wp-json\/wp\/v2\/types\/product"}],"replies":[{"embeddable":true,"href":"https:\/\/wateryou.eu\/de\/wp-json\/wp\/v2\/comments?post=22528"}],"wp:featuredmedia":[{"embeddable":true,"href":"https:\/\/wateryou.eu\/de\/wp-json\/wp\/v2\/media\/21829"}],"wp:attachment":[{"href":"https:\/\/wateryou.eu\/de\/wp-json\/wp\/v2\/media?parent=22528"}],"wp:term":[{"taxonomy":"product_brand","embeddable":true,"href":"https:\/\/wateryou.eu\/de\/wp-json\/wp\/v2\/product_brand?post=22528"},{"taxonomy":"product_cat","embeddable":true,"href":"https:\/\/wateryou.eu\/de\/wp-json\/wp\/v2\/product_cat?post=22528"},{"taxonomy":"product_tag","embeddable":true,"href":"https:\/\/wateryou.eu\/de\/wp-json\/wp\/v2\/product_tag?post=22528"}],"curies":[{"name":"wp","href":"https:\/\/api.w.org\/{rel}","templated":true}]}}