{"id":22527,"date":"2023-04-20T13:50:42","date_gmt":"2023-04-20T11:50:42","guid":{"rendered":"https:\/\/wateryou.eu\/product\/teichkescher-set-3-in-1-teich-set\/"},"modified":"2025-05-26T09:37:00","modified_gmt":"2025-05-26T07:37:00","slug":"teichkescher-set-3-in-1-teich-set","status":"publish","type":"product","link":"https:\/\/wateryou.eu\/de\/produkt\/teichkescher-set-3-in-1-teich-set\/","title":{"rendered":"Teichkescher-Set &#8211; 3-in-1 Teich-Set"},"content":{"rendered":"<p>Dieses multifunktionale Set ist das perfekte Werkzeug zum Aufsammeln von Gegenst\u00e4nden aller Art im und um den Teich. Das praktische Set besteht aus einem feinmaschigen Sch\u00f6pfkescher mit 40 cm Durchmesser, einem grobmaschigen quadratischen Sch\u00f6pfkescher mit 40 cm Seitenl\u00e4nge und einer Fadenalgenb\u00fcrste, die an dem mitgelieferten Teleskopstiel befestigt werden k\u00f6nnen. Dieser Teleskopstiel l\u00e4sst sich von 51 cm auf bis zu 151 cm ausziehen.    <\/p>\n<p>Diese Produkte sind aus Aluminium gefertigt, wodurch sie leicht und einfach zu handhaben sind. Durch die verschiedenen Arten von Sch\u00f6pfkeschern und die Drahtalgenb\u00fcrste eignet sich dieses Set f\u00fcr verschiedene Aufgaben im und um den Teich. <\/p>\n","protected":false},"excerpt":{"rendered":"<p>Das Set enth\u00e4lt ein grobmaschiges 40-cm-Schaufelnetz, ein feinmaschiges 40-cm-Schaufelnetz und eine Algenb\u00fcrste aus Draht.<\/p>\n","protected":false},"featured_media":22302,"comment_status":"closed","ping_status":"closed","template":"","meta":{"_acf_changed":false,"_seopress_robots_primary_cat":"none","_seopress_titles_title":"Teichkescher-Set - 3-in-1 Teich-Set","_seopress_titles_desc":"Multifunktionales Teichkescherset mit Teleskopstiel. Es besteht aus einem grobmaschigen Sch\u00f6pfkescher 40 cm, einem feinmaschigen Sch\u00f6pfkescher 40 cm und einer Algenb\u00fcrste aus Draht. ","_seopress_robots_index":""},"product_brand":[],"product_cat":[1183,1143,1148],"product_tag":[1185],"class_list":{"0":"post-22527","1":"product","2":"type-product","3":"status-publish","4":"has-post-thumbnail","6":"product_cat-setzkescher","7":"product_cat-teile-und-wartung","8":"product_cat-wartung","9":"product_tag-teichnetze","10":"product_shipping_class-nl-standard-de","11":"yith_product_brand-vt-de-2","12":"entry","13":"has-media","15":"first","16":"instock","17":"taxable","18":"shipping-taxable","19":"purchasable","20":"product-type-simple","21":"col","22":"span_1_of_4","23":"wvn-content-left","24":"wvn-thumbs-layout-vertical","25":"wvn-btn-normal","26":"wvn-tabs-layout-vertical"},"acf":[],"_links":{"self":[{"href":"https:\/\/wateryou.eu\/de\/wp-json\/wp\/v2\/product\/22527","targetHints":{"allow":["GET"]}}],"collection":[{"href":"https:\/\/wateryou.eu\/de\/wp-json\/wp\/v2\/product"}],"about":[{"href":"https:\/\/wateryou.eu\/de\/wp-json\/wp\/v2\/types\/product"}],"replies":[{"embeddable":true,"href":"https:\/\/wateryou.eu\/de\/wp-json\/wp\/v2\/comments?post=22527"}],"wp:featuredmedia":[{"embeddable":true,"href":"https:\/\/wateryou.eu\/de\/wp-json\/wp\/v2\/media\/22302"}],"wp:attachment":[{"href":"https:\/\/wateryou.eu\/de\/wp-json\/wp\/v2\/media?parent=22527"}],"wp:term":[{"taxonomy":"product_brand","embeddable":true,"href":"https:\/\/wateryou.eu\/de\/wp-json\/wp\/v2\/product_brand?post=22527"},{"taxonomy":"product_cat","embeddable":true,"href":"https:\/\/wateryou.eu\/de\/wp-json\/wp\/v2\/product_cat?post=22527"},{"taxonomy":"product_tag","embeddable":true,"href":"https:\/\/wateryou.eu\/de\/wp-json\/wp\/v2\/product_tag?post=22527"}],"curies":[{"name":"wp","href":"https:\/\/api.w.org\/{rel}","templated":true}]}}