{"id":22519,"date":"2023-04-20T13:52:47","date_gmt":"2023-04-20T11:52:47","guid":{"rendered":"https:\/\/wateryou.eu\/product\/luftschlauch-transparent\/"},"modified":"2025-05-26T09:37:13","modified_gmt":"2025-05-26T07:37:13","slug":"luftschlauch-transparent","status":"publish","type":"product","link":"https:\/\/wateryou.eu\/de\/produkt\/luftschlauch-transparent\/","title":{"rendered":"Luftschlauch transparent"},"content":{"rendered":"<p>Der V-Tech-Luftschlauch ist ein langlebiges Produkt, das f\u00fcr den Anschluss von V-Tech-Luftpumpen und Air Stones geeignet ist. Erh\u00e4ltlich in verschiedenen Gr\u00f6\u00dfen, darunter 15 Meter 4\/6 mm transparent, 15 Meter 4\/6 mm schwarz, 15 Meter 6\/9 mm transparent, 15 Meter 6\/9 mm schwarz, 10 Meter 9\/12 mm transparent und 10 Meter 9\/12 mm schwarz. Der Schlauch ist aus hochwertigem PVC gefertigt und hat eine lange Lebensdauer. Au\u00dferdem ist der Schlauch witterungsbest\u00e4ndig und abriebfest. Mit diesem Luftschlauch stellen Sie ganz einfach eine zuverl\u00e4ssige Verbindung zwischen der Luftpumpe und dem Air Stone her.<\/p>\n","protected":false},"excerpt":{"rendered":"<p>transparenter Luftschlauch f\u00fcr perfekte Teichbel\u00fcftung<\/p>\n","protected":false},"featured_media":21866,"comment_status":"closed","ping_status":"closed","template":"","meta":{"_acf_changed":false,"_seopress_robots_primary_cat":"none","_seopress_titles_title":"","_seopress_titles_desc":"","_seopress_robots_index":""},"product_brand":[],"product_cat":[1120,1143],"product_tag":[1181,1184],"class_list":{"0":"post-22519","1":"product","2":"type-product","3":"status-publish","4":"has-post-thumbnail","6":"product_cat-nicht-kategorisiert","7":"product_cat-teile-und-wartung","8":"product_tag-9-12-mm-de","9":"product_tag-luftschlauch","10":"product_shipping_class-nl-standard-de","11":"pa_diameter-6-9-mm-de","12":"pa_diameter-9-12-mm-de","13":"pa_formaat-10-m-de","14":"pa_formaat-15-m-de","15":"pa_geschikt-voor-4-6-mm-de","16":"pa_geschikt-voor-6-9-mm-de","17":"pa_geschikt-voor-9-12-mm-de","18":"yith_product_brand-vt-de-2","19":"entry","20":"has-media","22":"first","23":"instock","24":"taxable","25":"shipping-taxable","26":"purchasable","27":"product-type-variable","28":"col","29":"span_1_of_4","30":"wvn-content-left","31":"wvn-thumbs-layout-vertical","32":"wvn-btn-normal","33":"wvn-tabs-layout-vertical","34":"has-no-thumbnails"},"acf":[],"_links":{"self":[{"href":"https:\/\/wateryou.eu\/de\/wp-json\/wp\/v2\/product\/22519","targetHints":{"allow":["GET"]}}],"collection":[{"href":"https:\/\/wateryou.eu\/de\/wp-json\/wp\/v2\/product"}],"about":[{"href":"https:\/\/wateryou.eu\/de\/wp-json\/wp\/v2\/types\/product"}],"replies":[{"embeddable":true,"href":"https:\/\/wateryou.eu\/de\/wp-json\/wp\/v2\/comments?post=22519"}],"wp:featuredmedia":[{"embeddable":true,"href":"https:\/\/wateryou.eu\/de\/wp-json\/wp\/v2\/media\/21866"}],"wp:attachment":[{"href":"https:\/\/wateryou.eu\/de\/wp-json\/wp\/v2\/media?parent=22519"}],"wp:term":[{"taxonomy":"product_brand","embeddable":true,"href":"https:\/\/wateryou.eu\/de\/wp-json\/wp\/v2\/product_brand?post=22519"},{"taxonomy":"product_cat","embeddable":true,"href":"https:\/\/wateryou.eu\/de\/wp-json\/wp\/v2\/product_cat?post=22519"},{"taxonomy":"product_tag","embeddable":true,"href":"https:\/\/wateryou.eu\/de\/wp-json\/wp\/v2\/product_tag?post=22519"}],"curies":[{"name":"wp","href":"https:\/\/api.w.org\/{rel}","templated":true}]}}