{"id":22518,"date":"2023-04-20T13:47:47","date_gmt":"2023-04-20T11:47:47","guid":{"rendered":"https:\/\/wateryou.eu\/product\/garten-stream-set\/"},"modified":"2025-05-26T09:36:43","modified_gmt":"2025-05-26T07:36:43","slug":"garten-stream-set","status":"publish","type":"product","link":"https:\/\/wateryou.eu\/de\/produkt\/garten-stream-set\/","title":{"rendered":"Garten Stream Set"},"content":{"rendered":"<p>Die Garden Stream Bachlaufelemente sind perfekt f\u00fcr Gartenbesitzer, die sich einen flie\u00dfenden Wasserlauf im Garten w\u00fcnschen. Die Elemente sind unzerbrechlich und frostbest\u00e4ndig und k\u00f6nnen stufenweise \u00fcbereinander gelegt werden, um einen eindrucksvollen Wasserlauf zu schaffen. Auch ohne Teich ist ein Wasserlauf m\u00f6glich &#8211; ein (unterirdisches) Wasserreservoir und eine Pumpe gen\u00fcgen. Der Wasserlauf ist in zwei Varianten erh\u00e4ltlich:   <\/p>\n<ul>\n<li>klein (81 x 58 x 10 cm)<\/li>\n<li>gro\u00df (104 x 54 x 10 cm)<\/li>\n<\/ul>\n<p>Dies ist das komplette Set mit einer 2400 l\/h Pumpe und Schlauch.<\/p>\n","protected":false},"excerpt":{"rendered":"<p>Wasserlaufelement komplett mit Pumpe und Schlauch<\/p>\n","protected":false},"featured_media":22280,"comment_status":"closed","ping_status":"closed","template":"","meta":{"_acf_changed":false,"_seopress_robots_primary_cat":"none","_seopress_titles_title":"Garten-Bach-Set inkl. Pumpe - Wateryou","_seopress_titles_desc":"Garden Stream Wasserlaufelement inkl. Pumpe. Eine tolle M\u00f6glichkeit, um schnell einen sch\u00f6nen Bachlauf in Ihrem Garten zu schaffen. Die Elemente sind aus unzerbrechlichem und frostsicherem Material gefertigt.  ","_seopress_robots_index":""},"product_brand":[],"product_cat":[1151,1149],"product_tag":[1169,1173,1171,1172],"class_list":{"0":"post-22518","1":"product","2":"type-product","3":"status-publish","4":"has-post-thumbnail","6":"product_cat-dekoration-und-beleuchtung","7":"product_cat-erleben-sie","8":"product_tag-2400-l-h-de","9":"product_tag-set-mit-pumpe","10":"product_tag-wasserlauf","11":"product_tag-wasserlauf-de","12":"product_shipping_class-nl-standard-de","13":"pa_formaat-105-cm-de","14":"pa_formaat-80-cm-de","15":"pa_geschikt-voor-2400-l-h-de","16":"pa_inhoud-wasserlaufelement-mit-pumpe-und-schlauch","17":"yith_product_brand-vt-de-2","18":"entry","19":"has-media","21":"first","22":"instock","23":"sale","24":"taxable","25":"shipping-taxable","26":"purchasable","27":"product-type-variable","28":"has-default-attributes","29":"col","30":"span_1_of_4","31":"wvn-content-left","32":"wvn-thumbs-layout-vertical","33":"wvn-btn-normal","34":"wvn-tabs-layout-vertical"},"acf":[],"_links":{"self":[{"href":"https:\/\/wateryou.eu\/de\/wp-json\/wp\/v2\/product\/22518","targetHints":{"allow":["GET"]}}],"collection":[{"href":"https:\/\/wateryou.eu\/de\/wp-json\/wp\/v2\/product"}],"about":[{"href":"https:\/\/wateryou.eu\/de\/wp-json\/wp\/v2\/types\/product"}],"replies":[{"embeddable":true,"href":"https:\/\/wateryou.eu\/de\/wp-json\/wp\/v2\/comments?post=22518"}],"wp:featuredmedia":[{"embeddable":true,"href":"https:\/\/wateryou.eu\/de\/wp-json\/wp\/v2\/media\/22280"}],"wp:attachment":[{"href":"https:\/\/wateryou.eu\/de\/wp-json\/wp\/v2\/media?parent=22518"}],"wp:term":[{"taxonomy":"product_brand","embeddable":true,"href":"https:\/\/wateryou.eu\/de\/wp-json\/wp\/v2\/product_brand?post=22518"},{"taxonomy":"product_cat","embeddable":true,"href":"https:\/\/wateryou.eu\/de\/wp-json\/wp\/v2\/product_cat?post=22518"},{"taxonomy":"product_tag","embeddable":true,"href":"https:\/\/wateryou.eu\/de\/wp-json\/wp\/v2\/product_tag?post=22518"}],"curies":[{"name":"wp","href":"https:\/\/api.w.org\/{rel}","templated":true}]}}