{"id":22507,"date":"2023-04-20T13:50:42","date_gmt":"2023-04-20T11:50:42","guid":{"rendered":"https:\/\/wateryou.eu\/product\/duo-pond-tool-teichschere-und-zange\/"},"modified":"2025-05-26T09:36:34","modified_gmt":"2025-05-26T07:36:34","slug":"duo-pond-tool-teichschere-und-zange","status":"publish","type":"product","link":"https:\/\/wateryou.eu\/de\/produkt\/duo-pond-tool-teichschere-und-zange\/","title":{"rendered":"Duo Pond Tool &#8211; Teichschere und Zange"},"content":{"rendered":"<p>Das Velda Duo Pond Tool ist ein 2-in-1-Teichwerkzeug mit einer gro\u00dfen Reichweite. Dieses Multifunktionswerkzeug aus korrosionsbest\u00e4ndigem Material ist Teichschere und Zange in einem. Au\u00dferdem ist eine Ersatzklinge enthalten. Mit dem Duo Pond Tool k\u00f6nnen Sie m\u00fchelos Pflanzenteile aus Ihrem Teich schneiden und entfernen.   <\/p>\n<p>Eigenschaften des Velda Duo Teichwerkzeugs:<br \/>\n&#8211; Teichschere und Zange in einem<br \/>\n&#8211; Mit Griffelementen zum Entfernen von Pflanzenteilen<br \/>\n&#8211; Inklusive Ersatzklinge<br \/>\n&#8211; Korrosionsbest\u00e4ndiges Material<br \/>\n&#8211; Gro\u00dfe Reichweite<\/p>\n","protected":false},"excerpt":{"rendered":"<p>Teichschere und Zange in einem<\/p>\n","protected":false},"featured_media":21834,"comment_status":"closed","ping_status":"closed","template":"","meta":{"_acf_changed":false,"_seopress_robots_primary_cat":"none","_seopress_titles_title":"","_seopress_titles_desc":"","_seopress_robots_index":""},"product_brand":[],"product_cat":[1148],"product_tag":[1152,1150],"class_list":{"0":"post-22507","1":"product","2":"type-product","3":"status-publish","4":"has-post-thumbnail","6":"product_cat-wartung","7":"product_tag-duo-tool-de","8":"product_tag-teichschere-und-zange","9":"product_shipping_class-nl-standard-de","10":"pa_formaat-180-cm-de","11":"yith_product_brand-velda-de","12":"entry","13":"has-media","15":"first","16":"instock","17":"taxable","18":"shipping-taxable","19":"purchasable","20":"product-type-simple","21":"col","22":"span_1_of_4","23":"wvn-content-left","24":"wvn-thumbs-layout-vertical","25":"wvn-btn-normal","26":"wvn-tabs-layout-vertical"},"acf":[],"_links":{"self":[{"href":"https:\/\/wateryou.eu\/de\/wp-json\/wp\/v2\/product\/22507","targetHints":{"allow":["GET"]}}],"collection":[{"href":"https:\/\/wateryou.eu\/de\/wp-json\/wp\/v2\/product"}],"about":[{"href":"https:\/\/wateryou.eu\/de\/wp-json\/wp\/v2\/types\/product"}],"replies":[{"embeddable":true,"href":"https:\/\/wateryou.eu\/de\/wp-json\/wp\/v2\/comments?post=22507"}],"wp:featuredmedia":[{"embeddable":true,"href":"https:\/\/wateryou.eu\/de\/wp-json\/wp\/v2\/media\/21834"}],"wp:attachment":[{"href":"https:\/\/wateryou.eu\/de\/wp-json\/wp\/v2\/media?parent=22507"}],"wp:term":[{"taxonomy":"product_brand","embeddable":true,"href":"https:\/\/wateryou.eu\/de\/wp-json\/wp\/v2\/product_brand?post=22507"},{"taxonomy":"product_cat","embeddable":true,"href":"https:\/\/wateryou.eu\/de\/wp-json\/wp\/v2\/product_cat?post=22507"},{"taxonomy":"product_tag","embeddable":true,"href":"https:\/\/wateryou.eu\/de\/wp-json\/wp\/v2\/product_tag?post=22507"}],"curies":[{"name":"wp","href":"https:\/\/api.w.org\/{rel}","templated":true}]}}