{"id":22506,"date":"2023-04-20T13:48:17","date_gmt":"2023-04-20T11:48:17","guid":{"rendered":"https:\/\/wateryou.eu\/product\/garden-stream-wasserlauf\/"},"modified":"2025-05-26T09:36:34","modified_gmt":"2025-05-26T07:36:34","slug":"garden-stream-wasserlauf","status":"publish","type":"product","link":"https:\/\/wateryou.eu\/de\/produkt\/garden-stream-wasserlauf\/","title":{"rendered":"Garden Stream &#8211; Wasserlauf"},"content":{"rendered":"<p>Mit den Garden Stream Bachlaufelementen k\u00f6nnen Sie schnell und einfach einen sch\u00f6nen Bachlauf in Ihrem Garten anlegen. Die Elemente sind aus unzerbrechlichem und frostbest\u00e4ndigem Material gefertigt und in zwei verschiedenen Gr\u00f6\u00dfen erh\u00e4ltlich: <\/p>\n<ul>\n<li>klein (81 x 58 x 10 cm)<\/li>\n<li>gro\u00df (104 x 54 x 10 cm)<\/li>\n<\/ul>\n<p>Dar\u00fcber hinaus k\u00f6nnen sie auch als komplettes Set mit einer 2400 l\/h Pumpe und einem Schlauch erworben werden. Mit diesen Sets ist es sogar m\u00f6glich, in Ihrem Garten einen Wasserlauf ohne Teich anzulegen, indem Sie ein unterirdisches Wasserreservoir zum Sammeln des Wassers und die Pumpe verwenden. Genie\u00dfen Sie das pl\u00e4tschernde Ger\u00e4usch von flie\u00dfendem Wasser in Ihrem Garten und schaffen Sie einen beeindruckenden Wasserlauf mit den Garden Stream Wasserlaufelementen.  <\/p>\n","protected":false},"excerpt":{"rendered":"<p>Flie\u00dfgew\u00e4sserelement, zusammenschaltbar<\/p>\n","protected":false},"featured_media":22279,"comment_status":"closed","ping_status":"closed","template":"","meta":{"_acf_changed":false,"_seopress_robots_primary_cat":"none","_seopress_titles_title":"Garten Bach - Wasserlauf - Wateryou","_seopress_titles_desc":"Garden Stream Bachlaufelement, eine wunderbare M\u00f6glichkeit, um schnell einen sch\u00f6nen Bachlauf in Ihrem Garten zu schaffen. Die Elemente sind aus unzerbrechlichem und frostbest\u00e4ndigem Material gefertigt. ","_seopress_robots_index":""},"product_brand":[],"product_cat":[1151,1149],"product_tag":[],"class_list":{"0":"post-22506","1":"product","2":"type-product","3":"status-publish","4":"has-post-thumbnail","6":"product_cat-dekoration-und-beleuchtung","7":"product_cat-erleben-sie","8":"product_shipping_class-nl-standard-de","9":"pa_formaat-105-cm-de","10":"pa_formaat-80-cm-de","11":"yith_product_brand-vt-de-2","12":"entry","13":"has-media","15":"first","16":"outofstock","17":"sale","18":"taxable","19":"shipping-taxable","20":"purchasable","21":"product-type-variable","22":"has-default-attributes","23":"col","24":"span_1_of_4","25":"wvn-content-left","26":"wvn-thumbs-layout-vertical","27":"wvn-btn-normal","28":"wvn-tabs-layout-vertical"},"acf":[],"_links":{"self":[{"href":"https:\/\/wateryou.eu\/de\/wp-json\/wp\/v2\/product\/22506","targetHints":{"allow":["GET"]}}],"collection":[{"href":"https:\/\/wateryou.eu\/de\/wp-json\/wp\/v2\/product"}],"about":[{"href":"https:\/\/wateryou.eu\/de\/wp-json\/wp\/v2\/types\/product"}],"replies":[{"embeddable":true,"href":"https:\/\/wateryou.eu\/de\/wp-json\/wp\/v2\/comments?post=22506"}],"wp:featuredmedia":[{"embeddable":true,"href":"https:\/\/wateryou.eu\/de\/wp-json\/wp\/v2\/media\/22279"}],"wp:attachment":[{"href":"https:\/\/wateryou.eu\/de\/wp-json\/wp\/v2\/media?parent=22506"}],"wp:term":[{"taxonomy":"product_brand","embeddable":true,"href":"https:\/\/wateryou.eu\/de\/wp-json\/wp\/v2\/product_brand?post=22506"},{"taxonomy":"product_cat","embeddable":true,"href":"https:\/\/wateryou.eu\/de\/wp-json\/wp\/v2\/product_cat?post=22506"},{"taxonomy":"product_tag","embeddable":true,"href":"https:\/\/wateryou.eu\/de\/wp-json\/wp\/v2\/product_tag?post=22506"}],"curies":[{"name":"wp","href":"https:\/\/api.w.org\/{rel}","templated":true}]}}