{"id":22505,"date":"2023-04-20T13:47:47","date_gmt":"2023-04-20T11:47:47","guid":{"rendered":"https:\/\/wateryou.eu\/product\/deckel\/"},"modified":"2025-05-26T09:36:34","modified_gmt":"2025-05-26T07:36:34","slug":"deckel","status":"publish","type":"product","link":"https:\/\/wateryou.eu\/de\/produkt\/deckel\/","title":{"rendered":"Deckel"},"content":{"rendered":"<p>Dieses Schlauchtrommelset besteht aus 2 x Einlauft\u00fclle 25\/32\/40 mm + 2 x Auslauft\u00fclle 32\/40 mm. Die Schlaucht\u00fclle ist aus starkem Messing gefertigt, was eine lange Lebensdauer garantiert. Dieses Set eignet sich f\u00fcr verschiedene Anwendungen, wie zum Beispiel den Anschluss von Wasser, \u00d6l und anderen Fl\u00fcssigkeiten oder Gas.  <\/p>\n<p>Mit dieser Schlaucht\u00fclle k\u00f6nnen Sie sicherstellen, dass Ihre Rohre sicher und zuverl\u00e4ssig verbunden sind. Das Set ist mit einer drehbaren Verbindung ausgestattet, die eine sichere Befestigung der Rohre erm\u00f6glicht und Leckagen verhindert. F\u00fcr den unwahrscheinlichen Fall, dass ein Teil ausf\u00e4llt, k\u00f6nnen diese separat bestellt werden. Nachstehend finden Sie eine Liste der verf\u00fcgbaren Teile:     <\/p>\n<p>&#8211; 25-mm-Einlauft\u00fclle<br \/>\n&#8211; 32-mm-Einlauft\u00fclle<br \/>\n&#8211; 40-mm-Einlauft\u00fclle<br \/>\n&#8211; 32-mm-Auslauft\u00fclle<br \/>\n&#8211; 40-mm-Auslauft\u00fclle<br \/>\n&#8211; Schlauchdrehgelenk aus Messing, 32 mm<\/p>\n<p>Das Schlaucht\u00fcllenset bietet eine perfekte L\u00f6sung f\u00fcr die Verbindung verschiedener Rohre. Ob Sie eine zuverl\u00e4ssige Verbindung f\u00fcr Wasser, \u00d6l oder Gas suchen, dieses Set ist die perfekte L\u00f6sung. Mit diesem Schlaucht\u00fcllen-Set haben Sie die Gewissheit einer sicheren und zuverl\u00e4ssigen Verbindung.  <\/p>\n","protected":false},"excerpt":{"rendered":"<p>austauschbares Teil<\/p>\n","protected":false},"featured_media":21822,"comment_status":"closed","ping_status":"closed","template":"","meta":{"_acf_changed":false,"_seopress_robots_primary_cat":"","_seopress_titles_title":"","_seopress_titles_desc":"","_seopress_robots_index":""},"product_brand":[],"product_cat":[1120,1143],"product_tag":[1144],"class_list":{"0":"post-22505","1":"product","2":"type-product","3":"status-publish","4":"has-post-thumbnail","6":"product_cat-nicht-kategorisiert","7":"product_cat-teile-und-wartung","8":"product_tag-fur-clear-control-100-ng","9":"product_shipping_class-nl-standard-de","10":"pa_geschikt-voor-fur-clear-control-100-ng","11":"yith_product_brand-velda-de","12":"entry","13":"has-media","15":"first","16":"instock","17":"sale","18":"taxable","19":"shipping-taxable","20":"purchasable","21":"product-type-simple","22":"col","23":"span_1_of_4","24":"wvn-content-left","25":"wvn-thumbs-layout-vertical","26":"wvn-btn-normal","27":"wvn-tabs-layout-vertical","28":"has-no-thumbnails"},"acf":[],"_links":{"self":[{"href":"https:\/\/wateryou.eu\/de\/wp-json\/wp\/v2\/product\/22505","targetHints":{"allow":["GET"]}}],"collection":[{"href":"https:\/\/wateryou.eu\/de\/wp-json\/wp\/v2\/product"}],"about":[{"href":"https:\/\/wateryou.eu\/de\/wp-json\/wp\/v2\/types\/product"}],"replies":[{"embeddable":true,"href":"https:\/\/wateryou.eu\/de\/wp-json\/wp\/v2\/comments?post=22505"}],"wp:featuredmedia":[{"embeddable":true,"href":"https:\/\/wateryou.eu\/de\/wp-json\/wp\/v2\/media\/21822"}],"wp:attachment":[{"href":"https:\/\/wateryou.eu\/de\/wp-json\/wp\/v2\/media?parent=22505"}],"wp:term":[{"taxonomy":"product_brand","embeddable":true,"href":"https:\/\/wateryou.eu\/de\/wp-json\/wp\/v2\/product_brand?post=22505"},{"taxonomy":"product_cat","embeddable":true,"href":"https:\/\/wateryou.eu\/de\/wp-json\/wp\/v2\/product_cat?post=22505"},{"taxonomy":"product_tag","embeddable":true,"href":"https:\/\/wateryou.eu\/de\/wp-json\/wp\/v2\/product_tag?post=22505"}],"curies":[{"name":"wp","href":"https:\/\/api.w.org\/{rel}","templated":true}]}}