{"id":22489,"date":"2023-04-20T13:55:09","date_gmt":"2023-04-20T11:55:09","guid":{"rendered":"https:\/\/wateryou.eu\/product\/3-farben-pellets-premium\/"},"modified":"2026-03-16T11:59:26","modified_gmt":"2026-03-16T10:59:26","slug":"3-farben-pellets-premium","status":"publish","type":"product","link":"https:\/\/wateryou.eu\/de\/produkt\/3-farben-pellets-premium\/","title":{"rendered":"3-Farben-Pellets Premium"},"content":{"rendered":"<p>3-Colour Premium Pellets Teichfischfutter ist das ultimative Futter f\u00fcr alle Teichfische. Dieses hochwertige Futter enth\u00e4lt die richtigen Proteine, Fette und Mineralien f\u00fcr eine gesunde Wachstumsentwicklung der Fische. Au\u00dferdem ist es reich an zus\u00e4tzlichen Vitaminen f\u00fcr eine perfekte Kondition und intensive Farbmuster. Die Zusammensetzung des Futters besteht aus Fischmehl, Maiskleber, Weizengluten, Leinsamen, Schalentiermehl, Hefe, Krill, Algenmehl, Vitaminen und Mineralien. Au\u00dferdem enth\u00e4lt es keine sch\u00e4dlichen Zusatzstoffe wie Farb- oder Konservierungsstoffe. Das Futter ist in einem wiederverschlie\u00dfbaren 15-Liter-Beh\u00e4lter verpackt, so dass Ihre Fische immer optimal ern\u00e4hrt werden k\u00f6nnen.     <\/p>\n","protected":false},"excerpt":{"rendered":"<p>Teichfischfutter mit Vitaminen in praktischer Tragetasche<\/p>\n","protected":false},"featured_media":21468,"comment_status":"closed","ping_status":"open","template":"","meta":{"_acf_changed":false,"_seopress_robots_primary_cat":"","_seopress_titles_title":"","_seopress_titles_desc":"","_seopress_robots_index":""},"product_brand":[],"product_cat":[1126],"product_tag":[],"class_list":{"0":"post-22489","1":"product","2":"type-product","3":"status-publish","4":"has-post-thumbnail","6":"product_cat-fischfutter","7":"product_shipping_class-nl-standard-de","8":"pa_formaat-15-liter-de","9":"yith_product_brand-vt-de-2","10":"entry","11":"has-media","13":"first","14":"instock","15":"taxable","16":"shipping-taxable","17":"purchasable","18":"product-type-simple","19":"col","20":"span_1_of_4","21":"wvn-content-left","22":"wvn-thumbs-layout-vertical","23":"wvn-btn-normal","24":"wvn-tabs-layout-vertical","25":"has-no-thumbnails"},"acf":[],"_links":{"self":[{"href":"https:\/\/wateryou.eu\/de\/wp-json\/wp\/v2\/product\/22489","targetHints":{"allow":["GET"]}}],"collection":[{"href":"https:\/\/wateryou.eu\/de\/wp-json\/wp\/v2\/product"}],"about":[{"href":"https:\/\/wateryou.eu\/de\/wp-json\/wp\/v2\/types\/product"}],"replies":[{"embeddable":true,"href":"https:\/\/wateryou.eu\/de\/wp-json\/wp\/v2\/comments?post=22489"}],"wp:featuredmedia":[{"embeddable":true,"href":"https:\/\/wateryou.eu\/de\/wp-json\/wp\/v2\/media\/21468"}],"wp:attachment":[{"href":"https:\/\/wateryou.eu\/de\/wp-json\/wp\/v2\/media?parent=22489"}],"wp:term":[{"taxonomy":"product_brand","embeddable":true,"href":"https:\/\/wateryou.eu\/de\/wp-json\/wp\/v2\/product_brand?post=22489"},{"taxonomy":"product_cat","embeddable":true,"href":"https:\/\/wateryou.eu\/de\/wp-json\/wp\/v2\/product_cat?post=22489"},{"taxonomy":"product_tag","embeddable":true,"href":"https:\/\/wateryou.eu\/de\/wp-json\/wp\/v2\/product_tag?post=22489"}],"curies":[{"name":"wp","href":"https:\/\/api.w.org\/{rel}","templated":true}]}}