{"id":22488,"date":"2023-04-20T13:56:55","date_gmt":"2023-04-20T11:56:55","guid":{"rendered":"https:\/\/wateryou.eu\/product\/fischfutter-2-colour-pellet-3-mm-fischfutter\/"},"modified":"2025-08-09T11:56:48","modified_gmt":"2025-08-09T09:56:48","slug":"fischfutter-2-colour-pellet-3-mm-fischfutter","status":"publish","type":"product","link":"https:\/\/wateryou.eu\/de\/produkt\/fischfutter-2-colour-pellet-3-mm-fischfutter\/","title":{"rendered":"Fischfutter 2-Colour Pellet 3 mm &#8211; Fischfutter"},"content":{"rendered":"<p>Unsere schwimmenden Pellets in zwei Farben bieten die perfekte Nahrung f\u00fcr alle Arten von Teichfischen. Sie sind in den Gr\u00f6\u00dfen 3 und 6 mm erh\u00e4ltlich, so dass Sie w\u00e4hlen k\u00f6nnen, was am besten zu Ihren Fischen passt. Die Pellets sind mit einem hohen Gehalt an Proteinen, Ballaststoffen und Vitaminen formuliert, um einen optimalen N\u00e4hrstoffgehalt zu gew\u00e4hrleisten. Au\u00dferdem werden die Pellets in einer praktischen Aufbewahrungsbox geliefert, in der Sie sie sicher und hygienisch aufbewahren und leicht sehen k\u00f6nnen, wie viel Futter noch im Eimer ist.   <\/p>\n","protected":false},"excerpt":{"rendered":"<p>f\u00fcr alle Arten von Teichfischen<\/p>\n","protected":false},"featured_media":21470,"comment_status":"closed","ping_status":"closed","template":"","meta":{"_acf_changed":false,"_seopress_robots_primary_cat":"none","_seopress_titles_title":"","_seopress_titles_desc":"","_seopress_robots_index":""},"product_brand":[],"product_cat":[1126],"product_tag":[],"class_list":{"0":"post-22488","1":"product","2":"type-product","3":"status-publish","4":"has-post-thumbnail","6":"product_cat-fischfutter","7":"product_shipping_class-nl-standard-de","8":"pa_diameter-3-mm-de","9":"pa_formaat-10-000-ml-de","10":"pa_formaat-5000-ml-de","11":"yith_product_brand-vt-de-2","12":"entry","13":"has-media","15":"first","16":"instock","17":"taxable","18":"shipping-taxable","19":"purchasable","20":"product-type-simple","21":"col","22":"span_1_of_4","23":"wvn-content-left","24":"wvn-thumbs-layout-vertical","25":"wvn-btn-normal","26":"wvn-tabs-layout-vertical","27":"has-no-thumbnails"},"acf":[],"_links":{"self":[{"href":"https:\/\/wateryou.eu\/de\/wp-json\/wp\/v2\/product\/22488","targetHints":{"allow":["GET"]}}],"collection":[{"href":"https:\/\/wateryou.eu\/de\/wp-json\/wp\/v2\/product"}],"about":[{"href":"https:\/\/wateryou.eu\/de\/wp-json\/wp\/v2\/types\/product"}],"replies":[{"embeddable":true,"href":"https:\/\/wateryou.eu\/de\/wp-json\/wp\/v2\/comments?post=22488"}],"wp:featuredmedia":[{"embeddable":true,"href":"https:\/\/wateryou.eu\/de\/wp-json\/wp\/v2\/media\/21470"}],"wp:attachment":[{"href":"https:\/\/wateryou.eu\/de\/wp-json\/wp\/v2\/media?parent=22488"}],"wp:term":[{"taxonomy":"product_brand","embeddable":true,"href":"https:\/\/wateryou.eu\/de\/wp-json\/wp\/v2\/product_brand?post=22488"},{"taxonomy":"product_cat","embeddable":true,"href":"https:\/\/wateryou.eu\/de\/wp-json\/wp\/v2\/product_cat?post=22488"},{"taxonomy":"product_tag","embeddable":true,"href":"https:\/\/wateryou.eu\/de\/wp-json\/wp\/v2\/product_tag?post=22488"}],"curies":[{"name":"wp","href":"https:\/\/api.w.org\/{rel}","templated":true}]}}