{"id":22487,"date":"2023-04-20T13:50:37","date_gmt":"2023-04-20T11:50:37","guid":{"rendered":"https:\/\/wateryou.eu\/product\/koi-pellets-premium\/"},"modified":"2025-11-13T13:38:45","modified_gmt":"2025-11-13T12:38:45","slug":"koi-pellets-premium","status":"publish","type":"product","link":"https:\/\/wateryou.eu\/de\/produkt\/koi-pellets-premium\/","title":{"rendered":"Koi-Pellets Premium"},"content":{"rendered":"<p>Koi Premium Teichfischfutter ist ein hochwertiges Futter, das speziell entwickelt wurde, um Koi ein gesundes Wachstum und eine gesunde Entwicklung zu erm\u00f6glichen. Mit der richtigen Mischung aus Proteinen, Fetten und Mineralien sowie zus\u00e4tzlichen Vitaminen ist es das perfekte Futter f\u00fcr eine optimale Kondition und intensive F\u00e4rbung. Das Futter ist in einem wiederverschlie\u00dfbaren 15-Liter-Beh\u00e4lter verpackt, so dass Ihre Fische immer frisches Futter genie\u00dfen k\u00f6nnen. Die Zusammensetzung umfasst:<br \/>\n&#8211; Proteine<br \/>\n&#8211; Fette<br \/>\n&#8211; Mineralien<br \/>\n&#8211; Zus\u00e4tzliche Vitamine<br \/>\nMit Koi Premium Teichfischfutter erhalten Ihre Fische die Nahrung, die sie brauchen, um gesund und gl\u00fccklich zu bleiben. Testen Sie es noch heute und profitieren Sie von seinem hervorragenden N\u00e4hrwert.    <\/p>\n","protected":false},"excerpt":{"rendered":"<p>Teichfischfutter mit Vitaminen in praktischer Tragetasche<\/p>\n","protected":false},"featured_media":21469,"comment_status":"closed","ping_status":"open","template":"","meta":{"_acf_changed":false,"_seopress_robots_primary_cat":"","_seopress_titles_title":"","_seopress_titles_desc":"","_seopress_robots_index":""},"product_brand":[],"product_cat":[1126],"product_tag":[],"class_list":{"0":"post-22487","1":"product","2":"type-product","3":"status-publish","4":"has-post-thumbnail","6":"product_cat-fischfutter","7":"product_shipping_class-nl-standard-de","8":"pa_formaat-15-liter-de","9":"yith_product_brand-vt-de-2","10":"entry","11":"has-media","13":"first","14":"instock","15":"taxable","16":"shipping-taxable","17":"purchasable","18":"product-type-simple","19":"col","20":"span_1_of_4","21":"wvn-content-left","22":"wvn-thumbs-layout-vertical","23":"wvn-btn-normal","24":"wvn-tabs-layout-vertical","25":"has-no-thumbnails"},"acf":[],"_links":{"self":[{"href":"https:\/\/wateryou.eu\/de\/wp-json\/wp\/v2\/product\/22487","targetHints":{"allow":["GET"]}}],"collection":[{"href":"https:\/\/wateryou.eu\/de\/wp-json\/wp\/v2\/product"}],"about":[{"href":"https:\/\/wateryou.eu\/de\/wp-json\/wp\/v2\/types\/product"}],"replies":[{"embeddable":true,"href":"https:\/\/wateryou.eu\/de\/wp-json\/wp\/v2\/comments?post=22487"}],"wp:featuredmedia":[{"embeddable":true,"href":"https:\/\/wateryou.eu\/de\/wp-json\/wp\/v2\/media\/21469"}],"wp:attachment":[{"href":"https:\/\/wateryou.eu\/de\/wp-json\/wp\/v2\/media?parent=22487"}],"wp:term":[{"taxonomy":"product_brand","embeddable":true,"href":"https:\/\/wateryou.eu\/de\/wp-json\/wp\/v2\/product_brand?post=22487"},{"taxonomy":"product_cat","embeddable":true,"href":"https:\/\/wateryou.eu\/de\/wp-json\/wp\/v2\/product_cat?post=22487"},{"taxonomy":"product_tag","embeddable":true,"href":"https:\/\/wateryou.eu\/de\/wp-json\/wp\/v2\/product_tag?post=22487"}],"curies":[{"name":"wp","href":"https:\/\/api.w.org\/{rel}","templated":true}]}}