{"id":22486,"date":"2023-04-20T13:55:37","date_gmt":"2023-04-20T11:55:37","guid":{"rendered":"https:\/\/wateryou.eu\/product\/3-farben-sticks-premium-fischfutter\/"},"modified":"2025-07-24T17:26:02","modified_gmt":"2025-07-24T15:26:02","slug":"3-farben-sticks-premium-fischfutter","status":"publish","type":"product","link":"https:\/\/wateryou.eu\/de\/produkt\/3-farben-sticks-premium-fischfutter\/","title":{"rendered":"3-Farben-Sticks Premium &#8211; Fischfutter"},"content":{"rendered":"<p>3-Colour Premium Sticks Teichfischfutter ist das ultimative Futter f\u00fcr alle Teichfische. Dieses Futter enth\u00e4lt die richtigen Proteine, Fette und Mineralien, die f\u00fcr eine gesunde Wachstumsentwicklung der Fische erforderlich sind. Au\u00dferdem enth\u00e4lt es zus\u00e4tzliche Vitamine f\u00fcr eine optimale Kondition und ein intensives Farbmuster. Das Futter ist in einer wiederverschlie\u00dfbaren 15-Liter-Packung erh\u00e4ltlich.   <\/p>\n<p>Spezifische Informationen:<br \/>\n&#8211; Zusammensetzung: Proteine, Fette, Mineralien und zus\u00e4tzliche Vitamine<br \/>\n&#8211; N\u00e4hrwert: gesunde Wachstumsentwicklung der Fische, optimale Kondition und intensives Farbmuster<br \/>\n&#8211; Zusatzstoffe: keine<\/p>\n","protected":false},"excerpt":{"rendered":"<p>Teichfischfutter mit Vitaminen in praktischer Tragetasche<\/p>\n","protected":false},"featured_media":21467,"comment_status":"closed","ping_status":"closed","template":"","meta":{"_acf_changed":false,"_seopress_robots_primary_cat":"","_seopress_titles_title":"","_seopress_titles_desc":"","_seopress_robots_index":""},"product_brand":[],"product_cat":[1126],"product_tag":[],"class_list":{"0":"post-22486","1":"product","2":"type-product","3":"status-publish","4":"has-post-thumbnail","6":"product_cat-fischfutter","7":"product_shipping_class-nl-standard-de","8":"pa_formaat-15-liter-de","9":"yith_product_brand-vt-de-2","10":"entry","11":"has-media","13":"first","14":"instock","15":"taxable","16":"shipping-taxable","17":"purchasable","18":"product-type-simple","19":"col","20":"span_1_of_4","21":"wvn-content-left","22":"wvn-thumbs-layout-vertical","23":"wvn-btn-normal","24":"wvn-tabs-layout-vertical","25":"has-no-thumbnails"},"acf":[],"_links":{"self":[{"href":"https:\/\/wateryou.eu\/de\/wp-json\/wp\/v2\/product\/22486","targetHints":{"allow":["GET"]}}],"collection":[{"href":"https:\/\/wateryou.eu\/de\/wp-json\/wp\/v2\/product"}],"about":[{"href":"https:\/\/wateryou.eu\/de\/wp-json\/wp\/v2\/types\/product"}],"replies":[{"embeddable":true,"href":"https:\/\/wateryou.eu\/de\/wp-json\/wp\/v2\/comments?post=22486"}],"wp:featuredmedia":[{"embeddable":true,"href":"https:\/\/wateryou.eu\/de\/wp-json\/wp\/v2\/media\/21467"}],"wp:attachment":[{"href":"https:\/\/wateryou.eu\/de\/wp-json\/wp\/v2\/media?parent=22486"}],"wp:term":[{"taxonomy":"product_brand","embeddable":true,"href":"https:\/\/wateryou.eu\/de\/wp-json\/wp\/v2\/product_brand?post=22486"},{"taxonomy":"product_cat","embeddable":true,"href":"https:\/\/wateryou.eu\/de\/wp-json\/wp\/v2\/product_cat?post=22486"},{"taxonomy":"product_tag","embeddable":true,"href":"https:\/\/wateryou.eu\/de\/wp-json\/wp\/v2\/product_tag?post=22486"}],"curies":[{"name":"wp","href":"https:\/\/api.w.org\/{rel}","templated":true}]}}