{"id":22485,"date":"2023-04-20T13:56:22","date_gmt":"2023-04-20T11:56:22","guid":{"rendered":"https:\/\/wateryou.eu\/product\/white-sticks-premium-fischfutter\/"},"modified":"2025-07-24T17:26:03","modified_gmt":"2025-07-24T15:26:03","slug":"white-sticks-premium-fischfutter","status":"publish","type":"product","link":"https:\/\/wateryou.eu\/de\/produkt\/white-sticks-premium-fischfutter\/","title":{"rendered":"White Sticks Premium &#8211; Fischfutter"},"content":{"rendered":"<p>White Sticks Premium Teichfischfutter ist ein hochwertiges Futter, das speziell f\u00fcr Goldfische und Goldwale entwickelt wurde. Diese nahrhafte Mischung enth\u00e4lt die richtigen Proteine, Fette und Mineralien f\u00fcr ein gesundes Wachstum der Fische. Au\u00dferdem enth\u00e4lt es zus\u00e4tzliche Vitamine f\u00fcr eine perfekte Kondition und intensive Farbmuster.    <\/p>\n<p>White Sticks Premium Teichfischfutter besteht aus Zutaten wie Fisch- und H\u00fchnereiwei\u00df, Hefeextrakten, Fetten und \u00d6len, Mineralien, Vitaminen und Farbverst\u00e4rkern. Au\u00dferdem enth\u00e4lt es Spurenelemente wie Eisen, Mangan und Kupfer, die die Gesundheit der Fische verbessern. Dieses Futter ist in einer wiederverschlie\u00dfbaren 15-Liter-Packung erh\u00e4ltlich.  <\/p>\n<p>Mit White Sticks Premium Teichfischfutter k\u00f6nnen Goldfische und Goldwale optimal ern\u00e4hrt werden. Die richtigen Proteine, Fette und Mineralien garantieren ein gesundes Wachstum der Fische, w\u00e4hrend zus\u00e4tzliche Vitamine f\u00fcr eine perfekte Kondition und ein intensives Farbmuster sorgen. Bestellen Sie noch heute White Sticks Premium Teichfischfutter und geben Sie Ihren Fischen die beste Pflege!  <\/p>\n","protected":false},"excerpt":{"rendered":"<p>Teichfischfutter mit Vitaminen in praktischer Tragetasche<\/p>\n","protected":false},"featured_media":21466,"comment_status":"closed","ping_status":"closed","template":"","meta":{"_acf_changed":false,"_seopress_robots_primary_cat":"","_seopress_titles_title":"","_seopress_titles_desc":"","_seopress_robots_index":""},"product_brand":[],"product_cat":[1126],"product_tag":[],"class_list":{"0":"post-22485","1":"product","2":"type-product","3":"status-publish","4":"has-post-thumbnail","6":"product_cat-fischfutter","7":"product_shipping_class-nl-standard-de","8":"pa_formaat-15-liter-de","9":"yith_product_brand-vt-de-2","10":"entry","11":"has-media","13":"first","14":"instock","15":"taxable","16":"shipping-taxable","17":"purchasable","18":"product-type-simple","19":"col","20":"span_1_of_4","21":"wvn-content-left","22":"wvn-thumbs-layout-vertical","23":"wvn-btn-normal","24":"wvn-tabs-layout-vertical","25":"has-no-thumbnails"},"acf":[],"_links":{"self":[{"href":"https:\/\/wateryou.eu\/de\/wp-json\/wp\/v2\/product\/22485","targetHints":{"allow":["GET"]}}],"collection":[{"href":"https:\/\/wateryou.eu\/de\/wp-json\/wp\/v2\/product"}],"about":[{"href":"https:\/\/wateryou.eu\/de\/wp-json\/wp\/v2\/types\/product"}],"replies":[{"embeddable":true,"href":"https:\/\/wateryou.eu\/de\/wp-json\/wp\/v2\/comments?post=22485"}],"wp:featuredmedia":[{"embeddable":true,"href":"https:\/\/wateryou.eu\/de\/wp-json\/wp\/v2\/media\/21466"}],"wp:attachment":[{"href":"https:\/\/wateryou.eu\/de\/wp-json\/wp\/v2\/media?parent=22485"}],"wp:term":[{"taxonomy":"product_brand","embeddable":true,"href":"https:\/\/wateryou.eu\/de\/wp-json\/wp\/v2\/product_brand?post=22485"},{"taxonomy":"product_cat","embeddable":true,"href":"https:\/\/wateryou.eu\/de\/wp-json\/wp\/v2\/product_cat?post=22485"},{"taxonomy":"product_tag","embeddable":true,"href":"https:\/\/wateryou.eu\/de\/wp-json\/wp\/v2\/product_tag?post=22485"}],"curies":[{"name":"wp","href":"https:\/\/api.w.org\/{rel}","templated":true}]}}