{"id":22371,"date":"2024-04-12T09:56:00","date_gmt":"2024-04-12T07:56:00","guid":{"rendered":"https:\/\/wateryou.eu\/versand-und-rueckgabe\/"},"modified":"2025-07-22T15:07:53","modified_gmt":"2025-07-22T13:07:53","slug":"versand-und-rueckgabe","status":"publish","type":"page","link":"https:\/\/wateryou.eu\/de\/versand-und-rueckgabe\/","title":{"rendered":"Versand und R\u00fcckgabe"},"content":{"rendered":"\t\t<div data-elementor-type=\"wp-page\" data-elementor-id=\"22371\" class=\"elementor elementor-22371 elementor-19680\" data-elementor-post-type=\"page\">\n\t\t\t\t<div class=\"elementor-element elementor-element-a2e753c e-flex e-con-boxed e-con e-parent\" data-id=\"a2e753c\" data-element_type=\"container\" data-e-type=\"container\">\n\t\t\t\t\t<div class=\"e-con-inner\">\n\t\t\t\t<div class=\"elementor-element elementor-element-2d3a6be elementor-widget elementor-widget-heading\" data-id=\"2d3a6be\" data-element_type=\"widget\" data-e-type=\"widget\" data-widget_type=\"heading.default\">\n\t\t\t\t\t<h1 class=\"elementor-heading-title elementor-size-default\">Wie funktioniert der Versand und wie kann ich zur\u00fccksenden?<\/h1>\t\t\t\t<\/div>\n\t\t\t\t\t<\/div>\n\t\t\t\t<\/div>\n\t\t<div class=\"elementor-element elementor-element-d19b306 e-flex e-con-boxed e-con e-parent\" data-id=\"d19b306\" data-element_type=\"container\" data-e-type=\"container\">\n\t\t\t\t\t<div class=\"e-con-inner\">\n\t\t<div class=\"elementor-element elementor-element-788c9a0 e-con-full e-flex e-con e-child\" data-id=\"788c9a0\" data-element_type=\"container\" data-e-type=\"container\">\n\t\t\t\t<div class=\"elementor-element elementor-element-60351c5 elementor-widget elementor-widget-text-editor\" data-id=\"60351c5\" data-element_type=\"widget\" data-e-type=\"widget\" data-widget_type=\"text-editor.default\">\n\t\t\t\t\t\t\t\t\t<div class=\"elementor-element elementor-element-bcd29e6 elementor-widget__width-initial elementor-widget elementor-widget-text-editor\" data-id=\"bcd29e6\" data-element_type=\"widget\" data-widget_type=\"text-editor.default\"><div class=\"elementor-widget-container\"><h4>Wie hoch sind die Versandkosten f\u00fcr meine Bestellung?<\/h4><p>Bestellungen \u00fcber 50 \u20ac werden kostenlos verschickt. F\u00fcr den Versand von Bestellungen unter 50 \u20ac berechnen wir 6,95 \u20ac. Dies ist ein Teil der Gesamtkosten, wir k\u00fcmmern uns um den Rest!  <\/p><\/div><\/div>\t\t\t\t\t\t\t\t<\/div>\n\t\t\t\t<div class=\"elementor-element elementor-element-8a15dcb elementor-widget elementor-widget-text-editor\" data-id=\"8a15dcb\" data-element_type=\"widget\" data-e-type=\"widget\" data-widget_type=\"text-editor.default\">\n\t\t\t\t\t\t\t\t\t<div class=\"elementor-element elementor-element-77ffce9 elementor-widget elementor-widget-text-editor\" data-id=\"77ffce9\" data-element_type=\"widget\" data-widget_type=\"text-editor.default\"><div class=\"elementor-widget-container\"><h4>Kann meine Bestellung an eine andere Adresse geliefert werden?<\/h4><p>Ja, das ist m\u00f6glich. Bei der Bestellung k\u00f6nnen Sie bei der Eingabe Ihrer eigenen Adresse die Daten einer anderen Lieferadresse angeben. Wenn Sie diese Adresse angeben, erscheint sie auf dem Lieferschein und das Paket wird dorthin und nicht an Ihre eigene Adresse geschickt. Die Rechnung wird dann an die von Ihnen angegebene E-Mail-Adresse geschickt. Ganz einfach!    <\/p><\/div><\/div>\t\t\t\t\t\t\t\t<\/div>\n\t\t\t\t<div class=\"elementor-element elementor-element-aa3b681 elementor-widget elementor-widget-text-editor\" data-id=\"aa3b681\" data-element_type=\"widget\" data-e-type=\"widget\" data-widget_type=\"text-editor.default\">\n\t\t\t\t\t\t\t\t\t<div class=\"elementor-element elementor-element-56b2182 elementor-widget elementor-widget-text-editor\" data-id=\"56b2182\" data-element_type=\"widget\" data-widget_type=\"text-editor.default\"><div class=\"elementor-widget-container\"><h4>Ist es m\u00f6glich, meine Bestellung zu verfolgen?<\/h4><p>Nat\u00fcrlich k\u00f6nnen Sie das. Alle unsere Sendungen werden standardm\u00e4\u00dfig mit einem Track-and-Trace-Code geliefert. Sehr praktisch, um zu wissen, wo sich Ihr Paket befindet.  <\/p><\/div><\/div>\t\t\t\t\t\t\t\t<\/div>\n\t\t\t\t<\/div>\n\t\t<div class=\"elementor-element elementor-element-68a7bff e-con-full e-flex e-con e-child\" data-id=\"68a7bff\" data-element_type=\"container\" data-e-type=\"container\">\n\t\t\t\t<div class=\"elementor-element elementor-element-b90ef08 elementor-widget elementor-widget-text-editor\" data-id=\"b90ef08\" data-element_type=\"widget\" data-e-type=\"widget\" data-widget_type=\"text-editor.default\">\n\t\t\t\t\t\t\t\t\t<div class=\"elementor-element elementor-element-8f743fa elementor-widget elementor-widget-text-editor\" data-id=\"8f743fa\" data-element_type=\"widget\" data-widget_type=\"text-editor.default\"><div class=\"elementor-widget-container\"><h4>Bis zu wie vielen Tagen kann ich meine Bestellung zur\u00fcckgeben?<\/h4><p>Wenn Ihnen das Produkt nicht gef\u00e4llt oder Sie es nicht m\u00f6gen oder was auch immer der Grund f\u00fcr die R\u00fcckgabe ist, k\u00f6nnen Sie es innerhalb von 14 Tagen nach Erhalt des Pakets von uns zur\u00fcckgeben (Widerrufsrecht). Danach haben Sie 14 Tage Zeit, die Ware zur\u00fcckzusenden. Bitte beachten Sie! Wenn das Produkt besch\u00e4digt ist oder die Verpackung st\u00e4rker besch\u00e4digt ist, als zum Ausprobieren des Produkts erforderlich, k\u00f6nnen wir diese Wertminderung des Produkts an Sie weitergeben. Behandeln Sie das Produkt also bitte sorgf\u00e4ltig und vergewissern Sie sich, dass es richtig verpackt ist, wenn Sie es zur\u00fcckschicken.    <\/p><\/div><\/div>\t\t\t\t\t\t\t\t<\/div>\n\t\t\t\t<div class=\"elementor-element elementor-element-c8944f2 elementor-widget elementor-widget-text-editor\" data-id=\"c8944f2\" data-element_type=\"widget\" data-e-type=\"widget\" data-widget_type=\"text-editor.default\">\n\t\t\t\t\t\t\t\t\t<div class=\"elementor-element elementor-element-de39e44 elementor-widget elementor-widget-text-editor\" data-id=\"de39e44\" data-element_type=\"widget\" data-widget_type=\"text-editor.default\"><div class=\"elementor-widget-container\"><h4>Wer tr\u00e4gt die R\u00fcckf\u00fchrungskosten?<\/h4><p>Wir erstatten Ihnen den Kaufpreis f\u00fcr die von Ihnen zur\u00fcckgesandten Produkte. Die Kosten f\u00fcr die R\u00fccksendung des Pakets gehen (leider) zu Ihren eigenen Lasten. Die H\u00f6he der Kosten h\u00e4ngt von der Gr\u00f6\u00dfe\/dem Gewicht des Pakets ab.  <\/p><\/div><\/div>\t\t\t\t\t\t\t\t<\/div>\n\t\t\t\t<div class=\"elementor-element elementor-element-e547afd elementor-widget elementor-widget-text-editor\" data-id=\"e547afd\" data-element_type=\"widget\" data-e-type=\"widget\" data-widget_type=\"text-editor.default\">\n\t\t\t\t\t\t\t\t\t<div class=\"elementor-element elementor-element-06549ef elementor-widget elementor-widget-text-editor\" data-id=\"06549ef\" data-element_type=\"widget\" data-widget_type=\"text-editor.default\"><div class=\"elementor-widget-container\"><h4>Angenommen, ich bekomme mein Geld von Ihnen zur\u00fcck, wie lange wird das dauern?<\/h4><p>Sobald wir Ihre R\u00fccksendung erhalten haben, werden wir Ihnen das Geld so schnell wie m\u00f6glich (sp\u00e4testens innerhalb von 5 Tagen) \u00fcberweisen. Die \u00dcberweisung erfolgt auf dieselbe Kontonummer, die Sie f\u00fcr die Zahlung an uns verwendet haben. <\/p><\/div><\/div>\t\t\t\t\t\t\t\t<\/div>\n\t\t\t\t<div class=\"elementor-element elementor-element-6bdbbaa elementor-widget elementor-widget-text-editor\" data-id=\"6bdbbaa\" data-element_type=\"widget\" data-e-type=\"widget\" data-widget_type=\"text-editor.default\">\n\t\t\t\t\t\t\t\t\t<div class=\"elementor-element elementor-element-e334665 elementor-widget elementor-widget-text-editor\" data-id=\"e334665\" data-element_type=\"widget\" data-widget_type=\"text-editor.default\"><div class=\"elementor-widget-container\"><h4>R\u00fcckholantr\u00e4ge<\/h4><p>Wenn Sie eine R\u00fccksendung anmelden m\u00f6chten, senden Sie uns bitte eine E-Mail mit Informationen \u00fcber die Bestellung an <a style=\"color: #0a64bb; font-weight: bold;\" href=\"mailto:support@warmyou.eu\">support@warmyou.eu.<\/a> Sie erhalten dann von uns per E-Mail eine R\u00fccksendeadresse. Sie k\u00f6nnen auch <a style=\"color: #0a64bb; font-weight: bold;\" href=\"https:\/\/wateryou.eu\/de\/allgemeine-bedingungen-und-konditionen\/\">die Allgemeinen Gesch\u00e4ftsbedingungen<\/a> hier einsehen.<\/p><\/div><\/div>\t\t\t\t\t\t\t\t<\/div>\n\t\t\t\t<div class=\"elementor-element elementor-element-e116e63 elementor-widget elementor-widget-text-editor\" data-id=\"e116e63\" data-element_type=\"widget\" data-e-type=\"widget\" data-widget_type=\"text-editor.default\">\n\t\t\t\t\t\t\t\t\t<div class=\"elementor-element elementor-element-4a9c5a1 elementor-widget elementor-widget-text-editor\" data-id=\"4a9c5a1\" data-element_type=\"widget\" data-widget_type=\"text-editor.default\"><div class=\"elementor-widget-container\"><h4>Was ist, wenn das Produkt kaputt ist oder ich eine falsche Lieferung erhalte?<\/h4><p>Angenommen, es gibt wirklich etwas falsch mit dem Produkt, das Sie bestellt haben, werden wir gl\u00fccklich sein, um es richtig und sauber mit Ihnen zu l\u00f6sen. Dann wenden Sie sich an unsere Serviceabteilung, wir helfen Ihnen gerne weiter. Kein Problem!<\/p><\/div><\/div>\t\t\t\t\t\t\t\t<\/div>\n\t\t\t\t<\/div>\n\t\t\t\t\t<\/div>\n\t\t\t\t<\/div>\n\t\t\t\t<\/div>\n\t\t","protected":false},"excerpt":{"rendered":"<p>Wie funktioniert der Versand und wie kann ich zur\u00fccksenden? Wie hoch sind die Versandkosten f\u00fcr meine Bestellung? Bestellungen \u00fcber 50 \u20ac werden kostenlos verschickt. F\u00fcr den Versand von Bestellungen unter 50 \u20ac berechnen wir 6,95 \u20ac. Dies ist ein Teil der Gesamtkosten, wir k\u00fcmmern uns um den Rest! Kann meine Bestellung an eine andere Adresse [&hellip;]<\/p>\n","protected":false},"author":1,"featured_media":0,"parent":0,"menu_order":0,"comment_status":"closed","ping_status":"closed","template":"","meta":{"_acf_changed":false,"_seopress_robots_primary_cat":"","_seopress_titles_title":"","_seopress_titles_desc":"","_seopress_robots_index":"","footnotes":""},"class_list":["post-22371","page","type-page","status-publish","hentry","entry","wvn-thumbs-layout-vertical","wvn-btn-normal","wvn-tabs-layout-vertical","has-no-thumbnails"],"acf":[],"_links":{"self":[{"href":"https:\/\/wateryou.eu\/de\/wp-json\/wp\/v2\/pages\/22371","targetHints":{"allow":["GET"]}}],"collection":[{"href":"https:\/\/wateryou.eu\/de\/wp-json\/wp\/v2\/pages"}],"about":[{"href":"https:\/\/wateryou.eu\/de\/wp-json\/wp\/v2\/types\/page"}],"author":[{"embeddable":true,"href":"https:\/\/wateryou.eu\/de\/wp-json\/wp\/v2\/users\/1"}],"replies":[{"embeddable":true,"href":"https:\/\/wateryou.eu\/de\/wp-json\/wp\/v2\/comments?post=22371"}],"version-history":[{"count":3,"href":"https:\/\/wateryou.eu\/de\/wp-json\/wp\/v2\/pages\/22371\/revisions"}],"predecessor-version":[{"id":23350,"href":"https:\/\/wateryou.eu\/de\/wp-json\/wp\/v2\/pages\/22371\/revisions\/23350"}],"wp:attachment":[{"href":"https:\/\/wateryou.eu\/de\/wp-json\/wp\/v2\/media?parent=22371"}],"curies":[{"name":"wp","href":"https:\/\/api.w.org\/{rel}","templated":true}]}}