{"id":22367,"date":"2024-03-06T14:39:43","date_gmt":"2024-03-06T12:39:43","guid":{"rendered":"https:\/\/wateryou.eu\/teich-kalender\/"},"modified":"2025-05-26T09:32:33","modified_gmt":"2025-05-26T07:32:33","slug":"teich-kalender","status":"publish","type":"page","link":"https:\/\/wateryou.eu\/de\/teich-kalender\/","title":{"rendered":"Teich-Kalender"},"content":{"rendered":"\t\t<div data-elementor-type=\"wp-page\" data-elementor-id=\"22367\" class=\"elementor elementor-22367 elementor-19354\" data-elementor-post-type=\"page\">\n\t\t\t\t<div class=\"elementor-element elementor-element-e7fde64 e-flex e-con-boxed e-con e-parent\" data-id=\"e7fde64\" data-element_type=\"container\" data-e-type=\"container\">\n\t\t\t\t\t<div class=\"e-con-inner\">\n\t\t\t\t<div class=\"elementor-element elementor-element-bfab1f8 elementor-widget elementor-widget-heading\" data-id=\"bfab1f8\" data-element_type=\"widget\" data-e-type=\"widget\" data-widget_type=\"heading.default\">\n\t\t\t\t\t<h1 class=\"elementor-heading-title elementor-size-default\">Der Wateryou-Teich-Kalender<\/h1>\t\t\t\t<\/div>\n\t\t\t\t<div class=\"elementor-element elementor-element-96340a3 elementor-widget elementor-widget-text-editor\" data-id=\"96340a3\" data-element_type=\"widget\" data-e-type=\"widget\" data-widget_type=\"text-editor.default\">\n\t\t\t\t\t\t\t\t\t<p>Willkommen bei unserem praktischen Teichkalender, der Ihnen das ganze Jahr \u00fcber praktische Tipps und Anregungen f\u00fcr die Pflege Ihres Teiches gibt. Finden Sie Monat f\u00fcr Monat heraus, was Ihr Teich braucht und welche Produkte Ihnen helfen k\u00f6nnen, ein gesundes und ausgeglichenes Wassermilieu zu erhalten. Ob Sie nun ein erfahrener Teichliebhaber sind oder gerade erst anfangen, Ihr eigenes Wasserparadies anzulegen, unser Kalender bietet Ihnen eine detaillierte Anleitung. Klicken Sie einfach auf den Monat Ihrer Wahl und Sie erhalten n\u00fctzliche Informationen \u00fcber saisonale Aufgaben und ben\u00f6tigte Produkte.<\/p><p>Wir glauben an ein einfaches und effektives Teichmanagement, damit Sie sich an klarem Wasser und gesunden Fischen erfreuen k\u00f6nnen, ohne sich zu qu\u00e4len. Lassen Sie uns gemeinsam die Pflege Ihres Teiches vereinfachen und optimieren. Finden Sie jetzt heraus, was die n\u00e4chsten Monate f\u00fcr Ihren Teich bereithalten!<\/p>\t\t\t\t\t\t\t\t<\/div>\n\t\t\t\t<div class=\"elementor-element elementor-element-b235209 elementor-widget elementor-widget-heading\" data-id=\"b235209\" data-element_type=\"widget\" data-e-type=\"widget\" data-widget_type=\"heading.default\">\n\t\t\t\t\t<h3 class=\"elementor-heading-title elementor-size-default\">Was sollte ich f\u00fcr meinen Teich in...<\/h3>\t\t\t\t<\/div>\n\t\t\t\t<div class=\"elementor-element elementor-element-baad932 elementor-widget elementor-widget-spacer\" data-id=\"baad932\" data-element_type=\"widget\" data-e-type=\"widget\" data-widget_type=\"spacer.default\">\n\t\t\t\t\t\t\t<div class=\"elementor-spacer\">\n\t\t\t<div class=\"elementor-spacer-inner\"><\/div>\n\t\t<\/div>\n\t\t\t\t\t\t<\/div>\n\t\t\t\t\t<\/div>\n\t\t\t\t<\/div>\n\t\t\t\t<\/div>\n\t\t","protected":false},"excerpt":{"rendered":"<p>Der Wateryou-Teich-Kalender Willkommen bei unserem praktischen Teichkalender, der Ihnen das ganze Jahr \u00fcber praktische Tipps und Anregungen f\u00fcr die Pflege Ihres Teiches gibt. Finden Sie Monat f\u00fcr Monat heraus, was Ihr Teich braucht und welche Produkte Ihnen helfen k\u00f6nnen, ein gesundes und ausgeglichenes Wassermilieu zu erhalten. Ob Sie nun ein erfahrener Teichliebhaber sind oder gerade [&hellip;]<\/p>\n","protected":false},"author":1,"featured_media":0,"parent":0,"menu_order":0,"comment_status":"closed","ping_status":"closed","template":"","meta":{"_acf_changed":false,"_seopress_robots_primary_cat":"","_seopress_titles_title":"","_seopress_titles_desc":"","_seopress_robots_index":"","footnotes":""},"class_list":["post-22367","page","type-page","status-publish","hentry","entry","wvn-thumbs-layout-vertical","wvn-btn-normal","wvn-tabs-layout-vertical","has-no-thumbnails"],"acf":[],"_links":{"self":[{"href":"https:\/\/wateryou.eu\/de\/wp-json\/wp\/v2\/pages\/22367","targetHints":{"allow":["GET"]}}],"collection":[{"href":"https:\/\/wateryou.eu\/de\/wp-json\/wp\/v2\/pages"}],"about":[{"href":"https:\/\/wateryou.eu\/de\/wp-json\/wp\/v2\/types\/page"}],"author":[{"embeddable":true,"href":"https:\/\/wateryou.eu\/de\/wp-json\/wp\/v2\/users\/1"}],"replies":[{"embeddable":true,"href":"https:\/\/wateryou.eu\/de\/wp-json\/wp\/v2\/comments?post=22367"}],"version-history":[{"count":1,"href":"https:\/\/wateryou.eu\/de\/wp-json\/wp\/v2\/pages\/22367\/revisions"}],"predecessor-version":[{"id":22369,"href":"https:\/\/wateryou.eu\/de\/wp-json\/wp\/v2\/pages\/22367\/revisions\/22369"}],"wp:attachment":[{"href":"https:\/\/wateryou.eu\/de\/wp-json\/wp\/v2\/media?parent=22367"}],"curies":[{"name":"wp","href":"https:\/\/api.w.org\/{rel}","templated":true}]}}