{"id":22366,"date":"2024-01-02T16:40:07","date_gmt":"2024-01-02T14:40:07","guid":{"rendered":"https:\/\/wateryou.eu\/authentizitaet-der-bewertungen\/"},"modified":"2025-07-22T15:02:04","modified_gmt":"2025-07-22T13:02:04","slug":"authentizitaet-der-bewertungen","status":"publish","type":"page","link":"https:\/\/wateryou.eu\/de\/authentizitaet-der-bewertungen\/","title":{"rendered":"Authentizit\u00e4t der Bewertungen"},"content":{"rendered":"\t\t<div data-elementor-type=\"wp-page\" data-elementor-id=\"22366\" class=\"elementor elementor-22366 elementor-18876\" data-elementor-post-type=\"page\">\n\t\t\t\t<div class=\"elementor-element elementor-element-6cb405c3 e-flex e-con-boxed e-con e-parent\" data-id=\"6cb405c3\" data-element_type=\"container\" data-e-type=\"container\">\n\t\t\t\t\t<div class=\"e-con-inner\">\n\t\t\t\t<div class=\"elementor-element elementor-element-880320e elementor-widget elementor-widget-spacer\" data-id=\"880320e\" data-element_type=\"widget\" data-e-type=\"widget\" data-widget_type=\"spacer.default\">\n\t\t\t\t\t\t\t<div class=\"elementor-spacer\">\n\t\t\t<div class=\"elementor-spacer-inner\"><\/div>\n\t\t<\/div>\n\t\t\t\t\t\t<\/div>\n\t\t\t\t<div class=\"elementor-element elementor-element-3b42db17 elementor-widget elementor-widget-text-editor\" data-id=\"3b42db17\" data-element_type=\"widget\" data-e-type=\"widget\" data-widget_type=\"text-editor.default\">\n\t\t\t\t\t\t\t\t\t<div class=\"elementor-element elementor-element-7b2ef93 elementor-widget elementor-widget-text-editor\" data-id=\"7b2ef93\" data-element_type=\"widget\" data-widget_type=\"text-editor.default\"><div class=\"elementor-widget-container\"><p>Wir halten es f\u00fcr wichtig, dass die Bewertungen ein m\u00f6glichst genaues Bild von unseren Produkten und Dienstleistungen vermitteln. Unsere Bewertungen werden daher unparteiisch von <a href=\"http:\/\/www.webwinkelkeur.nl\/\"><strong>WebwinkelKeur<\/strong><\/a> verwaltet .<\/p><p>Webwinkelkeur hat Ma\u00dfnahmen ergriffen, um die Authentizit\u00e4t der Bewertungen zu gew\u00e4hrleisten. Um welche Ma\u00dfnahmen es sich dabei handelt, k\u00f6nnen Sie <a href=\"https:\/\/www.webwinkelkeur.nl\/kennisbank\/consumenten\/waarom-webwinkelkeur\/klantbeoordelingen\/\"><strong>hier<\/strong><\/a> nachlesen .<\/p><p>Unsere Kunden werden nicht f\u00fcr das Schreiben von Bewertungen belohnt. Es werden keine Rabatte oder sonstige Geschenke gew\u00e4hrt.<\/p><p> <\/p><p><a href=\"http:\/\/www.webwinkelkeur.nl\/eerlijke-reviews-zo-doen-we-dat\/\"><strong>Klicken Sie hier, um mehr \u00fcber die Authentizit\u00e4t von Bewertungen zu erfahren!<\/strong><\/a><\/p><\/div><\/div>\t\t\t\t\t\t\t\t<\/div>\n\t\t\t\t<div class=\"elementor-element elementor-element-dc5f594 elementor-widget elementor-widget-spacer\" data-id=\"dc5f594\" data-element_type=\"widget\" data-e-type=\"widget\" data-widget_type=\"spacer.default\">\n\t\t\t\t\t\t\t<div class=\"elementor-spacer\">\n\t\t\t<div class=\"elementor-spacer-inner\"><\/div>\n\t\t<\/div>\n\t\t\t\t\t\t<\/div>\n\t\t\t\t\t<\/div>\n\t\t\t\t<\/div>\n\t\t\t\t<\/div>\n\t\t","protected":false},"excerpt":{"rendered":"<p>Wir halten es f\u00fcr wichtig, dass die Bewertungen ein m\u00f6glichst genaues Bild von unseren Produkten und Dienstleistungen vermitteln. Unsere Bewertungen werden daher unparteiisch von WebwinkelKeur verwaltet . Webwinkelkeur hat Ma\u00dfnahmen ergriffen, um die Authentizit\u00e4t der Bewertungen zu gew\u00e4hrleisten. Um welche Ma\u00dfnahmen es sich dabei handelt, k\u00f6nnen Sie hier nachlesen . Unsere Kunden werden nicht f\u00fcr [&hellip;]<\/p>\n","protected":false},"author":1,"featured_media":0,"parent":0,"menu_order":0,"comment_status":"closed","ping_status":"closed","template":"","meta":{"_acf_changed":false,"_seopress_robots_primary_cat":"","_seopress_titles_title":"","_seopress_titles_desc":"","_seopress_robots_index":"","footnotes":""},"class_list":["post-22366","page","type-page","status-publish","hentry","entry","wvn-thumbs-layout-vertical","wvn-btn-normal","wvn-tabs-layout-vertical","has-no-thumbnails"],"acf":[],"_links":{"self":[{"href":"https:\/\/wateryou.eu\/de\/wp-json\/wp\/v2\/pages\/22366","targetHints":{"allow":["GET"]}}],"collection":[{"href":"https:\/\/wateryou.eu\/de\/wp-json\/wp\/v2\/pages"}],"about":[{"href":"https:\/\/wateryou.eu\/de\/wp-json\/wp\/v2\/types\/page"}],"author":[{"embeddable":true,"href":"https:\/\/wateryou.eu\/de\/wp-json\/wp\/v2\/users\/1"}],"replies":[{"embeddable":true,"href":"https:\/\/wateryou.eu\/de\/wp-json\/wp\/v2\/comments?post=22366"}],"version-history":[{"count":2,"href":"https:\/\/wateryou.eu\/de\/wp-json\/wp\/v2\/pages\/22366\/revisions"}],"predecessor-version":[{"id":23348,"href":"https:\/\/wateryou.eu\/de\/wp-json\/wp\/v2\/pages\/22366\/revisions\/23348"}],"wp:attachment":[{"href":"https:\/\/wateryou.eu\/de\/wp-json\/wp\/v2\/media?parent=22366"}],"curies":[{"name":"wp","href":"https:\/\/api.w.org\/{rel}","templated":true}]}}