{"id":22360,"date":"2024-01-02T16:35:27","date_gmt":"2024-01-02T14:35:27","guid":{"rendered":"https:\/\/wateryou.eu\/registerrueckgabe\/"},"modified":"2025-07-22T15:11:19","modified_gmt":"2025-07-22T13:11:19","slug":"registerrueckgabe","status":"publish","type":"page","link":"https:\/\/wateryou.eu\/de\/registerrueckgabe\/","title":{"rendered":"Registerr\u00fcckgabe"},"content":{"rendered":"\t\t<div data-elementor-type=\"wp-page\" data-elementor-id=\"22360\" class=\"elementor elementor-22360 elementor-18867\" data-elementor-post-type=\"page\">\n\t\t\t\t<div class=\"elementor-element elementor-element-18886dff e-flex e-con-boxed e-con e-parent\" data-id=\"18886dff\" data-element_type=\"container\" data-e-type=\"container\">\n\t\t\t\t\t<div class=\"e-con-inner\">\n\t\t\t\t<div class=\"elementor-element elementor-element-72ba923 elementor-widget elementor-widget-spacer\" data-id=\"72ba923\" data-element_type=\"widget\" data-e-type=\"widget\" data-widget_type=\"spacer.default\">\n\t\t\t\t\t\t\t<div class=\"elementor-spacer\">\n\t\t\t<div class=\"elementor-spacer-inner\"><\/div>\n\t\t<\/div>\n\t\t\t\t\t\t<\/div>\n\t\t\t\t<div class=\"elementor-element elementor-element-db38d83 elementor-widget elementor-widget-heading\" data-id=\"db38d83\" data-element_type=\"widget\" data-e-type=\"widget\" data-widget_type=\"heading.default\">\n\t\t\t\t\t<h2 class=\"elementor-heading-title elementor-size-default\">Ich m\u00f6chte ein Produkt zur\u00fcckgeben<\/h2>\t\t\t\t<\/div>\n\t\t\t\t<div class=\"elementor-element elementor-element-7e78f6fa elementor-widget elementor-widget-text-editor\" data-id=\"7e78f6fa\" data-element_type=\"widget\" data-e-type=\"widget\" data-widget_type=\"text-editor.default\">\n\t\t\t\t\t\t\t\t\t<section class=\"elementor-section elementor-inner-section elementor-element elementor-element-d67c8f5 elementor-section-boxed elementor-section-height-default elementor-section-height-default\" data-id=\"d67c8f5\" data-element_type=\"section\"><div class=\"elementor-container elementor-column-gap-default\"><div class=\"elementor-column elementor-col-50 elementor-inner-column elementor-element elementor-element-d3932b7\" data-id=\"d3932b7\" data-element_type=\"column\"><div class=\"elementor-widget-wrap elementor-element-populated\"><div class=\"elementor-element elementor-element-96e271b elementor-widget elementor-widget-text-editor\" data-id=\"96e271b\" data-element_type=\"widget\" data-widget_type=\"text-editor.default\"><div class=\"elementor-widget-container\"><p>Sie m\u00f6chten ein Produkt zur\u00fcckgeben, weil es Ihnen nicht gef\u00e4llt oder aus einem anderen Grund? Dann k\u00f6nnen Sie dies innerhalb von 14 Tagen nach Erhalt des Produkts tun. Nach dem Widerruf haben Sie noch 14 Tage Zeit, Ihr Produkt zur\u00fcckzugeben. Sie erhalten dann eine Gutschrift \u00fcber den vollen Bestellbetrag einschlie\u00dflich Versandkosten.<\/p><p>Wenn Sie von Ihrem Widerrufsrecht Gebrauch machen, wird das Produkt mit allem gelieferten Zubeh\u00f6r und &#8211; wenn m\u00f6glich &#8211; in seinem urspr\u00fcnglichen Zustand und in der Originalverpackung an den Unternehmer zur\u00fcckgeschickt. Sollte das Produkt besch\u00e4digt oder die Verpackung st\u00e4rker besch\u00e4digt sein, als es f\u00fcr den Verkauf des Produkts erforderlich ist, k\u00f6nnen wir diesen Wertverlust des Produkts an Sie weitergeben. Behandeln Sie das Produkt also mit Sorgfalt und vergewissern Sie sich, dass es bei der R\u00fccksendung ordnungsgem\u00e4\u00df verpackt ist. Wenn Sie mehr wissen m\u00f6chten, lesen Sie bitte<strong> <a href=\"https:\/\/wateryou.eu\/de\/allgemeine-bedingungen-und-konditionen\/\" target=\"_blank\" rel=\"noopener\">die Allgemeinen Gesch\u00e4ftsbedingungen<\/a> <\/strong> hier<strong>. <\/strong> <\/p><p>Um dieses Recht auszu\u00fcben, k\u00f6nnen Sie uns unter <strong><a href=\"mailto:support@wateryou.eu\">support@wateryou.eu<\/a><\/strong> kontaktieren. Wir erstatten Ihnen dann innerhalb von 14 Tagen nach Anmeldung Ihrer Retoure den f\u00e4lligen Bestellbetrag zur\u00fcck, sofern das Produkt bereits in einwandfreiem Zustand zur\u00fcckgesendet wurde.<\/p><\/div><\/div><\/div><\/div><\/div><\/section>\t\t\t\t\t\t\t\t<\/div>\n\t\t\t\t<div class=\"elementor-element elementor-element-42deb45 elementor-widget elementor-widget-spacer\" data-id=\"42deb45\" data-element_type=\"widget\" data-e-type=\"widget\" data-widget_type=\"spacer.default\">\n\t\t\t\t\t\t\t<div class=\"elementor-spacer\">\n\t\t\t<div class=\"elementor-spacer-inner\"><\/div>\n\t\t<\/div>\n\t\t\t\t\t\t<\/div>\n\t\t\t\t\t<\/div>\n\t\t\t\t<\/div>\n\t\t\t\t<\/div>\n\t\t","protected":false},"excerpt":{"rendered":"<p>Ich m\u00f6chte ein Produkt zur\u00fcckgeben Sie m\u00f6chten ein Produkt zur\u00fcckgeben, weil es Ihnen nicht gef\u00e4llt oder aus einem anderen Grund? Dann k\u00f6nnen Sie dies innerhalb von 14 Tagen nach Erhalt des Produkts tun. Nach dem Widerruf haben Sie noch 14 Tage Zeit, Ihr Produkt zur\u00fcckzugeben. Sie erhalten dann eine Gutschrift \u00fcber den vollen Bestellbetrag einschlie\u00dflich [&hellip;]<\/p>\n","protected":false},"author":1,"featured_media":0,"parent":0,"menu_order":0,"comment_status":"closed","ping_status":"closed","template":"","meta":{"_acf_changed":false,"_seopress_robots_primary_cat":"","_seopress_titles_title":"","_seopress_titles_desc":"","_seopress_robots_index":"","footnotes":""},"class_list":["post-22360","page","type-page","status-publish","hentry","entry","wvn-thumbs-layout-vertical","wvn-btn-normal","wvn-tabs-layout-vertical","has-no-thumbnails"],"acf":[],"_links":{"self":[{"href":"https:\/\/wateryou.eu\/de\/wp-json\/wp\/v2\/pages\/22360","targetHints":{"allow":["GET"]}}],"collection":[{"href":"https:\/\/wateryou.eu\/de\/wp-json\/wp\/v2\/pages"}],"about":[{"href":"https:\/\/wateryou.eu\/de\/wp-json\/wp\/v2\/types\/page"}],"author":[{"embeddable":true,"href":"https:\/\/wateryou.eu\/de\/wp-json\/wp\/v2\/users\/1"}],"replies":[{"embeddable":true,"href":"https:\/\/wateryou.eu\/de\/wp-json\/wp\/v2\/comments?post=22360"}],"version-history":[{"count":2,"href":"https:\/\/wateryou.eu\/de\/wp-json\/wp\/v2\/pages\/22360\/revisions"}],"predecessor-version":[{"id":23358,"href":"https:\/\/wateryou.eu\/de\/wp-json\/wp\/v2\/pages\/22360\/revisions\/23358"}],"wp:attachment":[{"href":"https:\/\/wateryou.eu\/de\/wp-json\/wp\/v2\/media?parent=22360"}],"curies":[{"name":"wp","href":"https:\/\/api.w.org\/{rel}","templated":true}]}}