{"id":22359,"date":"2018-01-15T03:16:49","date_gmt":"2018-01-15T01:16:49","guid":{"rendered":"https:\/\/wateryou.eu\/ueber-uns\/"},"modified":"2025-05-26T09:32:27","modified_gmt":"2025-05-26T07:32:27","slug":"ueber-uns","status":"publish","type":"page","link":"https:\/\/wateryou.eu\/de\/ueber-uns\/","title":{"rendered":"\u00dcber uns"},"content":{"rendered":"\t\t<div data-elementor-type=\"wp-post\" data-elementor-id=\"22359\" class=\"elementor elementor-22359 elementor-3700\" data-elementor-post-type=\"page\">\n\t\t\t\t\t\t<section class=\"elementor-section elementor-top-section elementor-element elementor-element-111489a about-v1 elementor-section-boxed elementor-section-height-default elementor-section-height-default\" data-id=\"111489a\" data-element_type=\"section\" data-e-type=\"section\">\n\t\t\t\t\t\t<div class=\"elementor-container elementor-column-gap-default\">\n\t\t\t\t\t<div class=\"elementor-column elementor-col-50 elementor-top-column elementor-element elementor-element-ac00dfa column2-about-v1\" data-id=\"ac00dfa\" data-element_type=\"column\" data-e-type=\"column\">\n\t\t\t<div class=\"elementor-widget-wrap elementor-element-populated\">\n\t\t\t\t\t\t<div class=\"elementor-element elementor-element-9010666 elementor-widget elementor-widget-heading\" data-id=\"9010666\" data-element_type=\"widget\" data-e-type=\"widget\" data-widget_type=\"heading.default\">\n\t\t\t\t\t<h2 class=\"elementor-heading-title elementor-size-default\">\u00dcber wateryou<\/h2>\t\t\t\t<\/div>\n\t\t\t\t<div class=\"elementor-element elementor-element-fc432c1 elementor-widget elementor-widget-text-editor\" data-id=\"fc432c1\" data-element_type=\"widget\" data-e-type=\"widget\" data-widget_type=\"text-editor.default\">\n\t\t\t\t\t\t\t\t\t<div role=\"main\">\n<p>Willkommen bei Wateryou, dem Online-Shop f\u00fcr alle Ihre Wasserprodukte, Pumpen und Filter f\u00fcr Teiche! Wir von Wateryou haben es uns zur Aufgabe gemacht, die bestm\u00f6gliche Wasserumgebung f\u00fcr Ihren Teich zu schaffen, und wir bem\u00fchen uns, Ihnen die besten Produkte und den besten Service zu bieten.<\/p><p>Wir von Wateryou verstehen, dass Ihr Teich ein wichtiger Teil Ihres Lebensraums ist, ein Ort, an dem Sie sich entspannen und die Sch\u00f6nheit der Natur genie\u00dfen k\u00f6nnen. Deshalb bem\u00fchen wir uns, Ihnen die hochwertigsten Wasserprodukte anzubieten, die Ihren Teich klar, gesund und lebendig halten.<\/p><h2>Dienst<\/h2><p>Bei uns steht der Kundenservice an erster Stelle. Wir bem\u00fchen uns, Ihnen ein reibungsloses und angenehmes Einkaufserlebnis zu bieten. Unser Expertenteam steht Ihnen jederzeit zur Verf\u00fcgung, um Ihnen bei der Auswahl zu helfen und Ihre Fragen zu beantworten. Wir glauben an einen pers\u00f6nlichen Ansatz und bem\u00fchen uns, Ihre W\u00fcnsche und Bed\u00fcrfnisse vollst\u00e4ndig zu verstehen, damit wir Ihnen die beste L\u00f6sung anbieten k\u00f6nnen.<\/p><h2>Qualit\u00e4t<\/h2><p><span style=\"font-family: \"Libre Franklin\"; font-size: 15px; font-style: normal; font-variant-ligatures: normal; font-variant-caps: normal; font-weight: 400;\">In unserem Webshop finden Sie eine gro\u00dfe Auswahl an Wasserquellen, Pumpen und Filtern von renommierten Marken. Ob Sie eine effiziente Teichpumpe, ein fortschrittliches Filtersystem oder spezielles Zubeh\u00f6r suchen, bei Wateryou werden Sie bestimmt f\u00fcndig.<\/span><\/p><p>Wir von Wateryou sind f\u00fcr Sie da, mit hochwertigen Produkten, ausgezeichnetem Service und einer Leidenschaft f\u00fcr Ihren Teich. Verlassen Sie sich auf uns f\u00fcr Ihren gesamten Wasserbedarf.<\/p>\n<\/div>\t\t\t\t\t\t\t\t<\/div>\n\t\t\t\t\t<\/div>\n\t\t<\/div>\n\t\t\t\t<div class=\"elementor-column elementor-col-50 elementor-top-column elementor-element elementor-element-68c7f1b column2-about-v1\" data-id=\"68c7f1b\" data-element_type=\"column\" data-e-type=\"column\">\n\t\t\t<div class=\"elementor-widget-wrap elementor-element-populated\">\n\t\t\t\t\t\t<div class=\"elementor-element elementor-element-cbc7db0 elementor-widget elementor-widget-image\" data-id=\"cbc7db0\" data-element_type=\"widget\" data-e-type=\"widget\" data-widget_type=\"image.default\">\n\t\t\t\t\t\t\t\t\t\t\t\t\t\t\t<img decoding=\"async\" width=\"800\" height=\"533\" src=\"https:\/\/wateryou.eu\/wp-content\/uploads\/2023\/05\/waterval-met-drijfplanten.webp\" class=\"attachment-full size-full wp-image-21923\" alt=\"\" srcset=\"https:\/\/wateryou.eu\/wp-content\/uploads\/2023\/05\/waterval-met-drijfplanten.webp 800w, https:\/\/wateryou.eu\/wp-content\/uploads\/2023\/05\/waterval-met-drijfplanten-300x200.webp 300w, https:\/\/wateryou.eu\/wp-content\/uploads\/2023\/05\/waterval-met-drijfplanten-768x512.webp 768w, https:\/\/wateryou.eu\/wp-content\/uploads\/2023\/05\/waterval-met-drijfplanten-60x40.webp 60w, https:\/\/wateryou.eu\/wp-content\/uploads\/2023\/05\/waterval-met-drijfplanten-30x20.webp 30w, https:\/\/wateryou.eu\/wp-content\/uploads\/2023\/05\/waterval-met-drijfplanten-600x400.webp 600w\" sizes=\"(max-width: 800px) 100vw, 800px\" \/>\t\t\t\t\t\t\t\t\t\t\t\t\t\t\t<\/div>\n\t\t\t\t\t<\/div>\n\t\t<\/div>\n\t\t\t\t\t<\/div>\n\t\t<\/section>\n\t\t\t\t<\/div>\n\t\t","protected":false},"excerpt":{"rendered":"<p>\u00dcber wateryou Willkommen bei Wateryou, dem Online-Shop f\u00fcr alle Ihre Wasserprodukte, Pumpen und Filter f\u00fcr Teiche! Wir von Wateryou haben es uns zur Aufgabe gemacht, die bestm\u00f6gliche Wasserumgebung f\u00fcr Ihren Teich zu schaffen, und wir bem\u00fchen uns, Ihnen die besten Produkte und den besten Service zu bieten. Wir von Wateryou verstehen, dass Ihr Teich ein [&hellip;]<\/p>\n","protected":false},"author":1,"featured_media":0,"parent":0,"menu_order":20,"comment_status":"closed","ping_status":"closed","template":"","meta":{"_acf_changed":false,"_seopress_robots_primary_cat":"","_seopress_titles_title":"%%post_title%% %%sep%% %%sitetitle%%","_seopress_titles_desc":"Wir von Wateryou sind f\u00fcr Sie da, mit hochwertigen Produkten, ausgezeichnetem Service und einer Leidenschaft f\u00fcr Ihren Teich. Verlassen Sie sich auf uns f\u00fcr Ihren gesamten Wasserbedarf.","_seopress_robots_index":"","footnotes":""},"class_list":["post-22359","page","type-page","status-publish","hentry","entry","wvn-thumbs-layout-vertical","wvn-btn-normal","wvn-tabs-layout-vertical","has-no-thumbnails"],"acf":[],"_links":{"self":[{"href":"https:\/\/wateryou.eu\/de\/wp-json\/wp\/v2\/pages\/22359","targetHints":{"allow":["GET"]}}],"collection":[{"href":"https:\/\/wateryou.eu\/de\/wp-json\/wp\/v2\/pages"}],"about":[{"href":"https:\/\/wateryou.eu\/de\/wp-json\/wp\/v2\/types\/page"}],"author":[{"embeddable":true,"href":"https:\/\/wateryou.eu\/de\/wp-json\/wp\/v2\/users\/1"}],"replies":[{"embeddable":true,"href":"https:\/\/wateryou.eu\/de\/wp-json\/wp\/v2\/comments?post=22359"}],"version-history":[{"count":1,"href":"https:\/\/wateryou.eu\/de\/wp-json\/wp\/v2\/pages\/22359\/revisions"}],"predecessor-version":[{"id":22361,"href":"https:\/\/wateryou.eu\/de\/wp-json\/wp\/v2\/pages\/22359\/revisions\/22361"}],"wp:attachment":[{"href":"https:\/\/wateryou.eu\/de\/wp-json\/wp\/v2\/media?parent=22359"}],"curies":[{"name":"wp","href":"https:\/\/api.w.org\/{rel}","templated":true}]}}