{"id":22354,"date":"2024-01-02T16:39:25","date_gmt":"2024-01-02T14:39:25","guid":{"rendered":"https:\/\/wateryou.eu\/meldung-von-beschwerden\/"},"modified":"2025-07-22T14:59:37","modified_gmt":"2025-07-22T12:59:37","slug":"meldung-von-beschwerden","status":"publish","type":"page","link":"https:\/\/wateryou.eu\/de\/meldung-von-beschwerden\/","title":{"rendered":"Meldung von Beschwerden"},"content":{"rendered":"\t\t<div data-elementor-type=\"wp-page\" data-elementor-id=\"22354\" class=\"elementor elementor-22354 elementor-18872\" data-elementor-post-type=\"page\">\n\t\t\t\t<div class=\"elementor-element elementor-element-57421d77 e-flex e-con-boxed e-con e-parent\" data-id=\"57421d77\" data-element_type=\"container\" data-e-type=\"container\">\n\t\t\t\t\t<div class=\"e-con-inner\">\n\t\t\t\t<div class=\"elementor-element elementor-element-41c0ec5 elementor-widget elementor-widget-spacer\" data-id=\"41c0ec5\" data-element_type=\"widget\" data-e-type=\"widget\" data-widget_type=\"spacer.default\">\n\t\t\t\t\t\t\t<div class=\"elementor-spacer\">\n\t\t\t<div class=\"elementor-spacer-inner\"><\/div>\n\t\t<\/div>\n\t\t\t\t\t\t<\/div>\n\t\t\t\t<div class=\"elementor-element elementor-element-3a09d13 elementor-widget elementor-widget-heading\" data-id=\"3a09d13\" data-element_type=\"widget\" data-e-type=\"widget\" data-widget_type=\"heading.default\">\n\t\t\t\t\t<h2 class=\"elementor-heading-title elementor-size-default\">Meldung von Beschwerden<\/h2>\t\t\t\t<\/div>\n\t\t\t\t<div class=\"elementor-element elementor-element-30ac0635 elementor-widget elementor-widget-text-editor\" data-id=\"30ac0635\" data-element_type=\"widget\" data-e-type=\"widget\" data-widget_type=\"text-editor.default\">\n\t\t\t\t\t\t\t\t\t<section class=\"elementor-section elementor-inner-section elementor-element elementor-element-daaf19b elementor-section-boxed elementor-section-height-default elementor-section-height-default\" data-id=\"daaf19b\" data-element_type=\"section\"><div class=\"elementor-container elementor-column-gap-default\"><div class=\"elementor-column elementor-col-50 elementor-inner-column elementor-element elementor-element-e946483\" data-id=\"e946483\" data-element_type=\"column\"><div class=\"elementor-widget-wrap elementor-element-populated\"><div class=\"elementor-element elementor-element-f643765 elementor-widget elementor-widget-text-editor\" data-id=\"f643765\" data-element_type=\"widget\" data-widget_type=\"text-editor.default\"><div class=\"elementor-widget-container\"><p>Es kann immer passieren, dass etwas nicht ganz so l\u00e4uft wie geplant. Wir ermutigen Sie, Beschwerden zuerst an uns zu richten, indem Sie eine E-Mail an<strong><a href=\"mailto:support@wateryou.eu\"> support@wateryou.eu<\/a><\/strong>. Wenn dies nicht zu einer L\u00f6sung f\u00fchrt, k\u00f6nnen Sie Ihren Streitfall zur Schlichtung \u00fcber <strong>WebwinkelKeur<\/strong> unter <strong><a href=\"https:\/\/www.webwinkelkeur.nl\/kennisbank\/consumenten\/geschil\">https:\/\/www.webwinkelkeur.nl\/kennisbank\/consumenten\/geschil<\/a><\/strong> anmelden.<br>Verbraucher in der EU k\u00f6nnen Beschwerden auch \u00fcber die ODR-Plattform der Europ\u00e4ischen Kommission einreichen. Diese ODR-Plattform ist zu finden unter <strong><a href=\"http:\/\/ec.europa.eu\/odr\">http:\/\/ec.europa.eu\/odr.<\/a><\/strong>. Wenn Ihre Beschwerde nicht bereits anderweitig bearbeitet wird, steht es Ihnen frei, Ihre Beschwerde \u00fcber die Plattform der Europ\u00e4ischen Union einzureichen.<\/p><p>Wenn Sie mehr wissen m\u00f6chten, lesen Sie bitte<strong> <a href=\"https:\/\/wateryou.eu\/de\/allgemeine-bedingungen-und-konditionen\/\" target=\"_blank\" rel=\"noopener\">die Allgemeinen Gesch\u00e4ftsbedingungen<\/a> <\/strong> hier<strong>. <\/strong> <\/p><\/div><\/div><\/div><\/div><\/div><\/section>\t\t\t\t\t\t\t\t<\/div>\n\t\t\t\t<div class=\"elementor-element elementor-element-33a12ff elementor-widget elementor-widget-spacer\" data-id=\"33a12ff\" data-element_type=\"widget\" data-e-type=\"widget\" data-widget_type=\"spacer.default\">\n\t\t\t\t\t\t\t<div class=\"elementor-spacer\">\n\t\t\t<div class=\"elementor-spacer-inner\"><\/div>\n\t\t<\/div>\n\t\t\t\t\t\t<\/div>\n\t\t\t\t\t<\/div>\n\t\t\t\t<\/div>\n\t\t\t\t<\/div>\n\t\t","protected":false},"excerpt":{"rendered":"<p>Meldung von Beschwerden Es kann immer passieren, dass etwas nicht ganz so l\u00e4uft wie geplant. Wir ermutigen Sie, Beschwerden zuerst an uns zu richten, indem Sie eine E-Mail an support@wateryou.eu. Wenn dies nicht zu einer L\u00f6sung f\u00fchrt, k\u00f6nnen Sie Ihren Streitfall zur Schlichtung \u00fcber WebwinkelKeur unter https:\/\/www.webwinkelkeur.nl\/kennisbank\/consumenten\/geschil anmelden.Verbraucher in der EU k\u00f6nnen Beschwerden auch \u00fcber [&hellip;]<\/p>\n","protected":false},"author":1,"featured_media":0,"parent":0,"menu_order":0,"comment_status":"closed","ping_status":"closed","template":"","meta":{"_acf_changed":false,"_seopress_robots_primary_cat":"","_seopress_titles_title":"","_seopress_titles_desc":"","_seopress_robots_index":"","footnotes":""},"class_list":["post-22354","page","type-page","status-publish","hentry","entry","wvn-thumbs-layout-vertical","wvn-btn-normal","wvn-tabs-layout-vertical","has-no-thumbnails"],"acf":[],"_links":{"self":[{"href":"https:\/\/wateryou.eu\/de\/wp-json\/wp\/v2\/pages\/22354","targetHints":{"allow":["GET"]}}],"collection":[{"href":"https:\/\/wateryou.eu\/de\/wp-json\/wp\/v2\/pages"}],"about":[{"href":"https:\/\/wateryou.eu\/de\/wp-json\/wp\/v2\/types\/page"}],"author":[{"embeddable":true,"href":"https:\/\/wateryou.eu\/de\/wp-json\/wp\/v2\/users\/1"}],"replies":[{"embeddable":true,"href":"https:\/\/wateryou.eu\/de\/wp-json\/wp\/v2\/comments?post=22354"}],"version-history":[{"count":5,"href":"https:\/\/wateryou.eu\/de\/wp-json\/wp\/v2\/pages\/22354\/revisions"}],"predecessor-version":[{"id":23343,"href":"https:\/\/wateryou.eu\/de\/wp-json\/wp\/v2\/pages\/22354\/revisions\/23343"}],"wp:attachment":[{"href":"https:\/\/wateryou.eu\/de\/wp-json\/wp\/v2\/media?parent=22354"}],"curies":[{"name":"wp","href":"https:\/\/api.w.org\/{rel}","templated":true}]}}