{"id":22353,"date":"2019-10-15T02:57:37","date_gmt":"2019-10-15T00:57:37","guid":{"rendered":"https:\/\/wateryou.eu\/faq\/"},"modified":"2025-05-26T09:32:25","modified_gmt":"2025-05-26T07:32:25","slug":"faq","status":"publish","type":"page","link":"https:\/\/wateryou.eu\/de\/faq\/","title":{"rendered":"FAQ"},"content":{"rendered":"\t\t<div data-elementor-type=\"wp-page\" data-elementor-id=\"22353\" class=\"elementor elementor-22353 elementor-9126\" data-elementor-post-type=\"page\">\n\t\t\t\t\t\t<section class=\"elementor-section elementor-top-section elementor-element elementor-element-3d17832 elementor-section-boxed elementor-section-height-default elementor-section-height-default\" data-id=\"3d17832\" data-element_type=\"section\" data-e-type=\"section\">\n\t\t\t\t\t\t<div class=\"elementor-container elementor-column-gap-no\">\n\t\t\t\t\t<div class=\"elementor-column elementor-col-100 elementor-top-column elementor-element elementor-element-bf43316\" data-id=\"bf43316\" data-element_type=\"column\" data-e-type=\"column\">\n\t\t\t<div class=\"elementor-widget-wrap elementor-element-populated\">\n\t\t\t\t\t\t<div class=\"elementor-element elementor-element-cf25a08 elementor-widget elementor-widget-heading\" data-id=\"cf25a08\" data-element_type=\"widget\" data-e-type=\"widget\" data-widget_type=\"heading.default\">\n\t\t\t\t\t<h4 class=\"elementor-heading-title elementor-size-default\">H\u00e4ufig gestellte Fragen<\/h4>\t\t\t\t<\/div>\n\t\t\t\t<div class=\"elementor-element elementor-element-38a9256 elementor-widget elementor-widget-text-editor\" data-id=\"38a9256\" data-element_type=\"widget\" data-e-type=\"widget\" data-widget_type=\"text-editor.default\">\n\t\t\t\t\t\t\t\t\t<div class=\"flex flex-grow flex-col gap-3\"><div class=\"min-h-[20px] flex flex-col items-start gap-4 whitespace-pre-wrap break-words\"><div class=\"markdown prose w-full break-words dark:prose-invert light\"><p>Nachstehend finden Sie die am h\u00e4ufigsten gestellten Fragen unserer Kunden, geordnet nach Kategorien. Wenn Ihre Frage nicht aufgef\u00fchrt ist, k\u00f6nnen Sie weitere Informationen finden, indem Sie die Suchleiste verwenden oder uns \u00fcber unsere Kontaktseite kontaktieren.<\/p><\/div><\/div><\/div>\t\t\t\t\t\t\t\t<\/div>\n\t\t\t\t\t<\/div>\n\t\t<\/div>\n\t\t\t\t\t<\/div>\n\t\t<\/section>\n\t\t<div class=\"elementor-element elementor-element-9de5750 e-flex e-con-boxed e-con e-parent\" data-id=\"9de5750\" data-element_type=\"container\" data-e-type=\"container\">\n\t\t\t\t\t<div class=\"e-con-inner\">\n\t\t\t\t\t<\/div>\n\t\t\t\t<\/div>\n\t\t\t\t<section class=\"elementor-section elementor-top-section elementor-element elementor-element-88a5120 frequently-questions elementor-hidden-desktop elementor-hidden-tablet elementor-hidden-mobile elementor-section-boxed elementor-section-height-default elementor-section-height-default\" data-id=\"88a5120\" data-element_type=\"section\" data-e-type=\"section\">\n\t\t\t\t\t\t<div class=\"elementor-container elementor-column-gap-no\">\n\t\t\t\t\t<div class=\"elementor-column elementor-col-50 elementor-top-column elementor-element elementor-element-a87fcf1\" data-id=\"a87fcf1\" data-element_type=\"column\" data-e-type=\"column\">\n\t\t\t<div class=\"elementor-widget-wrap elementor-element-populated\">\n\t\t\t\t\t\t<div class=\"elementor-element elementor-element-24e79e2 elementor-widget elementor-widget-heading\" data-id=\"24e79e2\" data-element_type=\"widget\" data-e-type=\"widget\" data-widget_type=\"heading.default\">\n\t\t\t\t\t<h2 class=\"elementor-heading-title elementor-size-default\">Teich<\/h2>\t\t\t\t<\/div>\n\t\t\t\t\t<\/div>\n\t\t<\/div>\n\t\t\t\t<div class=\"elementor-column elementor-col-50 elementor-top-column elementor-element elementor-element-ce8117f\" data-id=\"ce8117f\" data-element_type=\"column\" data-e-type=\"column\">\n\t\t\t<div class=\"elementor-widget-wrap elementor-element-populated\">\n\t\t\t\t\t\t<div class=\"elementor-element elementor-element-530e368 elementor-widget elementor-widget-heading\" data-id=\"530e368\" data-element_type=\"widget\" data-e-type=\"widget\" data-widget_type=\"heading.default\">\n\t\t\t\t\t<h2 class=\"elementor-heading-title elementor-size-default\">Produkte<\/h2>\t\t\t\t<\/div>\n\t\t\t\t\t<\/div>\n\t\t<\/div>\n\t\t\t\t\t<\/div>\n\t\t<\/section>\n\t\t\t\t<\/div>\n\t\t","protected":false},"excerpt":{"rendered":"<p>H\u00e4ufig gestellte Fragen Nachstehend finden Sie die am h\u00e4ufigsten gestellten Fragen unserer Kunden, geordnet nach Kategorien. Wenn Ihre Frage nicht aufgef\u00fchrt ist, k\u00f6nnen Sie weitere Informationen finden, indem Sie die Suchleiste verwenden oder uns \u00fcber unsere Kontaktseite kontaktieren. Teich Produkte<\/p>\n","protected":false},"author":1,"featured_media":0,"parent":0,"menu_order":60,"comment_status":"closed","ping_status":"closed","template":"elementor_header_footer","meta":{"_acf_changed":false,"_seopress_robots_primary_cat":"","_seopress_titles_title":"H\u00e4ufig gestellte Fragen %%sep%% %%sitetitle%%","_seopress_titles_desc":"Nachstehend finden Sie die am h\u00e4ufigsten gestellten Fragen unserer Kunden, geordnet nach Kategorien. Wenn Ihre Frage nicht aufgef\u00fchrt ist, k\u00f6nnen Sie weitere Informationen finden, indem Sie die Suchleiste verwenden oder uns \u00fcber unsere Kontaktseite kontaktieren.","_seopress_robots_index":"","footnotes":""},"class_list":["post-22353","page","type-page","status-publish","hentry","entry","wvn-thumbs-layout-vertical","wvn-btn-normal","wvn-tabs-layout-vertical","has-no-thumbnails"],"acf":[],"_links":{"self":[{"href":"https:\/\/wateryou.eu\/de\/wp-json\/wp\/v2\/pages\/22353","targetHints":{"allow":["GET"]}}],"collection":[{"href":"https:\/\/wateryou.eu\/de\/wp-json\/wp\/v2\/pages"}],"about":[{"href":"https:\/\/wateryou.eu\/de\/wp-json\/wp\/v2\/types\/page"}],"author":[{"embeddable":true,"href":"https:\/\/wateryou.eu\/de\/wp-json\/wp\/v2\/users\/1"}],"replies":[{"embeddable":true,"href":"https:\/\/wateryou.eu\/de\/wp-json\/wp\/v2\/comments?post=22353"}],"version-history":[{"count":1,"href":"https:\/\/wateryou.eu\/de\/wp-json\/wp\/v2\/pages\/22353\/revisions"}],"predecessor-version":[{"id":22357,"href":"https:\/\/wateryou.eu\/de\/wp-json\/wp\/v2\/pages\/22353\/revisions\/22357"}],"wp:attachment":[{"href":"https:\/\/wateryou.eu\/de\/wp-json\/wp\/v2\/media?parent=22353"}],"curies":[{"name":"wp","href":"https:\/\/api.w.org\/{rel}","templated":true}]}}